{"id":17201,"date":"2021-12-10T15:18:26","date_gmt":"2021-12-10T13:18:26","guid":{"rendered":"https:\/\/www.nautical.store\/toode\/elin-windproof\/"},"modified":"2025-08-25T10:31:58","modified_gmt":"2025-08-25T07:31:58","slug":"elin-tuulenpitava","status":"publish","type":"product","link":"https:\/\/nautical.store\/fi\/tuote\/elin-tuulenpitava\/","title":{"rendered":"Elin WP -neulepusero"},"content":{"rendered":"<p><!--StartFragment --><\/p>\n<p>Tuulenpit\u00e4v\u00e4ll\u00e4 vuorilla varustettu neulottu puuvillaneule. Kiristysnauha helmassa ja sivutaskut piilotetulla vetoketjulla.<br \/>\nKorkea kaulus.<\/p>\n<ul>\n<li>Normaali mitoitus<\/li>\n<li>Tuulenpit\u00e4v\u00e4<\/li>\n<li>Kiristysnauha helmassa<\/li>\n<li>Valmistettu Euroopassa<\/li>\n<li>100 % puuvillaa<\/li>\n<\/ul>\n<p><!--EndFragment --> <!--EndFragment --><\/p>\n","protected":false},"excerpt":{"rendered":"<p>Neulottu puuvillaneule tuulenpit\u00e4v\u00e4ll\u00e4 vuorilla<\/p>\n","protected":false},"featured_media":7872,"template":"","meta":{"_acf_changed":false},"pwb-brand":[836],"product_brand":[],"product_cat":[877,1263,710],"product_tag":[],"woo-feed-brand":[],"class_list":{"0":"post-17201","1":"product","2":"type-product","3":"status-publish","4":"has-post-thumbnail","6":"pwb-brand-holebrook-fi","7":"product_cat-edullinen-hinta-naiset","8":"product_cat-naisten-tuulenkestava-takki","9":"product_cat-tuulenpitavat-naiset","11":"first","12":"instock","13":"sale","14":"taxable","15":"shipping-taxable","16":"purchasable","17":"product-type-variable","18":"wvs-archive-product-wrapper"},"acf":[],"brands":[{"id":836,"name":"Holebrook","slug":"holebrook-fi"}],"_links":{"self":[{"href":"https:\/\/nautical.store\/fi\/wp-json\/wp\/v2\/product\/17201","targetHints":{"allow":["GET"]}}],"collection":[{"href":"https:\/\/nautical.store\/fi\/wp-json\/wp\/v2\/product"}],"about":[{"href":"https:\/\/nautical.store\/fi\/wp-json\/wp\/v2\/types\/product"}],"wp:featuredmedia":[{"embeddable":true,"href":"https:\/\/nautical.store\/fi\/wp-json\/wp\/v2\/media\/7872"}],"wp:attachment":[{"href":"https:\/\/nautical.store\/fi\/wp-json\/wp\/v2\/media?parent=17201"}],"wp:term":[{"taxonomy":"pwb-brand","embeddable":true,"href":"https:\/\/nautical.store\/fi\/wp-json\/wp\/v2\/pwb-brand?post=17201"},{"taxonomy":"product_brand","embeddable":true,"href":"https:\/\/nautical.store\/fi\/wp-json\/wp\/v2\/product_brand?post=17201"},{"taxonomy":"product_cat","embeddable":true,"href":"https:\/\/nautical.store\/fi\/wp-json\/wp\/v2\/product_cat?post=17201"},{"taxonomy":"product_tag","embeddable":true,"href":"https:\/\/nautical.store\/fi\/wp-json\/wp\/v2\/product_tag?post=17201"},{"taxonomy":"woo-feed-brand","embeddable":true,"href":"https:\/\/nautical.store\/fi\/wp-json\/wp\/v2\/woo-feed-brand?post=17201"}],"curies":[{"name":"wp","href":"https:\/\/api.w.org\/{rel}","templated":true}]}}