{"id":17227,"date":"2022-01-02T11:18:00","date_gmt":"2022-01-02T09:18:00","guid":{"rendered":"https:\/\/www.nautical.store\/toode\/lyhyet-1200-housut\/"},"modified":"2023-12-23T13:59:08","modified_gmt":"2023-12-23T11:59:08","slug":"lyhyet-1200-housut","status":"publish","type":"product","link":"https:\/\/nautical.store\/fi\/tuote\/lyhyet-1200-housut\/","title":{"rendered":"1200 Lyhyet Housut"},"content":{"rendered":"<p>Lyhyet 1200-housut ovat tekniset housut, jotka on valmistettu nelj\u00e4\u00e4n suuntaan joustavasta ja nopeasti kuivuvasta kankaasta.<\/p>\n<ul>\n<li>Housuissa on eritt\u00e4in kest\u00e4v\u00e4t ja joustavat vahvikkeet<\/li>\n<li>Kangas on vett\u00e4 hylkiv\u00e4 ja hengitt\u00e4v\u00e4<\/li>\n<li>Kontrastiv\u00e4riset vahvikkeet on valmistettu XYRPLEX\u2122-sta Se on kulumista kest\u00e4v\u00e4 nelj\u00e4\u00e4n suuntaan joustava ja kevyt, mik\u00e4 takaa erinomaisen liikkuvuuden<\/li>\n<li>Pelle P -vy\u00f6 sis\u00e4ltyy hintaan<\/li>\n<\/ul>\n","protected":false},"excerpt":{"rendered":"<p>Lyhyet 1200-housut ovat tekniset housut, jotka on valmistettu nelj\u00e4\u00e4n suuntaan joustavasta ja nopeasti kuivuvasta kankaasta. Housuissa on eritt\u00e4in kest\u00e4v\u00e4t ja joustavat vahvikkeet Kangas on vett\u00e4 hylkiv\u00e4 ja hengitt\u00e4v\u00e4 Kontrastiv\u00e4riset vahvikkeet on valmistettu XYRPLEX\u2122-sta Se on kulumista kest\u00e4v\u00e4 nelj\u00e4\u00e4n suuntaan joustava ja kevyt, mik\u00e4 takaa erinomaisen liikkuvuuden Pelle P -vy\u00f6 sis\u00e4ltyy hintaan<\/p>\n","protected":false},"featured_media":13630,"template":"","meta":{"_acf_changed":false},"pwb-brand":[838],"product_brand":[],"product_cat":[876,610,2183,682],"product_tag":[],"woo-feed-brand":[],"class_list":{"0":"post-17227","1":"product","2":"type-product","3":"status-publish","4":"has-post-thumbnail","6":"pwb-brand-pelle-petterson-fi","7":"product_cat-edullinen-hinta-miehet-fi","8":"product_cat-housut","9":"product_cat-outlet-fi","10":"product_cat-tekniset-vaatteet","12":"first","13":"instock","14":"sale","15":"taxable","16":"shipping-taxable","17":"purchasable","18":"product-type-variable","19":"wvs-archive-product-wrapper"},"acf":[],"brands":[{"id":838,"name":"Pelle Petterson","slug":"pelle-petterson-fi"}],"_links":{"self":[{"href":"https:\/\/nautical.store\/fi\/wp-json\/wp\/v2\/product\/17227","targetHints":{"allow":["GET"]}}],"collection":[{"href":"https:\/\/nautical.store\/fi\/wp-json\/wp\/v2\/product"}],"about":[{"href":"https:\/\/nautical.store\/fi\/wp-json\/wp\/v2\/types\/product"}],"wp:featuredmedia":[{"embeddable":true,"href":"https:\/\/nautical.store\/fi\/wp-json\/wp\/v2\/media\/13630"}],"wp:attachment":[{"href":"https:\/\/nautical.store\/fi\/wp-json\/wp\/v2\/media?parent=17227"}],"wp:term":[{"taxonomy":"pwb-brand","embeddable":true,"href":"https:\/\/nautical.store\/fi\/wp-json\/wp\/v2\/pwb-brand?post=17227"},{"taxonomy":"product_brand","embeddable":true,"href":"https:\/\/nautical.store\/fi\/wp-json\/wp\/v2\/product_brand?post=17227"},{"taxonomy":"product_cat","embeddable":true,"href":"https:\/\/nautical.store\/fi\/wp-json\/wp\/v2\/product_cat?post=17227"},{"taxonomy":"product_tag","embeddable":true,"href":"https:\/\/nautical.store\/fi\/wp-json\/wp\/v2\/product_tag?post=17227"},{"taxonomy":"woo-feed-brand","embeddable":true,"href":"https:\/\/nautical.store\/fi\/wp-json\/wp\/v2\/woo-feed-brand?post=17227"}],"curies":[{"name":"wp","href":"https:\/\/api.w.org\/{rel}","templated":true}]}}