{"id":17308,"date":"2021-12-10T13:18:34","date_gmt":"2021-12-10T11:18:34","guid":{"rendered":"https:\/\/www.nautical.store\/toode\/commodus-takki\/"},"modified":"2025-11-05T12:22:01","modified_gmt":"2025-11-05T10:22:01","slug":"commodus-takki","status":"publish","type":"product","link":"https:\/\/nautical.store\/fi\/tuote\/commodus-takki\/","title":{"rendered":"PelleP Commodus-takki"},"content":{"rendered":"<p><!--StartFragment --><\/p>\n<p>Commodus-takki on valmistettu joustavasta 100 % polyesterist\u00e4.<\/p>\n<p>Vesipilariarvo: 10 000 mm<br \/>\nKaksi vetoketjullista etutaskua ja sis\u00e4tasku, joka suljetaan tarralla<br \/>\nS\u00e4\u00e4dett\u00e4v\u00e4 huppu ny\u00f6reill\u00e4<br \/>\nKoko M: sel\u00e4n pituus 75 cm<\/p>\n<p>&nbsp;<\/p>\n<p>&nbsp;<\/p>\n<p><!--EndFragment --><\/p>\n","protected":false},"excerpt":{"rendered":"<p>Tuulen- ja vedenpit\u00e4v\u00e4 l\u00e4mmin miesten takki<\/p>\n","protected":false},"featured_media":52107,"template":"","meta":{"_acf_changed":false},"pwb-brand":[838],"product_brand":[],"product_cat":[876,777,2183,702],"product_tag":[],"woo-feed-brand":[],"class_list":{"0":"post-17308","1":"product","2":"type-product","3":"status-publish","4":"has-post-thumbnail","6":"pwb-brand-pelle-petterson-fi","7":"product_cat-edullinen-hinta-miehet-fi","8":"product_cat-miehet","9":"product_cat-outlet-fi","10":"product_cat-paallysvaatteet-miehet","12":"first","13":"instock","14":"sale","15":"taxable","16":"shipping-taxable","17":"purchasable","18":"product-type-variable","19":"wvs-archive-product-wrapper"},"acf":[],"brands":[{"id":838,"name":"Pelle Petterson","slug":"pelle-petterson-fi"}],"_links":{"self":[{"href":"https:\/\/nautical.store\/fi\/wp-json\/wp\/v2\/product\/17308","targetHints":{"allow":["GET"]}}],"collection":[{"href":"https:\/\/nautical.store\/fi\/wp-json\/wp\/v2\/product"}],"about":[{"href":"https:\/\/nautical.store\/fi\/wp-json\/wp\/v2\/types\/product"}],"wp:featuredmedia":[{"embeddable":true,"href":"https:\/\/nautical.store\/fi\/wp-json\/wp\/v2\/media\/52107"}],"wp:attachment":[{"href":"https:\/\/nautical.store\/fi\/wp-json\/wp\/v2\/media?parent=17308"}],"wp:term":[{"taxonomy":"pwb-brand","embeddable":true,"href":"https:\/\/nautical.store\/fi\/wp-json\/wp\/v2\/pwb-brand?post=17308"},{"taxonomy":"product_brand","embeddable":true,"href":"https:\/\/nautical.store\/fi\/wp-json\/wp\/v2\/product_brand?post=17308"},{"taxonomy":"product_cat","embeddable":true,"href":"https:\/\/nautical.store\/fi\/wp-json\/wp\/v2\/product_cat?post=17308"},{"taxonomy":"product_tag","embeddable":true,"href":"https:\/\/nautical.store\/fi\/wp-json\/wp\/v2\/product_tag?post=17308"},{"taxonomy":"woo-feed-brand","embeddable":true,"href":"https:\/\/nautical.store\/fi\/wp-json\/wp\/v2\/woo-feed-brand?post=17308"}],"curies":[{"name":"wp","href":"https:\/\/api.w.org\/{rel}","templated":true}]}}