{"id":17315,"date":"2021-12-10T12:37:07","date_gmt":"2021-12-10T10:37:07","guid":{"rendered":"https:\/\/www.nautical.store\/toode\/classic-windproof\/"},"modified":"2025-12-03T14:17:00","modified_gmt":"2025-12-03T12:17:00","slug":"classic-tuulenpitava","status":"publish","type":"product","link":"https:\/\/nautical.store\/fi\/tuote\/classic-tuulenpitava\/","title":{"rendered":"Miesten tuulepit\u00e4v\u00e4 puuvillaneule Classic"},"content":{"rendered":"<p><!--StartFragment --><\/p>\n<p>Yksi suosituimmista malleistamme. Tuulenpit\u00e4v\u00e4ll\u00e4 vuorilla varustettu neule, 100% puuvillaa. Strukturoitu neulos ja kangasdetaljit kauluksessa. Lyhyt vetoketju ja normaaliin asti v\u00e4lj\u00e4 istuvuus. Joustinneulos helmassa ja hihansuissa.<\/p>\n<p>Neuleessa on tuulenpit\u00e4v\u00e4 elastinen vuori, joka koostuu 96% polyesterist\u00e4 ja 4% elastaanista. Tuulenpit\u00e4vyys saavutetaan ilman kemikaaleja \u2013 vuori valmistetaan erityisell\u00e4 kudontatekniikalla, joka tekee kankaasta eritt\u00e4in tiiviin ja siten tuulenpit\u00e4v\u00e4n, samalla hengitt\u00e4v\u00e4n. Elastaanin ansiosta kangas on joustava, mik\u00e4 tarkoittaa, ett\u00e4 se pys\u00e4ytt\u00e4\u00e4 tuulen mutta ei liikkumista.<\/p>\n<p>Vuori on sertifioitu \u00d6KO\u2011tex\u00ae Standard 100 \u2011merkinn\u00e4ll\u00e4, joka takaa, ett\u00e4 kangas on haitta\u2011aineeton. Neule on kest\u00e4v\u00e4sti tuotettu Euroopassa.<\/p>\n<p>Materiaali:<\/p>\n<ul>\n<li>Neulottu kangas: 100% puuvilla (orgaaninen OCS)<\/li>\n<li>Tuulenpit\u00e4v\u00e4 vuori: 96% polyesteri, 4% elastaani<\/li>\n<li>Kudottu kangas (tai kangasdetaljit): 65% polyesteri, 35% puuvilla<\/li>\n<\/ul>\n<p><!--EndFragment --><\/p>\n<p>&nbsp;<\/p>\n","protected":false},"excerpt":{"rendered":"<p>Miesten tuulenpit\u00e4v\u00e4 puuvillaneule vuorilla<\/p>\n","protected":false},"featured_media":7800,"template":"","meta":{"_acf_changed":false},"pwb-brand":[836],"product_brand":[],"product_cat":[1267,706],"product_tag":[],"woo-feed-brand":[],"class_list":{"0":"post-17315","1":"product","2":"type-product","3":"status-publish","4":"has-post-thumbnail","6":"pwb-brand-holebrook-fi","7":"product_cat-tuulenkestava-miestentakki","8":"product_cat-tuulenpitavat-miehet","10":"first","11":"instock","12":"sale","13":"taxable","14":"shipping-taxable","15":"purchasable","16":"product-type-variable","17":"wvs-archive-product-wrapper"},"acf":[],"brands":[{"id":836,"name":"Holebrook","slug":"holebrook-fi"}],"_links":{"self":[{"href":"https:\/\/nautical.store\/fi\/wp-json\/wp\/v2\/product\/17315","targetHints":{"allow":["GET"]}}],"collection":[{"href":"https:\/\/nautical.store\/fi\/wp-json\/wp\/v2\/product"}],"about":[{"href":"https:\/\/nautical.store\/fi\/wp-json\/wp\/v2\/types\/product"}],"wp:featuredmedia":[{"embeddable":true,"href":"https:\/\/nautical.store\/fi\/wp-json\/wp\/v2\/media\/7800"}],"wp:attachment":[{"href":"https:\/\/nautical.store\/fi\/wp-json\/wp\/v2\/media?parent=17315"}],"wp:term":[{"taxonomy":"pwb-brand","embeddable":true,"href":"https:\/\/nautical.store\/fi\/wp-json\/wp\/v2\/pwb-brand?post=17315"},{"taxonomy":"product_brand","embeddable":true,"href":"https:\/\/nautical.store\/fi\/wp-json\/wp\/v2\/product_brand?post=17315"},{"taxonomy":"product_cat","embeddable":true,"href":"https:\/\/nautical.store\/fi\/wp-json\/wp\/v2\/product_cat?post=17315"},{"taxonomy":"product_tag","embeddable":true,"href":"https:\/\/nautical.store\/fi\/wp-json\/wp\/v2\/product_tag?post=17315"},{"taxonomy":"woo-feed-brand","embeddable":true,"href":"https:\/\/nautical.store\/fi\/wp-json\/wp\/v2\/woo-feed-brand?post=17315"}],"curies":[{"name":"wp","href":"https:\/\/api.w.org\/{rel}","templated":true}]}}