{"id":17346,"date":"2021-12-10T11:34:25","date_gmt":"2021-12-10T09:34:25","guid":{"rendered":"https:\/\/www.nautical.store\/toode\/claire-windproof\/"},"modified":"2026-02-08T23:13:48","modified_gmt":"2026-02-08T21:13:48","slug":"claire-tuulenpitava","status":"publish","type":"product","link":"https:\/\/nautical.store\/fi\/tuote\/claire-tuulenpitava\/","title":{"rendered":"Claire Windproof &#8211; tuulenpit\u00e4v\u00e4 neule"},"content":{"rendered":"<p><!--StartFragment --><\/p>\n<p>Claire-neule on valmistettu villasekoitteesta, ja siin\u00e4 on vahva kaksisuuntainen metallivetoketju sek\u00e4 vetoketjulliset sivutaskut. Korkean kauluksen sis\u00e4pinta on neulottu pehme\u00e4st\u00e4 puuvillalangasta, mik\u00e4 lis\u00e4\u00e4 k\u00e4ytt\u00f6mukavuutta. Malli on klassinen ja vartaloa my\u00f6t\u00e4ilev\u00e4.<\/p>\n<p>Neuleen sis\u00e4vuori on tuulenpit\u00e4v\u00e4 ja joustava, koostuen 96 % polyesterist\u00e4 ja 4 % elastaanista. Tuulenpit\u00e4vyys saavutetaan ilman kemikaaleja \u2013 sen sijaan k\u00e4ytet\u00e4\u00e4n erityist\u00e4 kudontatekniikkaa, joka tekee kankaasta eritt\u00e4in tiiviin. T\u00e4m\u00e4 suojaa tuulelta, mutta s\u00e4ilytt\u00e4\u00e4 hengitt\u00e4vyyden. Elastaanin ansiosta kangas joustaa ja mahdollistaa vapaan liikkumisen. Vuori t\u00e4ytt\u00e4\u00e4 \u00d6KO-tex\u00ae Standard 100 -vaatimukset, mik\u00e4 takaa, ettei kankaassa ole haitallisia aineita. Neule on valmistettu Euroopassa kest\u00e4v\u00e4n kehityksen periaatteita noudattaen.<\/p>\n<ul>\n<li>Neulottu kangas: 20 % polyamidia<\/li>\n<li>Tuulenpit\u00e4v\u00e4 vuori: 96 % polyesteri\u00e4, 4 % elastaania<\/li>\n<li>Kauluksen sis\u00e4pinta: 65 % polyesteri\u00e4, 35 % puuvillaa<\/li>\n<li>Tuulenpit\u00e4v\u00e4<\/li>\n<li>Normaali istuvuus<\/li>\n<li>Kaksisuuntainen vetoketju ja sivutaskut<\/li>\n<li>Resorikaulus, jonka sis\u00e4pinta on puuvillaa<\/li>\n<li>Valmistettu Euroopassa<\/li>\n<\/ul>\n<p><!--EndFragment --><\/p>\n","protected":false},"excerpt":{"rendered":"<p>Neulottu tuulenpit\u00e4v\u00e4 villasekoiteneule<\/p>\n","protected":false},"featured_media":91664,"template":"","meta":{"_acf_changed":false},"pwb-brand":[836],"product_brand":[],"product_cat":[827,1263,1187,710],"product_tag":[],"woo-feed-brand":[],"class_list":{"0":"post-17346","1":"product","2":"type-product","3":"status-publish","4":"has-post-thumbnail","6":"pwb-brand-holebrook-fi","7":"product_cat-naiset","8":"product_cat-naisten-tuulenkestava-takki","9":"product_cat-tuulenpitavat-fi","10":"product_cat-tuulenpitavat-naiset","12":"first","13":"instock","14":"taxable","15":"shipping-taxable","16":"purchasable","17":"product-type-variable","18":"wvs-archive-product-wrapper"},"acf":[],"brands":[{"id":836,"name":"Holebrook","slug":"holebrook-fi"}],"_links":{"self":[{"href":"https:\/\/nautical.store\/fi\/wp-json\/wp\/v2\/product\/17346","targetHints":{"allow":["GET"]}}],"collection":[{"href":"https:\/\/nautical.store\/fi\/wp-json\/wp\/v2\/product"}],"about":[{"href":"https:\/\/nautical.store\/fi\/wp-json\/wp\/v2\/types\/product"}],"wp:featuredmedia":[{"embeddable":true,"href":"https:\/\/nautical.store\/fi\/wp-json\/wp\/v2\/media\/91664"}],"wp:attachment":[{"href":"https:\/\/nautical.store\/fi\/wp-json\/wp\/v2\/media?parent=17346"}],"wp:term":[{"taxonomy":"pwb-brand","embeddable":true,"href":"https:\/\/nautical.store\/fi\/wp-json\/wp\/v2\/pwb-brand?post=17346"},{"taxonomy":"product_brand","embeddable":true,"href":"https:\/\/nautical.store\/fi\/wp-json\/wp\/v2\/product_brand?post=17346"},{"taxonomy":"product_cat","embeddable":true,"href":"https:\/\/nautical.store\/fi\/wp-json\/wp\/v2\/product_cat?post=17346"},{"taxonomy":"product_tag","embeddable":true,"href":"https:\/\/nautical.store\/fi\/wp-json\/wp\/v2\/product_tag?post=17346"},{"taxonomy":"woo-feed-brand","embeddable":true,"href":"https:\/\/nautical.store\/fi\/wp-json\/wp\/v2\/woo-feed-brand?post=17346"}],"curies":[{"name":"wp","href":"https:\/\/api.w.org\/{rel}","templated":true}]}}