{"id":17379,"date":"2021-12-10T10:17:09","date_gmt":"2021-12-10T08:17:09","guid":{"rendered":"https:\/\/www.nautical.store\/toode\/ashley-takki\/"},"modified":"2025-12-01T14:41:19","modified_gmt":"2025-12-01T12:41:19","slug":"ashley-takki","status":"publish","type":"product","link":"https:\/\/nautical.store\/fi\/tuote\/ashley-takki\/","title":{"rendered":"Ashley puuvillaneuletakki"},"content":{"rendered":"<p><!--StartFragment --><\/p>\n<p>Puuvillainen V\u2011p\u00e4\u00e4ntie neuletakki. Viimeistelem\u00e4tt\u00f6m\u00e4t reunat ja suora leikkaus. Takaa hieman pidempi malli. P\u00e4\u00e4lle ommellut taskut. Milano\u2011neulos antaa kest\u00e4v\u00e4n muodon.<\/p>\n<ul>\n<li>Milano\u2011tyylinen neulos<\/li>\n<li>Suora leikkaus<\/li>\n<li>P\u00e4\u00e4lle ommellut taskut<\/li>\n<li>Viimeistelem\u00e4tt\u00f6m\u00e4t reunat<\/li>\n<li>Valmistettu Euroopassa<\/li>\n<li>Materiaali: 100 % luomupuuvilla<\/li>\n<\/ul>\n<p><!--EndFragment --><\/p>\n","protected":false},"excerpt":{"rendered":"<p>Orgaanisesta puuvillasta kudottu neuletakki napeilla<\/p>\n","protected":false},"featured_media":7699,"template":"","meta":{"_acf_changed":false},"pwb-brand":[836],"product_brand":[],"product_cat":[877,827,601,2183],"product_tag":[],"woo-feed-brand":[],"class_list":{"0":"post-17379","1":"product","2":"type-product","3":"status-publish","4":"has-post-thumbnail","6":"pwb-brand-holebrook-fi","7":"product_cat-edullinen-hinta-naiset","8":"product_cat-naiset","9":"product_cat-neuleet","10":"product_cat-outlet-fi","12":"first","13":"instock","14":"sale","15":"taxable","16":"shipping-taxable","17":"purchasable","18":"product-type-variable","19":"wvs-archive-product-wrapper"},"acf":[],"brands":[{"id":836,"name":"Holebrook","slug":"holebrook-fi"}],"_links":{"self":[{"href":"https:\/\/nautical.store\/fi\/wp-json\/wp\/v2\/product\/17379","targetHints":{"allow":["GET"]}}],"collection":[{"href":"https:\/\/nautical.store\/fi\/wp-json\/wp\/v2\/product"}],"about":[{"href":"https:\/\/nautical.store\/fi\/wp-json\/wp\/v2\/types\/product"}],"wp:featuredmedia":[{"embeddable":true,"href":"https:\/\/nautical.store\/fi\/wp-json\/wp\/v2\/media\/7699"}],"wp:attachment":[{"href":"https:\/\/nautical.store\/fi\/wp-json\/wp\/v2\/media?parent=17379"}],"wp:term":[{"taxonomy":"pwb-brand","embeddable":true,"href":"https:\/\/nautical.store\/fi\/wp-json\/wp\/v2\/pwb-brand?post=17379"},{"taxonomy":"product_brand","embeddable":true,"href":"https:\/\/nautical.store\/fi\/wp-json\/wp\/v2\/product_brand?post=17379"},{"taxonomy":"product_cat","embeddable":true,"href":"https:\/\/nautical.store\/fi\/wp-json\/wp\/v2\/product_cat?post=17379"},{"taxonomy":"product_tag","embeddable":true,"href":"https:\/\/nautical.store\/fi\/wp-json\/wp\/v2\/product_tag?post=17379"},{"taxonomy":"woo-feed-brand","embeddable":true,"href":"https:\/\/nautical.store\/fi\/wp-json\/wp\/v2\/woo-feed-brand?post=17379"}],"curies":[{"name":"wp","href":"https:\/\/api.w.org\/{rel}","templated":true}]}}