{"id":17422,"date":"2021-12-09T15:41:05","date_gmt":"2021-12-09T13:41:05","guid":{"rendered":"https:\/\/www.nautical.store\/toode\/bohus-pipo\/"},"modified":"2025-11-24T11:00:42","modified_gmt":"2025-11-24T09:00:42","slug":"bohus-muts","status":"publish","type":"product","link":"https:\/\/nautical.store\/fi\/tuote\/bohus-muts\/","title":{"rendered":"Bohus Neulepipo"},"content":{"rendered":"<p>Klassinen ribbineulepipo k\u00e4\u00e4nnett\u00e4v\u00e4ll\u00e4 reunalla. Edess\u00e4 pieni logomerkki. Valmistettu 100 % puuvillasta.<\/p>\n<ul>\n<li>Klassinen malli<\/li>\n<li>Ribbineulos<\/li>\n<li>Logomerkki<\/li>\n<li>Valmistettu Euroopassa<\/li>\n<li>Unisex \u2013 sopii sek\u00e4 miehille ett\u00e4 naisille<\/li>\n<\/ul>\n","protected":false},"excerpt":{"rendered":"<p>Tiivisneuloksinen puuvillapipo<\/p>\n","protected":false},"featured_media":88169,"template":"","meta":{"_acf_changed":false},"pwb-brand":[836],"product_brand":[],"product_cat":[628,629,777,827],"product_tag":[],"woo-feed-brand":[],"class_list":{"0":"post-17422","1":"product","2":"type-product","3":"status-publish","4":"has-post-thumbnail","6":"pwb-brand-holebrook-fi","7":"product_cat-asusteet","8":"product_cat-asusteet-naiset","9":"product_cat-miehet","10":"product_cat-naiset","12":"first","13":"instock","14":"taxable","15":"shipping-taxable","16":"purchasable","17":"product-type-variable","18":"wvs-archive-product-wrapper"},"acf":[],"brands":[{"id":836,"name":"Holebrook","slug":"holebrook-fi"}],"_links":{"self":[{"href":"https:\/\/nautical.store\/fi\/wp-json\/wp\/v2\/product\/17422","targetHints":{"allow":["GET"]}}],"collection":[{"href":"https:\/\/nautical.store\/fi\/wp-json\/wp\/v2\/product"}],"about":[{"href":"https:\/\/nautical.store\/fi\/wp-json\/wp\/v2\/types\/product"}],"wp:featuredmedia":[{"embeddable":true,"href":"https:\/\/nautical.store\/fi\/wp-json\/wp\/v2\/media\/88169"}],"wp:attachment":[{"href":"https:\/\/nautical.store\/fi\/wp-json\/wp\/v2\/media?parent=17422"}],"wp:term":[{"taxonomy":"pwb-brand","embeddable":true,"href":"https:\/\/nautical.store\/fi\/wp-json\/wp\/v2\/pwb-brand?post=17422"},{"taxonomy":"product_brand","embeddable":true,"href":"https:\/\/nautical.store\/fi\/wp-json\/wp\/v2\/product_brand?post=17422"},{"taxonomy":"product_cat","embeddable":true,"href":"https:\/\/nautical.store\/fi\/wp-json\/wp\/v2\/product_cat?post=17422"},{"taxonomy":"product_tag","embeddable":true,"href":"https:\/\/nautical.store\/fi\/wp-json\/wp\/v2\/product_tag?post=17422"},{"taxonomy":"woo-feed-brand","embeddable":true,"href":"https:\/\/nautical.store\/fi\/wp-json\/wp\/v2\/woo-feed-brand?post=17422"}],"curies":[{"name":"wp","href":"https:\/\/api.w.org\/{rel}","templated":true}]}}