{"id":17458,"date":"2021-12-09T12:09:04","date_gmt":"2021-12-09T10:09:04","guid":{"rendered":"https:\/\/www.nautical.store\/toode\/almo-huivi\/"},"modified":"2025-11-24T12:22:11","modified_gmt":"2025-11-24T10:22:11","slug":"almo-sall","status":"publish","type":"product","link":"https:\/\/nautical.store\/fi\/tuote\/almo-sall\/","title":{"rendered":"Alm\u00f6 huivi"},"content":{"rendered":"<p>Pehme\u00e4 ja p\u00f6rr\u00f6inen alpakavillasta neulottu huivi<\/p>\n","protected":false},"excerpt":{"rendered":"<p>Neulottu alpakavillahuivi<\/p>\n","protected":false},"featured_media":7665,"template":"","meta":{"_acf_changed":false},"pwb-brand":[836],"product_brand":[],"product_cat":[629,628,877,876,827],"product_tag":[],"woo-feed-brand":[],"class_list":{"0":"post-17458","1":"product","2":"type-product","3":"status-publish","4":"has-post-thumbnail","6":"pwb-brand-holebrook-fi","7":"product_cat-asusteet-naiset","8":"product_cat-asusteet","9":"product_cat-edullinen-hinta-naiset","10":"product_cat-edullinen-hinta-miehet-fi","11":"product_cat-naiset","13":"first","14":"instock","15":"sale","16":"taxable","17":"shipping-taxable","18":"purchasable","19":"product-type-simple"},"acf":[],"brands":[{"id":836,"name":"Holebrook","slug":"holebrook-fi"}],"_links":{"self":[{"href":"https:\/\/nautical.store\/fi\/wp-json\/wp\/v2\/product\/17458","targetHints":{"allow":["GET"]}}],"collection":[{"href":"https:\/\/nautical.store\/fi\/wp-json\/wp\/v2\/product"}],"about":[{"href":"https:\/\/nautical.store\/fi\/wp-json\/wp\/v2\/types\/product"}],"wp:featuredmedia":[{"embeddable":true,"href":"https:\/\/nautical.store\/fi\/wp-json\/wp\/v2\/media\/7665"}],"wp:attachment":[{"href":"https:\/\/nautical.store\/fi\/wp-json\/wp\/v2\/media?parent=17458"}],"wp:term":[{"taxonomy":"pwb-brand","embeddable":true,"href":"https:\/\/nautical.store\/fi\/wp-json\/wp\/v2\/pwb-brand?post=17458"},{"taxonomy":"product_brand","embeddable":true,"href":"https:\/\/nautical.store\/fi\/wp-json\/wp\/v2\/product_brand?post=17458"},{"taxonomy":"product_cat","embeddable":true,"href":"https:\/\/nautical.store\/fi\/wp-json\/wp\/v2\/product_cat?post=17458"},{"taxonomy":"product_tag","embeddable":true,"href":"https:\/\/nautical.store\/fi\/wp-json\/wp\/v2\/product_tag?post=17458"},{"taxonomy":"woo-feed-brand","embeddable":true,"href":"https:\/\/nautical.store\/fi\/wp-json\/wp\/v2\/woo-feed-brand?post=17458"}],"curies":[{"name":"wp","href":"https:\/\/api.w.org\/{rel}","templated":true}]}}