{"id":17475,"date":"2021-12-08T14:52:10","date_gmt":"2021-12-08T12:52:10","guid":{"rendered":"https:\/\/www.nautical.store\/toode\/albin-polo-neulepusero\/"},"modified":"2026-02-10T10:23:07","modified_gmt":"2026-02-10T08:23:07","slug":"albin-polo-neulepusero","status":"publish","type":"product","link":"https:\/\/nautical.store\/fi\/tuote\/albin-polo-neulepusero\/","title":{"rendered":"Albin Polo neulepusero"},"content":{"rendered":"<p>Lyhythihainen, ohuesta neuloksesta valmistettu V\u2011p\u00e4\u00e4ntiell\u00e4 ja kauluksella varustettu poolotyylinen neulepusero.<\/p>\n","protected":false},"excerpt":{"rendered":"<p>Lyhythihainen, ohuesta neuloksesta valmistettu V\u2011p\u00e4\u00e4ntiell\u00e4 ja kauluksella varustettu poolotyylinen neulepusero.<\/p>\n","protected":false},"featured_media":26873,"template":"","meta":{"_acf_changed":false},"pwb-brand":[836],"product_brand":[],"product_cat":[876,619,2183,633],"product_tag":[],"woo-feed-brand":[],"class_list":{"0":"post-17475","1":"product","2":"type-product","3":"status-publish","4":"has-post-thumbnail","6":"pwb-brand-holebrook-fi","7":"product_cat-edullinen-hinta-miehet-fi","8":"product_cat-neuleet-miehet","9":"product_cat-outlet-fi","10":"product_cat-paidat-fi","12":"first","13":"instock","14":"sale","15":"taxable","16":"shipping-taxable","17":"purchasable","18":"product-type-variable","19":"wvs-archive-product-wrapper"},"acf":[],"brands":[{"id":836,"name":"Holebrook","slug":"holebrook-fi"}],"_links":{"self":[{"href":"https:\/\/nautical.store\/fi\/wp-json\/wp\/v2\/product\/17475","targetHints":{"allow":["GET"]}}],"collection":[{"href":"https:\/\/nautical.store\/fi\/wp-json\/wp\/v2\/product"}],"about":[{"href":"https:\/\/nautical.store\/fi\/wp-json\/wp\/v2\/types\/product"}],"wp:featuredmedia":[{"embeddable":true,"href":"https:\/\/nautical.store\/fi\/wp-json\/wp\/v2\/media\/26873"}],"wp:attachment":[{"href":"https:\/\/nautical.store\/fi\/wp-json\/wp\/v2\/media?parent=17475"}],"wp:term":[{"taxonomy":"pwb-brand","embeddable":true,"href":"https:\/\/nautical.store\/fi\/wp-json\/wp\/v2\/pwb-brand?post=17475"},{"taxonomy":"product_brand","embeddable":true,"href":"https:\/\/nautical.store\/fi\/wp-json\/wp\/v2\/product_brand?post=17475"},{"taxonomy":"product_cat","embeddable":true,"href":"https:\/\/nautical.store\/fi\/wp-json\/wp\/v2\/product_cat?post=17475"},{"taxonomy":"product_tag","embeddable":true,"href":"https:\/\/nautical.store\/fi\/wp-json\/wp\/v2\/product_tag?post=17475"},{"taxonomy":"woo-feed-brand","embeddable":true,"href":"https:\/\/nautical.store\/fi\/wp-json\/wp\/v2\/woo-feed-brand?post=17475"}],"curies":[{"name":"wp","href":"https:\/\/api.w.org\/{rel}","templated":true}]}}