{"id":17509,"date":"2021-12-07T14:38:18","date_gmt":"2021-12-07T12:38:18","guid":{"rendered":"https:\/\/www.nautical.store\/toode\/ake-neulepaita\/"},"modified":"2026-02-18T20:45:13","modified_gmt":"2026-02-18T18:45:13","slug":"ake-villaneule","status":"publish","type":"product","link":"https:\/\/nautical.store\/fi\/tuote\/ake-villaneule\/","title":{"rendered":"\u00c5ke Villaneule"},"content":{"rendered":"<p>Pehme\u00e4 alpakavillasta neulottu villapaita klassisella kuosilla. Pitk\u00e4t hihat peukaloaukoilla.<\/p>\n","protected":false},"excerpt":{"rendered":"<p>Pehme\u00e4 alpakavillasta neulottu villapaita klassisella kuosilla. Pitk\u00e4t hihat peukaloaukoilla.<\/p>\n","protected":false},"featured_media":7610,"template":"","meta":{"_acf_changed":false},"pwb-brand":[836],"product_brand":[],"product_cat":[876,777,619],"product_tag":[],"woo-feed-brand":[],"class_list":{"0":"post-17509","1":"product","2":"type-product","3":"status-publish","4":"has-post-thumbnail","6":"pwb-brand-holebrook-fi","7":"product_cat-edullinen-hinta-miehet-fi","8":"product_cat-miehet","9":"product_cat-neuleet-miehet","11":"first","12":"outofstock","13":"taxable","14":"shipping-taxable","15":"product-type-variable","16":"wvs-archive-product-wrapper"},"acf":[],"brands":[{"id":836,"name":"Holebrook","slug":"holebrook-fi"}],"_links":{"self":[{"href":"https:\/\/nautical.store\/fi\/wp-json\/wp\/v2\/product\/17509","targetHints":{"allow":["GET"]}}],"collection":[{"href":"https:\/\/nautical.store\/fi\/wp-json\/wp\/v2\/product"}],"about":[{"href":"https:\/\/nautical.store\/fi\/wp-json\/wp\/v2\/types\/product"}],"wp:featuredmedia":[{"embeddable":true,"href":"https:\/\/nautical.store\/fi\/wp-json\/wp\/v2\/media\/7610"}],"wp:attachment":[{"href":"https:\/\/nautical.store\/fi\/wp-json\/wp\/v2\/media?parent=17509"}],"wp:term":[{"taxonomy":"pwb-brand","embeddable":true,"href":"https:\/\/nautical.store\/fi\/wp-json\/wp\/v2\/pwb-brand?post=17509"},{"taxonomy":"product_brand","embeddable":true,"href":"https:\/\/nautical.store\/fi\/wp-json\/wp\/v2\/product_brand?post=17509"},{"taxonomy":"product_cat","embeddable":true,"href":"https:\/\/nautical.store\/fi\/wp-json\/wp\/v2\/product_cat?post=17509"},{"taxonomy":"product_tag","embeddable":true,"href":"https:\/\/nautical.store\/fi\/wp-json\/wp\/v2\/product_tag?post=17509"},{"taxonomy":"woo-feed-brand","embeddable":true,"href":"https:\/\/nautical.store\/fi\/wp-json\/wp\/v2\/woo-feed-brand?post=17509"}],"curies":[{"name":"wp","href":"https:\/\/api.w.org\/{rel}","templated":true}]}}