{"id":17519,"date":"2021-12-07T11:49:22","date_gmt":"2021-12-07T09:49:22","guid":{"rendered":"https:\/\/www.nautical.store\/toode\/agnes-windproof\/"},"modified":"2023-10-18T12:05:07","modified_gmt":"2023-10-18T09:05:07","slug":"agnes-tuulenpitava","status":"publish","type":"product","link":"https:\/\/nautical.store\/fi\/tuote\/agnes-tuulenpitava\/","title":{"rendered":"Agnes Tuulenpit\u00e4v\u00e4"},"content":{"rendered":"<p>Tuulenpit\u00e4v\u00e4, T-kauluksellinen neulepusero. Korkeassa kauluksessa kontrastiv\u00e4rinen kanttaus. Vasemmassa hihassa logo. Kaksinkertainen resori helmassa ja hihansuissa.<\/p>\n","protected":false},"excerpt":{"rendered":"<p>Tuulenpit\u00e4v\u00e4, T-kauluksellinen neulepusero. Korkeassa kauluksessa kontrastiv\u00e4rinen kanttaus. Vasemmassa hihassa logo. Kaksinkertainen resori helmassa ja hihansuissa.<\/p>\n","protected":false},"featured_media":7592,"template":"","meta":{"_acf_changed":false},"pwb-brand":[836],"product_brand":[],"product_cat":[877,827,1263,710],"product_tag":[],"woo-feed-brand":[],"class_list":{"0":"post-17519","1":"product","2":"type-product","3":"status-publish","4":"has-post-thumbnail","6":"pwb-brand-holebrook-fi","7":"product_cat-edullinen-hinta-naiset","8":"product_cat-naiset","9":"product_cat-naisten-tuulenkestava-takki","10":"product_cat-tuulenpitavat-naiset","12":"first","13":"instock","14":"sale","15":"taxable","16":"shipping-taxable","17":"purchasable","18":"product-type-variable","19":"wvs-archive-product-wrapper"},"acf":[],"brands":[{"id":836,"name":"Holebrook","slug":"holebrook-fi"}],"_links":{"self":[{"href":"https:\/\/nautical.store\/fi\/wp-json\/wp\/v2\/product\/17519","targetHints":{"allow":["GET"]}}],"collection":[{"href":"https:\/\/nautical.store\/fi\/wp-json\/wp\/v2\/product"}],"about":[{"href":"https:\/\/nautical.store\/fi\/wp-json\/wp\/v2\/types\/product"}],"wp:featuredmedia":[{"embeddable":true,"href":"https:\/\/nautical.store\/fi\/wp-json\/wp\/v2\/media\/7592"}],"wp:attachment":[{"href":"https:\/\/nautical.store\/fi\/wp-json\/wp\/v2\/media?parent=17519"}],"wp:term":[{"taxonomy":"pwb-brand","embeddable":true,"href":"https:\/\/nautical.store\/fi\/wp-json\/wp\/v2\/pwb-brand?post=17519"},{"taxonomy":"product_brand","embeddable":true,"href":"https:\/\/nautical.store\/fi\/wp-json\/wp\/v2\/product_brand?post=17519"},{"taxonomy":"product_cat","embeddable":true,"href":"https:\/\/nautical.store\/fi\/wp-json\/wp\/v2\/product_cat?post=17519"},{"taxonomy":"product_tag","embeddable":true,"href":"https:\/\/nautical.store\/fi\/wp-json\/wp\/v2\/product_tag?post=17519"},{"taxonomy":"woo-feed-brand","embeddable":true,"href":"https:\/\/nautical.store\/fi\/wp-json\/wp\/v2\/woo-feed-brand?post=17519"}],"curies":[{"name":"wp","href":"https:\/\/api.w.org\/{rel}","templated":true}]}}