{"id":17524,"date":"2022-01-01T11:13:03","date_gmt":"2022-01-01T09:13:03","guid":{"rendered":"https:\/\/www.nautical.store\/toode\/uimahousut\/"},"modified":"2025-12-03T22:21:03","modified_gmt":"2025-12-03T20:21:03","slug":"uimahousut","status":"publish","type":"product","link":"https:\/\/nautical.store\/fi\/tuote\/uimahousut\/","title":{"rendered":"PelleP Miesten uimashortsit"},"content":{"rendered":"<p><!--StartFragment --><\/p>\n<p>Miesten uimashortsit nopeasti kuivuvasta materiaalista.<\/p>\n<ul>\n<li>Materiaali: 100 % polyesteri<\/li>\n<li>Nopea kuivuva kangas, pehme\u00e4 (peached) pinta<\/li>\n<li>Joustava vy\u00f6t\u00e4r\u00f6, s\u00e4\u00e4dett\u00e4v\u00e4 kiristysny\u00f6ri<\/li>\n<li>Kaksi sivutaskua verkkovuorilla<\/li>\n<li>True Experience \u2011logopainatus sivuilla<\/li>\n<li>Kontrastiv\u00e4riset yksityiskohdat<\/li>\n<li>Verkkovuori<\/li>\n<\/ul>\n<p>&nbsp;<\/p>\n<p>&nbsp;<\/p>\n<p><!--EndFragment --><\/p>\n","protected":false},"excerpt":{"rendered":"<p>Miesten mukavat nopeasti kuivuvat uimashortsit taskuilla<\/p>\n","protected":false},"featured_media":9360,"template":"","meta":{"_acf_changed":false},"pwb-brand":[838],"product_brand":[],"product_cat":[628,610,777],"product_tag":[],"woo-feed-brand":[],"class_list":{"0":"post-17524","1":"product","2":"type-product","3":"status-publish","4":"has-post-thumbnail","6":"pwb-brand-pelle-petterson-fi","7":"product_cat-asusteet","8":"product_cat-housut","9":"product_cat-miehet","11":"first","12":"instock","13":"sale","14":"taxable","15":"shipping-taxable","16":"purchasable","17":"product-type-variable","18":"wvs-archive-product-wrapper"},"acf":[],"brands":[{"id":838,"name":"Pelle Petterson","slug":"pelle-petterson-fi"}],"_links":{"self":[{"href":"https:\/\/nautical.store\/fi\/wp-json\/wp\/v2\/product\/17524","targetHints":{"allow":["GET"]}}],"collection":[{"href":"https:\/\/nautical.store\/fi\/wp-json\/wp\/v2\/product"}],"about":[{"href":"https:\/\/nautical.store\/fi\/wp-json\/wp\/v2\/types\/product"}],"wp:featuredmedia":[{"embeddable":true,"href":"https:\/\/nautical.store\/fi\/wp-json\/wp\/v2\/media\/9360"}],"wp:attachment":[{"href":"https:\/\/nautical.store\/fi\/wp-json\/wp\/v2\/media?parent=17524"}],"wp:term":[{"taxonomy":"pwb-brand","embeddable":true,"href":"https:\/\/nautical.store\/fi\/wp-json\/wp\/v2\/pwb-brand?post=17524"},{"taxonomy":"product_brand","embeddable":true,"href":"https:\/\/nautical.store\/fi\/wp-json\/wp\/v2\/product_brand?post=17524"},{"taxonomy":"product_cat","embeddable":true,"href":"https:\/\/nautical.store\/fi\/wp-json\/wp\/v2\/product_cat?post=17524"},{"taxonomy":"product_tag","embeddable":true,"href":"https:\/\/nautical.store\/fi\/wp-json\/wp\/v2\/product_tag?post=17524"},{"taxonomy":"woo-feed-brand","embeddable":true,"href":"https:\/\/nautical.store\/fi\/wp-json\/wp\/v2\/woo-feed-brand?post=17524"}],"curies":[{"name":"wp","href":"https:\/\/api.w.org\/{rel}","templated":true}]}}