{"id":17531,"date":"2021-12-07T11:19:43","date_gmt":"2021-12-07T09:19:43","guid":{"rendered":"https:\/\/www.nautical.store\/toode\/1200-housut\/"},"modified":"2023-10-20T09:57:02","modified_gmt":"2023-10-20T06:57:02","slug":"1200-housut","status":"publish","type":"product","link":"https:\/\/nautical.store\/fi\/tuote\/1200-housut\/","title":{"rendered":"1200 housut"},"content":{"rendered":"<p>Lyhyet 1200-housut ovat tekniset housut, jotka on valmistettu nelj\u00e4\u00e4n suuntaan joustavasta ja nopeasti kuivuvasta kankaasta. Housuissa on eritt\u00e4in kest\u00e4v\u00e4t ja joustavat vahvikkeet. Kangas on vett\u00e4 hylkiv\u00e4 ja hengitt\u00e4v\u00e4. Kontrastiv\u00e4riset vahvikkeet on valmistettu XYRPLEX\u2122-sta. Se on kulumista kest\u00e4v\u00e4 nelj\u00e4\u00e4n suuntaan joustava ja kevyt, mik\u00e4 takaa erinomaisen liikkuvuuden. Pelle P -vy\u00f6 sis\u00e4ltyy hintaan.<\/p>\n<p>Lahkeen sis\u00e4mitta M-koossa on 80 cm.<\/p>\n","protected":false},"excerpt":{"rendered":"<p>Lyhyet 1200-housut ovat tekniset housut, jotka on valmistettu nelj\u00e4\u00e4n suuntaan joustavasta ja nopeasti kuivuvasta kankaasta. Housuissa on eritt\u00e4in kest\u00e4v\u00e4t ja joustavat vahvikkeet. Kangas on vett\u00e4 hylkiv\u00e4 ja hengitt\u00e4v\u00e4. Kontrastiv\u00e4riset vahvikkeet on valmistettu XYRPLEX\u2122-sta. Se on kulumista kest\u00e4v\u00e4 nelj\u00e4\u00e4n suuntaan joustava ja kevyt, mik\u00e4 takaa erinomaisen liikkuvuuden. Pelle P -vy\u00f6 sis\u00e4ltyy hintaan. Lahkeen sis\u00e4mitta M-koossa on [&hellip;]<\/p>\n","protected":false},"featured_media":9327,"template":"","meta":{"_acf_changed":false},"pwb-brand":[838],"product_brand":[],"product_cat":[876],"product_tag":[],"woo-feed-brand":[],"class_list":{"0":"post-17531","1":"product","2":"type-product","3":"status-publish","4":"has-post-thumbnail","6":"pwb-brand-pelle-petterson-fi","7":"product_cat-edullinen-hinta-miehet-fi","9":"first","10":"outofstock","11":"taxable","12":"shipping-taxable","13":"product-type-variable","14":"wvs-archive-product-wrapper"},"acf":[],"brands":[{"id":838,"name":"Pelle Petterson","slug":"pelle-petterson-fi"}],"_links":{"self":[{"href":"https:\/\/nautical.store\/fi\/wp-json\/wp\/v2\/product\/17531","targetHints":{"allow":["GET"]}}],"collection":[{"href":"https:\/\/nautical.store\/fi\/wp-json\/wp\/v2\/product"}],"about":[{"href":"https:\/\/nautical.store\/fi\/wp-json\/wp\/v2\/types\/product"}],"wp:featuredmedia":[{"embeddable":true,"href":"https:\/\/nautical.store\/fi\/wp-json\/wp\/v2\/media\/9327"}],"wp:attachment":[{"href":"https:\/\/nautical.store\/fi\/wp-json\/wp\/v2\/media?parent=17531"}],"wp:term":[{"taxonomy":"pwb-brand","embeddable":true,"href":"https:\/\/nautical.store\/fi\/wp-json\/wp\/v2\/pwb-brand?post=17531"},{"taxonomy":"product_brand","embeddable":true,"href":"https:\/\/nautical.store\/fi\/wp-json\/wp\/v2\/product_brand?post=17531"},{"taxonomy":"product_cat","embeddable":true,"href":"https:\/\/nautical.store\/fi\/wp-json\/wp\/v2\/product_cat?post=17531"},{"taxonomy":"product_tag","embeddable":true,"href":"https:\/\/nautical.store\/fi\/wp-json\/wp\/v2\/product_tag?post=17531"},{"taxonomy":"woo-feed-brand","embeddable":true,"href":"https:\/\/nautical.store\/fi\/wp-json\/wp\/v2\/woo-feed-brand?post=17531"}],"curies":[{"name":"wp","href":"https:\/\/api.w.org\/{rel}","templated":true}]}}