{"id":17542,"date":"2021-12-06T13:44:28","date_gmt":"2021-12-06T11:44:28","guid":{"rendered":"https:\/\/www.nautical.store\/toode\/1200-calor-housut\/"},"modified":"2025-10-08T22:48:22","modified_gmt":"2025-10-08T19:48:22","slug":"1200-calor-housut","status":"publish","type":"product","link":"https:\/\/nautical.store\/fi\/tuote\/1200-calor-housut\/","title":{"rendered":"PelleP 1200 Calor Ulkoiluhousut"},"content":{"rendered":"<p>Pelle P 1200 -sarja on monien suosikki ja todellinen vaatekaapin sankari. 1200 Calor -housut ovat t\u00e4m\u00e4n suositun mallin l\u00e4mpim\u00e4mpi versio, valmistettu vett\u00e4 hylkiv\u00e4st\u00e4 ja nopeasti kuivuvasta joustavasta materiaalista, jonka sis\u00e4puoli on pehme\u00e4\u00e4 harjattua fleece\u00e4.<br \/>\n\u2022 Vahvistettu kulutukselle alttiista kohdista kest\u00e4v\u00e4ll\u00e4 Xyrplex-kankaalla<br \/>\n\u2022 K\u00e4yt\u00e4nn\u00f6llinen tasku oikeassa lahkeessa ja leve\u00e4t vy\u00f6lenkit<br \/>\n\u2022 Kontrastivahvikkeet korkealaatuisesta materiaalista<br \/>\n\u2022 YKK-vetoketju, kaksi etu- ja kaksi takataskua piilotetulla suljennalla<br \/>\n\u2022 Mukava neppari- ja hakaskiinnitys, tyylik\u00e4s P-logo ja kirjailu<br \/>\n\u2022 Suora leikkaus, lahkeen sis\u00e4pituus 84 cm (koko 34)<br \/>\nMateriaalit:<br \/>\nP\u00e4\u00e4materiaali: 94 % polyesteri, 6 % elastaani<br \/>\nVahvike: Xyrplex (72 % nailon, 14 % polyesteri, 14 % elastaani)<\/p>\n","protected":false},"excerpt":{"rendered":"<p>Tekniset ja mukavat l\u00e4mp\u00f6housut<\/p>\n","protected":false},"featured_media":85202,"template":"","meta":{"_acf_changed":false},"pwb-brand":[838],"product_brand":[],"product_cat":[610,777,1259,1261,770,682],"product_tag":[],"woo-feed-brand":[],"class_list":{"0":"post-17542","1":"product","2":"type-product","3":"status-publish","4":"has-post-thumbnail","6":"pwb-brand-pelle-petterson-fi","7":"product_cat-housut","8":"product_cat-miehet","9":"product_cat-miesten-golfvaatteet","10":"product_cat-miesten-purjehdusvaatteet","11":"product_cat-pitkat-housut","12":"product_cat-tekniset-vaatteet","14":"first","15":"instock","16":"taxable","17":"shipping-taxable","18":"purchasable","19":"product-type-variable","20":"wvs-archive-product-wrapper"},"acf":[],"brands":[{"id":838,"name":"Pelle Petterson","slug":"pelle-petterson-fi"}],"_links":{"self":[{"href":"https:\/\/nautical.store\/fi\/wp-json\/wp\/v2\/product\/17542","targetHints":{"allow":["GET"]}}],"collection":[{"href":"https:\/\/nautical.store\/fi\/wp-json\/wp\/v2\/product"}],"about":[{"href":"https:\/\/nautical.store\/fi\/wp-json\/wp\/v2\/types\/product"}],"wp:featuredmedia":[{"embeddable":true,"href":"https:\/\/nautical.store\/fi\/wp-json\/wp\/v2\/media\/85202"}],"wp:attachment":[{"href":"https:\/\/nautical.store\/fi\/wp-json\/wp\/v2\/media?parent=17542"}],"wp:term":[{"taxonomy":"pwb-brand","embeddable":true,"href":"https:\/\/nautical.store\/fi\/wp-json\/wp\/v2\/pwb-brand?post=17542"},{"taxonomy":"product_brand","embeddable":true,"href":"https:\/\/nautical.store\/fi\/wp-json\/wp\/v2\/product_brand?post=17542"},{"taxonomy":"product_cat","embeddable":true,"href":"https:\/\/nautical.store\/fi\/wp-json\/wp\/v2\/product_cat?post=17542"},{"taxonomy":"product_tag","embeddable":true,"href":"https:\/\/nautical.store\/fi\/wp-json\/wp\/v2\/product_tag?post=17542"},{"taxonomy":"woo-feed-brand","embeddable":true,"href":"https:\/\/nautical.store\/fi\/wp-json\/wp\/v2\/woo-feed-brand?post=17542"}],"curies":[{"name":"wp","href":"https:\/\/api.w.org\/{rel}","templated":true}]}}