{"id":17583,"date":"2022-01-25T16:26:48","date_gmt":"2022-01-25T14:26:48","guid":{"rendered":"https:\/\/www.nautical.store\/toode\/lahjakortti\/"},"modified":"2026-01-21T12:18:42","modified_gmt":"2026-01-21T10:18:42","slug":"lahjakortti","status":"publish","type":"product","link":"https:\/\/nautical.store\/fi\/tuote\/lahjakortti\/","title":{"rendered":"Lahjakortti"},"content":{"rendered":"<p>Lahjakortin koodi l\u00e4hetet\u00e4\u00e4n s\u00e4hk\u00f6postiin tilauksen vahvistamisen j\u00e4lkeen.<\/p>\n<p>Lahjakorttia voi k\u00e4ytt\u00e4\u00e4 vain verkkokaupassa.<\/p>\n<p>Lahjakortin voimassaoloaika on 12 kuukautta, eik\u00e4 sen koko summaa tarvitse k\u00e4ytt\u00e4\u00e4 kerralla.<\/p>\n","protected":false},"excerpt":{"rendered":"<p>Anna l\u00e4heisillesi mahdollisuus hankkia laadukkaita tuotteita Nautical Storen valikoimasta.<\/p>\n","protected":false},"featured_media":9333,"template":"","meta":{"_acf_changed":false},"pwb-brand":[],"product_brand":[],"product_cat":[811],"product_tag":[],"woo-feed-brand":[],"class_list":{"0":"post-17583","1":"product","2":"type-product","3":"status-publish","4":"has-post-thumbnail","6":"product_cat-maarittelematta","8":"first","9":"instock","10":"purchasable","11":"product-type-variable","12":"has-default-attributes","13":"wvs-archive-product-wrapper"},"acf":[],"brands":[],"_links":{"self":[{"href":"https:\/\/nautical.store\/fi\/wp-json\/wp\/v2\/product\/17583","targetHints":{"allow":["GET"]}}],"collection":[{"href":"https:\/\/nautical.store\/fi\/wp-json\/wp\/v2\/product"}],"about":[{"href":"https:\/\/nautical.store\/fi\/wp-json\/wp\/v2\/types\/product"}],"wp:featuredmedia":[{"embeddable":true,"href":"https:\/\/nautical.store\/fi\/wp-json\/wp\/v2\/media\/9333"}],"wp:attachment":[{"href":"https:\/\/nautical.store\/fi\/wp-json\/wp\/v2\/media?parent=17583"}],"wp:term":[{"taxonomy":"pwb-brand","embeddable":true,"href":"https:\/\/nautical.store\/fi\/wp-json\/wp\/v2\/pwb-brand?post=17583"},{"taxonomy":"product_brand","embeddable":true,"href":"https:\/\/nautical.store\/fi\/wp-json\/wp\/v2\/product_brand?post=17583"},{"taxonomy":"product_cat","embeddable":true,"href":"https:\/\/nautical.store\/fi\/wp-json\/wp\/v2\/product_cat?post=17583"},{"taxonomy":"product_tag","embeddable":true,"href":"https:\/\/nautical.store\/fi\/wp-json\/wp\/v2\/product_tag?post=17583"},{"taxonomy":"woo-feed-brand","embeddable":true,"href":"https:\/\/nautical.store\/fi\/wp-json\/wp\/v2\/woo-feed-brand?post=17583"}],"curies":[{"name":"wp","href":"https:\/\/api.w.org\/{rel}","templated":true}]}}