{"id":17595,"date":"2022-01-01T10:38:49","date_gmt":"2022-01-01T08:38:49","guid":{"rendered":"https:\/\/www.nautical.store\/toode\/n-lampimat-norte-aluskerrastohousut\/"},"modified":"2023-10-18T14:40:24","modified_gmt":"2023-10-18T11:40:24","slug":"n-lampimat-norte-aluskerrastohousut","status":"publish","type":"product","link":"https:\/\/nautical.store\/fi\/tuote\/n-lampimat-norte-aluskerrastohousut\/","title":{"rendered":"N L\u00e4mpim\u00e4t Norte aluskerrastohousut"},"content":{"rendered":"<p>Naisten l\u00e4mpim\u00e4t aluskerrastohousut, 100 % merinovillaa<\/p>\n","protected":false},"excerpt":{"rendered":"<p>Naisten l\u00e4mpim\u00e4t aluskerrastohousut, 100 % merinovillaa<\/p>\n","protected":false},"featured_media":9319,"template":"","meta":{"_acf_changed":false},"pwb-brand":[838],"product_brand":[],"product_cat":[640],"product_tag":[],"woo-feed-brand":[],"class_list":{"0":"post-17595","1":"product","2":"type-product","3":"status-publish","4":"has-post-thumbnail","6":"pwb-brand-pelle-petterson-fi","7":"product_cat-housut-fi","9":"first","10":"outofstock","11":"taxable","12":"shipping-taxable","13":"product-type-variable","14":"wvs-archive-product-wrapper"},"acf":[],"brands":[{"id":838,"name":"Pelle Petterson","slug":"pelle-petterson-fi"}],"_links":{"self":[{"href":"https:\/\/nautical.store\/fi\/wp-json\/wp\/v2\/product\/17595","targetHints":{"allow":["GET"]}}],"collection":[{"href":"https:\/\/nautical.store\/fi\/wp-json\/wp\/v2\/product"}],"about":[{"href":"https:\/\/nautical.store\/fi\/wp-json\/wp\/v2\/types\/product"}],"wp:featuredmedia":[{"embeddable":true,"href":"https:\/\/nautical.store\/fi\/wp-json\/wp\/v2\/media\/9319"}],"wp:attachment":[{"href":"https:\/\/nautical.store\/fi\/wp-json\/wp\/v2\/media?parent=17595"}],"wp:term":[{"taxonomy":"pwb-brand","embeddable":true,"href":"https:\/\/nautical.store\/fi\/wp-json\/wp\/v2\/pwb-brand?post=17595"},{"taxonomy":"product_brand","embeddable":true,"href":"https:\/\/nautical.store\/fi\/wp-json\/wp\/v2\/product_brand?post=17595"},{"taxonomy":"product_cat","embeddable":true,"href":"https:\/\/nautical.store\/fi\/wp-json\/wp\/v2\/product_cat?post=17595"},{"taxonomy":"product_tag","embeddable":true,"href":"https:\/\/nautical.store\/fi\/wp-json\/wp\/v2\/product_tag?post=17595"},{"taxonomy":"woo-feed-brand","embeddable":true,"href":"https:\/\/nautical.store\/fi\/wp-json\/wp\/v2\/woo-feed-brand?post=17595"}],"curies":[{"name":"wp","href":"https:\/\/api.w.org\/{rel}","templated":true}]}}