{"id":17615,"date":"2022-01-01T11:48:09","date_gmt":"2022-01-01T09:48:09","guid":{"rendered":"https:\/\/www.nautical.store\/toode\/badge-paita\/"},"modified":"2025-07-01T23:12:56","modified_gmt":"2025-07-01T20:12:56","slug":"badge-paita","status":"publish","type":"product","link":"https:\/\/nautical.store\/fi\/tuote\/badge-paita\/","title":{"rendered":"PelleP T-paita Badge"},"content":{"rendered":"<p>T\u00e4m\u00e4 luottopaita on saatavilla useissa eri v\u00e4reiss\u00e4, joten l\u00f6yd\u00e4t varmasti tyyliisi sopivan. 100 % puuvillasta valmistettu T-paita tuntuu mukavalta p\u00e4\u00e4ll\u00e4 ja vasemmassa hihassa oleva kudottu yksityiskohta tuo s\u00e4rm\u00e4\u00e4 kokonaisuuteen.<\/p>\n<p><!--StartFragment --><\/p>\n<ul>\n<li>Materiaali: 100 % puuvillaa<\/li>\n<li>Kontrastiv\u00e4riset flatlock-saumat sivuilla<\/li>\n<li>P-logon &#8221;TRUE EXPERIENCE&#8221; kudottu merkki vasemmassa hihassa<\/li>\n<li>P-logon kohokuvioitu kumiprintti niskassa<\/li>\n<li>Normaali istuvuus <!--EndFragment --><\/li>\n<\/ul>\n","protected":false},"excerpt":{"rendered":"<p>Perus T-paita<\/p>\n","protected":false},"featured_media":9298,"template":"","meta":{"_acf_changed":false},"pwb-brand":[838],"product_brand":[],"product_cat":[876,633],"product_tag":[],"woo-feed-brand":[],"class_list":{"0":"post-17615","1":"product","2":"type-product","3":"status-publish","4":"has-post-thumbnail","6":"pwb-brand-pelle-petterson-fi","7":"product_cat-edullinen-hinta-miehet-fi","8":"product_cat-paidat-fi","10":"first","11":"instock","12":"sale","13":"taxable","14":"shipping-taxable","15":"purchasable","16":"product-type-variable","17":"wvs-archive-product-wrapper"},"acf":[],"brands":[{"id":838,"name":"Pelle Petterson","slug":"pelle-petterson-fi"}],"_links":{"self":[{"href":"https:\/\/nautical.store\/fi\/wp-json\/wp\/v2\/product\/17615","targetHints":{"allow":["GET"]}}],"collection":[{"href":"https:\/\/nautical.store\/fi\/wp-json\/wp\/v2\/product"}],"about":[{"href":"https:\/\/nautical.store\/fi\/wp-json\/wp\/v2\/types\/product"}],"wp:featuredmedia":[{"embeddable":true,"href":"https:\/\/nautical.store\/fi\/wp-json\/wp\/v2\/media\/9298"}],"wp:attachment":[{"href":"https:\/\/nautical.store\/fi\/wp-json\/wp\/v2\/media?parent=17615"}],"wp:term":[{"taxonomy":"pwb-brand","embeddable":true,"href":"https:\/\/nautical.store\/fi\/wp-json\/wp\/v2\/pwb-brand?post=17615"},{"taxonomy":"product_brand","embeddable":true,"href":"https:\/\/nautical.store\/fi\/wp-json\/wp\/v2\/product_brand?post=17615"},{"taxonomy":"product_cat","embeddable":true,"href":"https:\/\/nautical.store\/fi\/wp-json\/wp\/v2\/product_cat?post=17615"},{"taxonomy":"product_tag","embeddable":true,"href":"https:\/\/nautical.store\/fi\/wp-json\/wp\/v2\/product_tag?post=17615"},{"taxonomy":"woo-feed-brand","embeddable":true,"href":"https:\/\/nautical.store\/fi\/wp-json\/wp\/v2\/woo-feed-brand?post=17615"}],"curies":[{"name":"wp","href":"https:\/\/api.w.org\/{rel}","templated":true}]}}