{"id":17643,"date":"2022-01-01T15:03:49","date_gmt":"2022-01-01T13:03:49","guid":{"rendered":"https:\/\/www.nautical.store\/toode\/pellavapaita\/"},"modified":"2026-05-07T21:39:19","modified_gmt":"2026-05-07T18:39:19","slug":"pellavapaita","status":"publish","type":"product","link":"https:\/\/nautical.store\/fi\/tuote\/pellavapaita\/","title":{"rendered":"Pelle P pellavapaita"},"content":{"rendered":"<section class=\"text-token-text-primary w-full focus:outline-none [--shadow-height:45px] has-data-writing-block:pointer-events-none has-data-writing-block:-mt-(--shadow-height) has-data-writing-block:pt-(--shadow-height) [&amp;:has([data-writing-block])&gt;*]:pointer-events-auto [content-visibility:auto] supports-[content-visibility:auto]:[contain-intrinsic-size:auto_100lvh] R6Vx5W_threadScrollVars scroll-mb-[calc(var(--scroll-root-safe-area-inset-bottom,0px)+var(--thread-response-height))] scroll-mt-[calc(var(--header-height)+min(200px,max(70px,20svh)))]\" dir=\"auto\" data-turn-id=\"request-WEB:7e269a3e-1a96-4d25-9c6c-016298d78434-166\" data-testid=\"conversation-turn-334\" data-scroll-anchor=\"false\" data-turn=\"assistant\">\n<div class=\"text-base my-auto mx-auto pb-10 [--thread-content-margin:var(--thread-content-margin-xs,calc(var(--spacing)*4))] @w-sm\/main:[--thread-content-margin:var(--thread-content-margin-sm,calc(var(--spacing)*6))] @w-lg\/main:[--thread-content-margin:var(--thread-content-margin-lg,calc(var(--spacing)*16))] px-(--thread-content-margin)\">\n<div class=\"[--thread-content-max-width:40rem] @w-lg\/main:[--thread-content-max-width:48rem] mx-auto max-w-(--thread-content-max-width) flex-1 group\/turn-messages focus-visible:outline-hidden relative flex w-full min-w-0 flex-col agent-turn\">\n<div class=\"flex max-w-full flex-col gap-4 grow\">\n<div class=\"min-h-8 text-message relative flex w-full flex-col items-end gap-2 text-start break-words whitespace-normal outline-none keyboard-focused:focus-ring [.text-message+&amp;]:mt-1\" dir=\"auto\" tabindex=\"0\" data-message-author-role=\"assistant\" data-message-id=\"411781a2-c37d-4e2d-84c5-17f02e496208\" data-message-model-slug=\"gpt-5-5\" data-turn-start-message=\"true\">\n<div class=\"flex w-full flex-col gap-1 empty:hidden\">\n<div class=\"markdown prose dark:prose-invert w-full wrap-break-word light markdown-new-styling\">\n<p data-start=\"0\" data-end=\"309\">Kevyt ja hengitt\u00e4v\u00e4 pellavapaita, joka sopii erinomaisesti l\u00e4mpimiin p\u00e4iviin. Pehme\u00e4 ja kevyesti teksturoitu pellavakangas tuntuu miellytt\u00e4v\u00e4lt\u00e4 ihoa vasten ja auttaa s\u00e4ilytt\u00e4m\u00e4\u00e4n raikkaan tunteen koko p\u00e4iv\u00e4n ajan. Klassinen malli on helppo yhdist\u00e4\u00e4 niin rentoon arkipukeutumiseen kuin siistimp\u00e4\u00e4nkin tyyliin.<\/p>\n<p data-start=\"311\" data-end=\"474\">Paidassa on napillinen kaulus, rintatasku ja Pelle P -sarvij\u00e4ljitelm\u00e4napit. Kaksinkertaiset vahvistetut saumat ja brodeeratut yksityiskohdat viimeistelev\u00e4t ilmeen.<\/p>\n<p data-start=\"476\" data-end=\"485\">Istuvuus:<\/p>\n<ul data-start=\"486\" data-end=\"541\">\n<li data-section-id=\"1oh5qye\" data-start=\"486\" data-end=\"504\">Vastaa kokoaan<\/li>\n<li data-section-id=\"1wcg8h0\" data-start=\"505\" data-end=\"541\">Kevyesti vartalonmy\u00f6t\u00e4inen malli<\/li>\n<\/ul>\n<p data-start=\"543\" data-end=\"556\">Ominaisuudet:<\/p>\n<ul data-start=\"557\" data-end=\"888\">\n<li data-section-id=\"cxh4mv\" data-start=\"557\" data-end=\"605\">Pehme\u00e4 ja kevyesti teksturoitu pellavakangas<\/li>\n<li data-section-id=\"1mp1vwn\" data-start=\"606\" data-end=\"627\">Napillinen kaulus<\/li>\n<li data-section-id=\"x2xnot\" data-start=\"628\" data-end=\"661\">Pelle P -sarvij\u00e4ljitelm\u00e4napit<\/li>\n<li data-section-id=\"19wv1hz\" data-start=\"662\" data-end=\"700\">Kaksinkertaiset vahvistetut saumat<\/li>\n<li data-section-id=\"18f6cd3\" data-start=\"701\" data-end=\"744\">Rintatasku Pelle P -logobrodeerauksella<\/li>\n<li data-section-id=\"1s00z3u\" data-start=\"745\" data-end=\"796\">Takaosan kaarroke ja brodeeratut yksityiskohdat<\/li>\n<li data-section-id=\"b1gd7n\" data-start=\"797\" data-end=\"828\">True Experience -brodeeraus<\/li>\n<li data-section-id=\"1artiwq\" data-start=\"829\" data-end=\"888\">Navigare necesse est -brodeeraus kauluksen sis\u00e4puolella<\/li>\n<\/ul>\n<p data-start=\"890\" data-end=\"901\">Materiaali:<\/p>\n<ul data-start=\"902\" data-end=\"917\" data-is-last-node=\"\" data-is-only-node=\"\">\n<li data-section-id=\"1aozym7\" data-start=\"902\" data-end=\"917\" data-is-last-node=\"\">100 % pellava<\/li>\n<\/ul>\n<\/div>\n<\/div>\n<\/div>\n<\/div>\n<div class=\"z-0 flex min-h-[46px] justify-start\"><\/div>\n<div class=\"mt-3 w-full empty:hidden\">\n<div class=\"text-center\"><\/div>\n<\/div>\n<\/div>\n<\/div>\n<\/section>\n<div class=\"pointer-events-none -mt-px h-px translate-y-[calc(var(--scroll-root-safe-area-inset-bottom)-14*var(--spacing))]\" aria-hidden=\"true\"><\/div>\n","protected":false},"excerpt":{"rendered":"<p>Miesten pellavapaita<\/p>\n","protected":false},"featured_media":98861,"template":"","meta":{"_acf_changed":false},"pwb-brand":[838],"product_brand":[],"product_cat":[633],"product_tag":[],"woo-feed-brand":[],"class_list":{"0":"post-17643","1":"product","2":"type-product","3":"status-publish","4":"has-post-thumbnail","6":"pwb-brand-pelle-petterson-fi","7":"product_cat-paidat-fi","9":"first","10":"instock","11":"taxable","12":"shipping-taxable","13":"purchasable","14":"product-type-variable","15":"wvs-archive-product-wrapper"},"acf":[],"brands":[{"id":838,"name":"Pelle Petterson","slug":"pelle-petterson-fi"}],"_links":{"self":[{"href":"https:\/\/nautical.store\/fi\/wp-json\/wp\/v2\/product\/17643","targetHints":{"allow":["GET"]}}],"collection":[{"href":"https:\/\/nautical.store\/fi\/wp-json\/wp\/v2\/product"}],"about":[{"href":"https:\/\/nautical.store\/fi\/wp-json\/wp\/v2\/types\/product"}],"wp:featuredmedia":[{"embeddable":true,"href":"https:\/\/nautical.store\/fi\/wp-json\/wp\/v2\/media\/98861"}],"wp:attachment":[{"href":"https:\/\/nautical.store\/fi\/wp-json\/wp\/v2\/media?parent=17643"}],"wp:term":[{"taxonomy":"pwb-brand","embeddable":true,"href":"https:\/\/nautical.store\/fi\/wp-json\/wp\/v2\/pwb-brand?post=17643"},{"taxonomy":"product_brand","embeddable":true,"href":"https:\/\/nautical.store\/fi\/wp-json\/wp\/v2\/product_brand?post=17643"},{"taxonomy":"product_cat","embeddable":true,"href":"https:\/\/nautical.store\/fi\/wp-json\/wp\/v2\/product_cat?post=17643"},{"taxonomy":"product_tag","embeddable":true,"href":"https:\/\/nautical.store\/fi\/wp-json\/wp\/v2\/product_tag?post=17643"},{"taxonomy":"woo-feed-brand","embeddable":true,"href":"https:\/\/nautical.store\/fi\/wp-json\/wp\/v2\/woo-feed-brand?post=17643"}],"curies":[{"name":"wp","href":"https:\/\/api.w.org\/{rel}","templated":true}]}}