{"id":17654,"date":"2022-01-01T11:08:33","date_gmt":"2022-01-01T09:08:33","guid":{"rendered":"https:\/\/www.nautical.store\/toode\/n-momentum-camber-paita\/"},"modified":"2023-10-16T13:15:34","modified_gmt":"2023-10-16T10:15:34","slug":"n-momentum-camber-paita","status":"publish","type":"product","link":"https:\/\/nautical.store\/fi\/tuote\/n-momentum-camber-paita\/","title":{"rendered":"N Momentum Camber paita"},"content":{"rendered":"<p>Momentum Camber on tekninen paita, joka on valmistettu nelj\u00e4\u00e4n suuntaan joustavasta kankaasta. Kangas sitoo kostetutta, se on hengitt\u00e4v\u00e4\u00e4 ja nopeasti kuivuvaa, pit\u00e4\u00e4 sinut viile\u00e4n\u00e4 ja kuivana kuumimpinakin p\u00e4ivin\u00e4. Suojaa UV-s\u00e4teilylt\u00e4.<\/p>\n","protected":false},"excerpt":{"rendered":"<p>Momentum Camber on tekninen paita, joka on valmistettu nelj\u00e4\u00e4n suuntaan joustavasta kankaasta. Kangas sitoo kostetutta, se on hengitt\u00e4v\u00e4\u00e4 ja nopeasti kuivuvaa, pit\u00e4\u00e4 sinut viile\u00e4n\u00e4 ja kuivana kuumimpinakin p\u00e4ivin\u00e4. Suojaa UV-s\u00e4teilylt\u00e4.<\/p>\n","protected":false},"featured_media":9269,"template":"","meta":{"_acf_changed":false},"pwb-brand":[838],"product_brand":[],"product_cat":[1180,827,1260,1262,590,726],"product_tag":[],"woo-feed-brand":[],"class_list":{"0":"post-17654","1":"product","2":"type-product","3":"status-publish","4":"has-post-thumbnail","6":"pwb-brand-pelle-petterson-fi","7":"product_cat-golf-fi","8":"product_cat-naiset","9":"product_cat-naisten-golfvaatteet","10":"product_cat-naisten-purjehdusvaatteet","11":"product_cat-paidat","12":"product_cat-tekniset-vaatteet-naiset","14":"first","15":"instock","16":"sale","17":"taxable","18":"shipping-taxable","19":"purchasable","20":"product-type-variable","21":"wvs-archive-product-wrapper"},"acf":[],"brands":[{"id":838,"name":"Pelle Petterson","slug":"pelle-petterson-fi"}],"_links":{"self":[{"href":"https:\/\/nautical.store\/fi\/wp-json\/wp\/v2\/product\/17654","targetHints":{"allow":["GET"]}}],"collection":[{"href":"https:\/\/nautical.store\/fi\/wp-json\/wp\/v2\/product"}],"about":[{"href":"https:\/\/nautical.store\/fi\/wp-json\/wp\/v2\/types\/product"}],"wp:featuredmedia":[{"embeddable":true,"href":"https:\/\/nautical.store\/fi\/wp-json\/wp\/v2\/media\/9269"}],"wp:attachment":[{"href":"https:\/\/nautical.store\/fi\/wp-json\/wp\/v2\/media?parent=17654"}],"wp:term":[{"taxonomy":"pwb-brand","embeddable":true,"href":"https:\/\/nautical.store\/fi\/wp-json\/wp\/v2\/pwb-brand?post=17654"},{"taxonomy":"product_brand","embeddable":true,"href":"https:\/\/nautical.store\/fi\/wp-json\/wp\/v2\/product_brand?post=17654"},{"taxonomy":"product_cat","embeddable":true,"href":"https:\/\/nautical.store\/fi\/wp-json\/wp\/v2\/product_cat?post=17654"},{"taxonomy":"product_tag","embeddable":true,"href":"https:\/\/nautical.store\/fi\/wp-json\/wp\/v2\/product_tag?post=17654"},{"taxonomy":"woo-feed-brand","embeddable":true,"href":"https:\/\/nautical.store\/fi\/wp-json\/wp\/v2\/woo-feed-brand?post=17654"}],"curies":[{"name":"wp","href":"https:\/\/api.w.org\/{rel}","templated":true}]}}