{"id":17706,"date":"2022-01-01T12:15:46","date_gmt":"2022-01-01T10:15:46","guid":{"rendered":"https:\/\/www.nautical.store\/toode\/n-tactic-high-fit-purjehdushousut\/"},"modified":"2025-10-16T11:23:39","modified_gmt":"2025-10-16T08:23:39","slug":"w-tactic-purjetamispuksid","status":"publish","type":"product","link":"https:\/\/nautical.store\/fi\/tuote\/w-tactic-purjetamispuksid\/","title":{"rendered":"PelleP Tactic High Fit -naisten purjehdushousut"},"content":{"rendered":"<p><!--StartFragment --><\/p>\n<p>Tactic High Fit -purjehdushousut on valmistettu joustavasta kaksikerroksisesta Hi:res\u00ae 20T2L -kalvokankaasta, joka on tuulen- ja vedenpit\u00e4v\u00e4 sek\u00e4 hengitt\u00e4v\u00e4. Esitaivutetut polvet takaavat erinomaisen liikkuvuuden, ja kuusi s\u00e4\u00e4t\u00f6kohtaa varmistavat optimaalisen istuvuuden. AquaGuard-vetoketjut ja teipatut saumat pit\u00e4v\u00e4t kosteuden loitolla.<\/p>\n<ul>\n<li>Materiaali: 100 % nailonia<\/li>\n<li>Kaksikerroksinen rakenne<\/li>\n<li>Hi:res\u00ae 20T2L joustava kalvo<\/li>\n<li>Tuulen- ja vedenpit\u00e4v\u00e4, hengitt\u00e4v\u00e4<\/li>\n<li>Teipatut saumat<\/li>\n<li>AquaGuard-vetoketju edess\u00e4<\/li>\n<li>Termoliimatut rinta- ja lahjetaskut AquaGuard-vetoketjuilla<\/li>\n<li>Verkkomallinen sis\u00e4vuori<\/li>\n<li>Cordura-vahvikkeet kulutukselle alttiissa kohdissa<\/li>\n<li>Esitaivutetut polvet maksimaaliseen liikkumiseen<\/li>\n<li>6 s\u00e4\u00e4t\u00f6kohtaa<\/li>\n<li>S\u00e4\u00e4dett\u00e4v\u00e4 vy\u00f6t\u00e4r\u00f6 ja lahkeensuut tarrakiinnityksell\u00e4<\/li>\n<li>S\u00e4\u00e4dett\u00e4v\u00e4t joustavat olkaimet<\/li>\n<li>Heijastava Pelle P -logo edess\u00e4 ja vasemmassa lahkeessa<\/li>\n<li>Heijastava P-logo<\/li>\n<\/ul>\n<p><!--EndFragment --><\/p>\n","protected":false},"excerpt":{"rendered":"<p>Tekniset myrskyhousut naisille<\/p>\n","protected":false},"featured_media":8627,"template":"","meta":{"_acf_changed":false},"pwb-brand":[838],"product_brand":[],"product_cat":[1262,726],"product_tag":[],"woo-feed-brand":[],"class_list":{"0":"post-17706","1":"product","2":"type-product","3":"status-publish","4":"has-post-thumbnail","6":"pwb-brand-pelle-petterson-fi","7":"product_cat-naisten-purjehdusvaatteet","8":"product_cat-tekniset-vaatteet-naiset","10":"first","11":"instock","12":"taxable","13":"shipping-taxable","14":"purchasable","15":"product-type-variable","16":"wvs-archive-product-wrapper"},"acf":[],"brands":[{"id":838,"name":"Pelle Petterson","slug":"pelle-petterson-fi"}],"_links":{"self":[{"href":"https:\/\/nautical.store\/fi\/wp-json\/wp\/v2\/product\/17706","targetHints":{"allow":["GET"]}}],"collection":[{"href":"https:\/\/nautical.store\/fi\/wp-json\/wp\/v2\/product"}],"about":[{"href":"https:\/\/nautical.store\/fi\/wp-json\/wp\/v2\/types\/product"}],"wp:featuredmedia":[{"embeddable":true,"href":"https:\/\/nautical.store\/fi\/wp-json\/wp\/v2\/media\/8627"}],"wp:attachment":[{"href":"https:\/\/nautical.store\/fi\/wp-json\/wp\/v2\/media?parent=17706"}],"wp:term":[{"taxonomy":"pwb-brand","embeddable":true,"href":"https:\/\/nautical.store\/fi\/wp-json\/wp\/v2\/pwb-brand?post=17706"},{"taxonomy":"product_brand","embeddable":true,"href":"https:\/\/nautical.store\/fi\/wp-json\/wp\/v2\/product_brand?post=17706"},{"taxonomy":"product_cat","embeddable":true,"href":"https:\/\/nautical.store\/fi\/wp-json\/wp\/v2\/product_cat?post=17706"},{"taxonomy":"product_tag","embeddable":true,"href":"https:\/\/nautical.store\/fi\/wp-json\/wp\/v2\/product_tag?post=17706"},{"taxonomy":"woo-feed-brand","embeddable":true,"href":"https:\/\/nautical.store\/fi\/wp-json\/wp\/v2\/woo-feed-brand?post=17706"}],"curies":[{"name":"wp","href":"https:\/\/api.w.org\/{rel}","templated":true}]}}