{"id":17709,"date":"2022-01-01T12:15:17","date_gmt":"2022-01-01T10:15:17","guid":{"rendered":"https:\/\/www.nautical.store\/toode\/tactic-high-fit-purjehdushousut\/"},"modified":"2026-03-11T20:06:13","modified_gmt":"2026-03-11T18:06:13","slug":"tactic-purjetamispuksid","status":"publish","type":"product","link":"https:\/\/nautical.store\/fi\/tuote\/tactic-purjetamispuksid\/","title":{"rendered":"Tactic High Fit purjehdushousut"},"content":{"rendered":"<p>Tactic Hi-Fit -housut on valmistettu kaksikerroksisesta kankaasta ja Hi:res\u00ae 20T2L -kalvosta. Housuissa on vahvistetut polvet, ja niiden ulkokerros on tuulen- ja vedenpit\u00e4v\u00e4. Sepaluksessa on AquaGuard\u2011vetoketju, ja kaikki saumat on teipattu. T\u00e4ydellisen istuvuuden takaavat kuusi s\u00e4\u00e4t\u00f6kohtaa.<\/p>\n","protected":false},"excerpt":{"rendered":"<p>Tactic Hi-Fit -housut on valmistettu kaksikerroksisesta kankaasta ja Hi:res\u00ae 20T2L -kalvosta. Housuissa on vahvistetut polvet, ja niiden ulkokerros on tuulen- ja vedenpit\u00e4v\u00e4. Sepaluksessa on AquaGuard\u2011vetoketju, ja kaikki saumat on teipattu. T\u00e4ydellisen istuvuuden takaavat kuusi s\u00e4\u00e4t\u00f6kohtaa.<\/p>\n","protected":false},"featured_media":8752,"template":"","meta":{"_acf_changed":false},"pwb-brand":[838],"product_brand":[],"product_cat":[1261,682],"product_tag":[],"woo-feed-brand":[],"class_list":{"0":"post-17709","1":"product","2":"type-product","3":"status-publish","4":"has-post-thumbnail","6":"pwb-brand-pelle-petterson-fi","7":"product_cat-miesten-purjehdusvaatteet","8":"product_cat-tekniset-vaatteet","10":"first","11":"instock","12":"taxable","13":"shipping-taxable","14":"purchasable","15":"product-type-variable","16":"wvs-archive-product-wrapper"},"acf":[],"brands":[{"id":838,"name":"Pelle Petterson","slug":"pelle-petterson-fi"}],"_links":{"self":[{"href":"https:\/\/nautical.store\/fi\/wp-json\/wp\/v2\/product\/17709","targetHints":{"allow":["GET"]}}],"collection":[{"href":"https:\/\/nautical.store\/fi\/wp-json\/wp\/v2\/product"}],"about":[{"href":"https:\/\/nautical.store\/fi\/wp-json\/wp\/v2\/types\/product"}],"wp:featuredmedia":[{"embeddable":true,"href":"https:\/\/nautical.store\/fi\/wp-json\/wp\/v2\/media\/8752"}],"wp:attachment":[{"href":"https:\/\/nautical.store\/fi\/wp-json\/wp\/v2\/media?parent=17709"}],"wp:term":[{"taxonomy":"pwb-brand","embeddable":true,"href":"https:\/\/nautical.store\/fi\/wp-json\/wp\/v2\/pwb-brand?post=17709"},{"taxonomy":"product_brand","embeddable":true,"href":"https:\/\/nautical.store\/fi\/wp-json\/wp\/v2\/product_brand?post=17709"},{"taxonomy":"product_cat","embeddable":true,"href":"https:\/\/nautical.store\/fi\/wp-json\/wp\/v2\/product_cat?post=17709"},{"taxonomy":"product_tag","embeddable":true,"href":"https:\/\/nautical.store\/fi\/wp-json\/wp\/v2\/product_tag?post=17709"},{"taxonomy":"woo-feed-brand","embeddable":true,"href":"https:\/\/nautical.store\/fi\/wp-json\/wp\/v2\/woo-feed-brand?post=17709"}],"curies":[{"name":"wp","href":"https:\/\/api.w.org\/{rel}","templated":true}]}}