{"id":17712,"date":"2022-01-01T12:14:05","date_gmt":"2022-01-01T10:14:05","guid":{"rendered":"https:\/\/www.nautical.store\/toode\/tactic-race-purjehdustakki\/"},"modified":"2025-11-30T22:17:38","modified_gmt":"2025-11-30T20:17:38","slug":"tactic-race-purjetamisjope","status":"publish","type":"product","link":"https:\/\/nautical.store\/fi\/tuote\/tactic-race-purjetamisjope\/","title":{"rendered":"PelleP Tactic Race purjetustakki"},"content":{"rendered":"<p><!--StartFragment --><\/p>\n<p>Tactic Race takki on kaksikerroksinen purjehdustakki Hi:res\u00ae 20T2L \u2011kalvolla. Takki on tuulen- ja vedenpit\u00e4v\u00e4 teipatuilla saumoilla, samalla hengitt\u00e4v\u00e4ss\u00e4 kankaassa. Kiinte\u00e4 huppu s\u00e4\u00e4tyy kiristysny\u00f6rill\u00e4. Vartalonmy\u00f6t\u00e4iset, liikeratoja seuraavat hihat takaavat t\u00e4yden liikkumisvapauden, ja joustavat PU\u2011sis\u00e4hihansuut pit\u00e4v\u00e4t tuulen ja veden loitolla. Hihansuiden avaukset s\u00e4\u00e4tyv\u00e4t tarrakiinnityksell\u00e4.<\/p>\n<ul>\n<li>100 % nailonia<\/li>\n<li>2\u2011kerroksinen takki<\/li>\n<li>Hi:res\u00ae 20T2L joustava kalvo<\/li>\n<li>Tuulen- ja vedenpit\u00e4v\u00e4, hengitt\u00e4v\u00e4<\/li>\n<li>Teipatut saumat<\/li>\n<li>Hitsatut rintataskut AquaGuard\u2011vetoketjuilla<\/li>\n<li>Etutaskut vedenpit\u00e4v\u00e4ll\u00e4 l\u00e4p\u00e4ll\u00e4<\/li>\n<li>Huppu fluoresoivasta keltaisesta kankaasta, t\u00e4ytt\u00e4\u00e4 EN471\u2011n\u00e4kyvyysstandardin<\/li>\n<li>S\u00e4\u00e4dett\u00e4v\u00e4 kiristysny\u00f6ri hupussa ja helmassa<\/li>\n<li>S\u00e4\u00e4dett\u00e4v\u00e4t hihansuut tarrakiinnityksell\u00e4<\/li>\n<li>Muotoillut hihat<\/li>\n<li>Verkkomateriaali vuorina<\/li>\n<li>Cordura\u00ae\u2011vahvikkeet kyyn\u00e4rp\u00e4iss\u00e4<\/li>\n<li>Taffeta\u2011nailonvuori hihoissa<\/li>\n<li>Sis\u00e4hihansuut joustavasta PU\u2011materiaalista tarrakiinnityksell\u00e4<\/li>\n<li>Pelle P \u2011logon heijastava printti vasemmalla rinnassa ja sel\u00e4n keskell\u00e4<\/li>\n<li>P\u2011logon heijastava yksityiskohta hupun yl\u00e4osassa<\/li>\n<li>Vedenpit\u00e4vyys 20 000 mm<\/li>\n<\/ul>\n<p><!--EndFragment --><\/p>\n","protected":false},"excerpt":{"rendered":"<p>Kaksikerroksinen purjehdustakki<\/p>\n","protected":false},"featured_media":8760,"template":"","meta":{"_acf_changed":false},"pwb-brand":[838],"product_brand":[],"product_cat":[1261,1269,682],"product_tag":[],"woo-feed-brand":[],"class_list":{"0":"post-17712","1":"product","2":"type-product","3":"status-publish","4":"has-post-thumbnail","6":"pwb-brand-pelle-petterson-fi","7":"product_cat-miesten-purjehdusvaatteet","8":"product_cat-purjehdus","9":"product_cat-tekniset-vaatteet","11":"first","12":"instock","13":"taxable","14":"shipping-taxable","15":"purchasable","16":"product-type-variable","17":"wvs-archive-product-wrapper"},"acf":[],"brands":[{"id":838,"name":"Pelle Petterson","slug":"pelle-petterson-fi"}],"_links":{"self":[{"href":"https:\/\/nautical.store\/fi\/wp-json\/wp\/v2\/product\/17712","targetHints":{"allow":["GET"]}}],"collection":[{"href":"https:\/\/nautical.store\/fi\/wp-json\/wp\/v2\/product"}],"about":[{"href":"https:\/\/nautical.store\/fi\/wp-json\/wp\/v2\/types\/product"}],"wp:featuredmedia":[{"embeddable":true,"href":"https:\/\/nautical.store\/fi\/wp-json\/wp\/v2\/media\/8760"}],"wp:attachment":[{"href":"https:\/\/nautical.store\/fi\/wp-json\/wp\/v2\/media?parent=17712"}],"wp:term":[{"taxonomy":"pwb-brand","embeddable":true,"href":"https:\/\/nautical.store\/fi\/wp-json\/wp\/v2\/pwb-brand?post=17712"},{"taxonomy":"product_brand","embeddable":true,"href":"https:\/\/nautical.store\/fi\/wp-json\/wp\/v2\/product_brand?post=17712"},{"taxonomy":"product_cat","embeddable":true,"href":"https:\/\/nautical.store\/fi\/wp-json\/wp\/v2\/product_cat?post=17712"},{"taxonomy":"product_tag","embeddable":true,"href":"https:\/\/nautical.store\/fi\/wp-json\/wp\/v2\/product_tag?post=17712"},{"taxonomy":"woo-feed-brand","embeddable":true,"href":"https:\/\/nautical.store\/fi\/wp-json\/wp\/v2\/woo-feed-brand?post=17712"}],"curies":[{"name":"wp","href":"https:\/\/api.w.org\/{rel}","templated":true}]}}