{"id":17716,"date":"2022-01-01T12:13:45","date_gmt":"2022-01-01T10:13:45","guid":{"rendered":"https:\/\/www.nautical.store\/toode\/n-tactic-purjehdustakki\/"},"modified":"2025-05-14T21:42:51","modified_gmt":"2025-05-14T18:42:51","slug":"n-tactic-race-purjehdustakki","status":"publish","type":"product","link":"https:\/\/nautical.store\/fi\/tuote\/n-tactic-race-purjehdustakki\/","title":{"rendered":"N Tactic Race purjehdustakki"},"content":{"rendered":"<p>N Tactic Race on 2-kerroksinen naisten purjehdustakki, jossa on Hi:res\u00ae 20T2L -kalvo.<\/p>\n<ul>\n<li>Takki on tuulen- ja vedenpit\u00e4v\u00e4, siin\u00e4 on teipatut saumat ja se on valmistettu hengitt\u00e4v\u00e4st\u00e4 kankaasta<\/li>\n<li>Huppu on s\u00e4\u00e4dett\u00e4v\u00e4<\/li>\n<li>Vesipilariarvo 20 000mm<\/li>\n<li>Hihat on nivelletty t\u00e4ydellisen liikkuvuuden takaamiseksi, rannekkeet ovat valmistettu joustavasta PU:sta tuulen- ja vedenpit\u00e4vyyden takaamiseksi<\/li>\n<li>Hihansuita voidaan s\u00e4\u00e4dell\u00e4 tarrakiinnityksell\u00e4.<\/li>\n<\/ul>\n","protected":false},"excerpt":{"rendered":"<p>N Tactic Race on 2-kerroksinen naisten purjehdustakki, jossa on Hi:res\u00ae 20T2L -kalvo. Takki on tuulen- ja vedenpit\u00e4v\u00e4, siin\u00e4 on teipatut saumat ja se on valmistettu hengitt\u00e4v\u00e4st\u00e4 kankaasta Huppu on s\u00e4\u00e4dett\u00e4v\u00e4 Vesipilariarvo 20 000mm Hihat on nivelletty t\u00e4ydellisen liikkuvuuden takaamiseksi, rannekkeet ovat valmistettu joustavasta PU:sta tuulen- ja vedenpit\u00e4vyyden takaamiseksi Hihansuita voidaan s\u00e4\u00e4dell\u00e4 tarrakiinnityksell\u00e4.<\/p>\n","protected":false},"featured_media":8620,"template":"","meta":{"_acf_changed":false},"pwb-brand":[838],"product_brand":[],"product_cat":[1262,1269,726],"product_tag":[],"woo-feed-brand":[],"class_list":{"0":"post-17716","1":"product","2":"type-product","3":"status-publish","4":"has-post-thumbnail","6":"pwb-brand-pelle-petterson-fi","7":"product_cat-naisten-purjehdusvaatteet","8":"product_cat-purjehdus","9":"product_cat-tekniset-vaatteet-naiset","11":"first","12":"instock","13":"taxable","14":"shipping-taxable","15":"purchasable","16":"product-type-variable","17":"wvs-archive-product-wrapper"},"acf":[],"brands":[{"id":838,"name":"Pelle Petterson","slug":"pelle-petterson-fi"}],"_links":{"self":[{"href":"https:\/\/nautical.store\/fi\/wp-json\/wp\/v2\/product\/17716","targetHints":{"allow":["GET"]}}],"collection":[{"href":"https:\/\/nautical.store\/fi\/wp-json\/wp\/v2\/product"}],"about":[{"href":"https:\/\/nautical.store\/fi\/wp-json\/wp\/v2\/types\/product"}],"wp:featuredmedia":[{"embeddable":true,"href":"https:\/\/nautical.store\/fi\/wp-json\/wp\/v2\/media\/8620"}],"wp:attachment":[{"href":"https:\/\/nautical.store\/fi\/wp-json\/wp\/v2\/media?parent=17716"}],"wp:term":[{"taxonomy":"pwb-brand","embeddable":true,"href":"https:\/\/nautical.store\/fi\/wp-json\/wp\/v2\/pwb-brand?post=17716"},{"taxonomy":"product_brand","embeddable":true,"href":"https:\/\/nautical.store\/fi\/wp-json\/wp\/v2\/product_brand?post=17716"},{"taxonomy":"product_cat","embeddable":true,"href":"https:\/\/nautical.store\/fi\/wp-json\/wp\/v2\/product_cat?post=17716"},{"taxonomy":"product_tag","embeddable":true,"href":"https:\/\/nautical.store\/fi\/wp-json\/wp\/v2\/product_tag?post=17716"},{"taxonomy":"woo-feed-brand","embeddable":true,"href":"https:\/\/nautical.store\/fi\/wp-json\/wp\/v2\/woo-feed-brand?post=17716"}],"curies":[{"name":"wp","href":"https:\/\/api.w.org\/{rel}","templated":true}]}}