{"id":17744,"date":"2022-01-01T10:54:26","date_gmt":"2022-01-01T08:54:26","guid":{"rendered":"https:\/\/www.nautical.store\/toode\/raidallinen-tiller-pipo\/"},"modified":"2025-11-24T11:07:08","modified_gmt":"2025-11-24T09:07:08","slug":"tiller-triibuga-muts","status":"publish","type":"product","link":"https:\/\/nautical.store\/fi\/tuote\/tiller-triibuga-muts\/","title":{"rendered":"PelleP Tiller -raitalippapipo"},"content":{"rendered":"<p><!--StartFragment --><\/p>\n<p>Tyylik\u00e4s neulepipo, jossa on k\u00e4\u00e4nnett\u00e4v\u00e4 reuna ja kontrastiv\u00e4rinen raita. Valmistettu miellytt\u00e4v\u00e4st\u00e4 villasekoitteesta, joka tarjoaa l\u00e4mp\u00f6\u00e4 ja mukavuutta. Edess\u00e4 keskell\u00e4 heijastava P-logo tuo lis\u00e4\u00e4 n\u00e4kyvyytt\u00e4 h\u00e4m\u00e4r\u00e4ss\u00e4.<\/p>\n<ul>\n<li>Materiaali<strong>:<\/strong> 50 % villaa, 50 % akryyli\u00e4<\/li>\n<li>Neulos: 5gg<\/li>\n<li>Neulottu kontrastiraita reunassa<\/li>\n<li>Heijastava P-logo edess\u00e4<\/li>\n<li>Sopii sek\u00e4 miehille ett\u00e4 naisille<\/li>\n<\/ul>\n<p>T\u00e4ydellinen valinta sek\u00e4 kaupunkik\u00e4ytt\u00f6\u00f6n ett\u00e4 ulkoiluun!<\/p>\n<p><!--EndFragment --><\/p>\n","protected":false},"excerpt":{"rendered":"<p>Tyylik\u00e4s neulepipo<\/p>\n","protected":false},"featured_media":53629,"template":"","meta":{"_acf_changed":false},"pwb-brand":[838],"product_brand":[],"product_cat":[628,629],"product_tag":[],"woo-feed-brand":[],"class_list":{"0":"post-17744","1":"product","2":"type-product","3":"status-publish","4":"has-post-thumbnail","6":"pwb-brand-pelle-petterson-fi","7":"product_cat-asusteet","8":"product_cat-asusteet-naiset","10":"first","11":"instock","12":"taxable","13":"shipping-taxable","14":"purchasable","15":"product-type-variable","16":"wvs-archive-product-wrapper"},"acf":[],"brands":[{"id":838,"name":"Pelle Petterson","slug":"pelle-petterson-fi"}],"_links":{"self":[{"href":"https:\/\/nautical.store\/fi\/wp-json\/wp\/v2\/product\/17744","targetHints":{"allow":["GET"]}}],"collection":[{"href":"https:\/\/nautical.store\/fi\/wp-json\/wp\/v2\/product"}],"about":[{"href":"https:\/\/nautical.store\/fi\/wp-json\/wp\/v2\/types\/product"}],"wp:featuredmedia":[{"embeddable":true,"href":"https:\/\/nautical.store\/fi\/wp-json\/wp\/v2\/media\/53629"}],"wp:attachment":[{"href":"https:\/\/nautical.store\/fi\/wp-json\/wp\/v2\/media?parent=17744"}],"wp:term":[{"taxonomy":"pwb-brand","embeddable":true,"href":"https:\/\/nautical.store\/fi\/wp-json\/wp\/v2\/pwb-brand?post=17744"},{"taxonomy":"product_brand","embeddable":true,"href":"https:\/\/nautical.store\/fi\/wp-json\/wp\/v2\/product_brand?post=17744"},{"taxonomy":"product_cat","embeddable":true,"href":"https:\/\/nautical.store\/fi\/wp-json\/wp\/v2\/product_cat?post=17744"},{"taxonomy":"product_tag","embeddable":true,"href":"https:\/\/nautical.store\/fi\/wp-json\/wp\/v2\/product_tag?post=17744"},{"taxonomy":"woo-feed-brand","embeddable":true,"href":"https:\/\/nautical.store\/fi\/wp-json\/wp\/v2\/woo-feed-brand?post=17744"}],"curies":[{"name":"wp","href":"https:\/\/api.w.org\/{rel}","templated":true}]}}