{"id":17754,"date":"2022-01-05T12:47:33","date_gmt":"2022-01-05T10:47:33","guid":{"rendered":"https:\/\/www.nautical.store\/toode\/tide-poolomekko\/"},"modified":"2025-07-18T11:07:17","modified_gmt":"2025-07-18T08:07:17","slug":"tide-poolomekko","status":"publish","type":"product","link":"https:\/\/nautical.store\/fi\/tuote\/tide-poolomekko\/","title":{"rendered":"PelleP Tide Polo -mekko"},"content":{"rendered":"<p><!--StartFragment --><\/p>\n<p>Tide Polo-mekko on valmistettu pehme\u00e4st\u00e4 ja laadukkaasta puuvillasta (95 %) ja ripauksesta elastaania (5 %), joten mekko joustaa just sopivasti ja tuntuu mukavalta p\u00e4\u00e4ll\u00e4. Pikeekangas tuo v\u00e4h\u00e4n skarpimpaa fiilist\u00e4.<\/p>\n<p>Kaula-aukossa on kiinte\u00e4 V-mallinen halkio ja yksinkertainen neulottu kaulus, joka tekee tyylist\u00e4 siistin ja rennon samaan aikaan. Hihansuissa on kaksinkertaiset joustavat ribbireunat, joista l\u00f6ytyy kiva kontrastiraita tuomaan v\u00e4h\u00e4n lis\u00e4potkua. Vy\u00f6t\u00e4r\u00f6ll\u00e4 on kiristysnaru, jolla saat istuvuuden just niin kuin haluat.<\/p>\n<p><!--EndFragment --><\/p>\n","protected":false},"excerpt":{"rendered":"<p>Tide Polo-mekko on valmistettu pehme\u00e4st\u00e4 ja laadukkaasta puuvillasta (95 %) ja ripauksesta elastaania (5 %), joten mekko joustaa just sopivasti ja tuntuu mukavalta p\u00e4\u00e4ll\u00e4. Pikeekangas tuo v\u00e4h\u00e4n skarpimpaa fiilist\u00e4. Kaula-aukossa on kiinte\u00e4 V-mallinen halkio ja yksinkertainen neulottu kaulus, joka tekee tyylist\u00e4 siistin ja rennon samaan aikaan. Hihansuissa on kaksinkertaiset joustavat ribbireunat, joista l\u00f6ytyy kiva kontrastiraita [&hellip;]<\/p>\n","protected":false},"featured_media":58349,"template":"","meta":{"_acf_changed":false},"pwb-brand":[838],"product_brand":[],"product_cat":[877,593,827],"product_tag":[],"woo-feed-brand":[],"class_list":{"0":"post-17754","1":"product","2":"type-product","3":"status-publish","4":"has-post-thumbnail","6":"pwb-brand-pelle-petterson-fi","7":"product_cat-edullinen-hinta-naiset","8":"product_cat-mekot","9":"product_cat-naiset","11":"first","12":"instock","13":"sale","14":"taxable","15":"shipping-taxable","16":"purchasable","17":"product-type-variable","18":"wvs-archive-product-wrapper"},"acf":[],"brands":[{"id":838,"name":"Pelle Petterson","slug":"pelle-petterson-fi"}],"_links":{"self":[{"href":"https:\/\/nautical.store\/fi\/wp-json\/wp\/v2\/product\/17754","targetHints":{"allow":["GET"]}}],"collection":[{"href":"https:\/\/nautical.store\/fi\/wp-json\/wp\/v2\/product"}],"about":[{"href":"https:\/\/nautical.store\/fi\/wp-json\/wp\/v2\/types\/product"}],"wp:featuredmedia":[{"embeddable":true,"href":"https:\/\/nautical.store\/fi\/wp-json\/wp\/v2\/media\/58349"}],"wp:attachment":[{"href":"https:\/\/nautical.store\/fi\/wp-json\/wp\/v2\/media?parent=17754"}],"wp:term":[{"taxonomy":"pwb-brand","embeddable":true,"href":"https:\/\/nautical.store\/fi\/wp-json\/wp\/v2\/pwb-brand?post=17754"},{"taxonomy":"product_brand","embeddable":true,"href":"https:\/\/nautical.store\/fi\/wp-json\/wp\/v2\/product_brand?post=17754"},{"taxonomy":"product_cat","embeddable":true,"href":"https:\/\/nautical.store\/fi\/wp-json\/wp\/v2\/product_cat?post=17754"},{"taxonomy":"product_tag","embeddable":true,"href":"https:\/\/nautical.store\/fi\/wp-json\/wp\/v2\/product_tag?post=17754"},{"taxonomy":"woo-feed-brand","embeddable":true,"href":"https:\/\/nautical.store\/fi\/wp-json\/wp\/v2\/woo-feed-brand?post=17754"}],"curies":[{"name":"wp","href":"https:\/\/api.w.org\/{rel}","templated":true}]}}