{"id":17767,"date":"2022-01-04T15:09:29","date_gmt":"2022-01-04T13:09:29","guid":{"rendered":"https:\/\/www.nautical.store\/toode\/staple-housut\/"},"modified":"2023-10-20T14:13:47","modified_gmt":"2023-10-20T11:13:47","slug":"staple-housut","status":"publish","type":"product","link":"https:\/\/nautical.store\/fi\/tuote\/staple-housut\/","title":{"rendered":"Staple housut"},"content":{"rendered":"<p>Pellavaa ja puuvillaa sekoittavat housut, joissa on miellytt\u00e4v\u00e4n joustava vy\u00f6t\u00e4r\u00f6.<\/p>\n<p>Sis\u00e4pituus koossa:<\/p>\n<p>L: 78 cm<br \/>\nXL: 80 cm<\/p>\n","protected":false},"excerpt":{"rendered":"<p>Pellavaa ja puuvillaa sekoittavat housut, joissa on miellytt\u00e4v\u00e4n joustava vy\u00f6t\u00e4r\u00f6. Sis\u00e4pituus koossa: L: 78 cm XL: 80 cm<\/p>\n","protected":false},"featured_media":9182,"template":"","meta":{"_acf_changed":false},"pwb-brand":[838],"product_brand":[],"product_cat":[2183],"product_tag":[],"woo-feed-brand":[],"class_list":{"0":"post-17767","1":"product","2":"type-product","3":"status-publish","4":"has-post-thumbnail","6":"pwb-brand-pelle-petterson-fi","7":"product_cat-outlet-fi","9":"first","10":"outofstock","11":"taxable","12":"shipping-taxable","13":"product-type-variable","14":"wvs-archive-product-wrapper"},"acf":[],"brands":[{"id":838,"name":"Pelle Petterson","slug":"pelle-petterson-fi"}],"_links":{"self":[{"href":"https:\/\/nautical.store\/fi\/wp-json\/wp\/v2\/product\/17767","targetHints":{"allow":["GET"]}}],"collection":[{"href":"https:\/\/nautical.store\/fi\/wp-json\/wp\/v2\/product"}],"about":[{"href":"https:\/\/nautical.store\/fi\/wp-json\/wp\/v2\/types\/product"}],"wp:featuredmedia":[{"embeddable":true,"href":"https:\/\/nautical.store\/fi\/wp-json\/wp\/v2\/media\/9182"}],"wp:attachment":[{"href":"https:\/\/nautical.store\/fi\/wp-json\/wp\/v2\/media?parent=17767"}],"wp:term":[{"taxonomy":"pwb-brand","embeddable":true,"href":"https:\/\/nautical.store\/fi\/wp-json\/wp\/v2\/pwb-brand?post=17767"},{"taxonomy":"product_brand","embeddable":true,"href":"https:\/\/nautical.store\/fi\/wp-json\/wp\/v2\/product_brand?post=17767"},{"taxonomy":"product_cat","embeddable":true,"href":"https:\/\/nautical.store\/fi\/wp-json\/wp\/v2\/product_cat?post=17767"},{"taxonomy":"product_tag","embeddable":true,"href":"https:\/\/nautical.store\/fi\/wp-json\/wp\/v2\/product_tag?post=17767"},{"taxonomy":"woo-feed-brand","embeddable":true,"href":"https:\/\/nautical.store\/fi\/wp-json\/wp\/v2\/woo-feed-brand?post=17767"}],"curies":[{"name":"wp","href":"https:\/\/api.w.org\/{rel}","templated":true}]}}