{"id":24701,"date":"2022-01-01T15:12:58","date_gmt":"2022-01-01T13:12:58","guid":{"rendered":"https:\/\/www.nautical.store\/toode\/momentum-ls-roundneck-pusero\/"},"modified":"2025-05-18T15:55:27","modified_gmt":"2025-05-18T12:55:27","slug":"momentum-ls-pyoreakaulainen-pusero","status":"publish","type":"product","link":"https:\/\/nautical.store\/fi\/tuote\/momentum-ls-pyoreakaulainen-pusero\/","title":{"rendered":"Momentum LS Pusero"},"content":{"rendered":"<p>Tekninen Momentum LS -pusero on valmistettu venyv\u00e4st\u00e4 kankaasta, joka on hengitt\u00e4v\u00e4 ja kuivuu nopeasti. Suojaa UV-s\u00e4teilylt\u00e4.<\/p>\n","protected":false},"excerpt":{"rendered":"<p>Tekninen Momentum LS -pusero on valmistettu venyv\u00e4st\u00e4 kankaasta, joka on hengitt\u00e4v\u00e4 ja kuivuu nopeasti. Suojaa UV-s\u00e4teilylt\u00e4.<\/p>\n","protected":false},"featured_media":13806,"template":"","meta":{"_acf_changed":false},"pwb-brand":[838],"product_brand":[],"product_cat":[1259,1261,633,682],"product_tag":[],"woo-feed-brand":[],"class_list":{"0":"post-24701","1":"product","2":"type-product","3":"status-publish","4":"has-post-thumbnail","6":"pwb-brand-pelle-petterson-fi","7":"product_cat-miesten-golfvaatteet","8":"product_cat-miesten-purjehdusvaatteet","9":"product_cat-paidat-fi","10":"product_cat-tekniset-vaatteet","12":"first","13":"instock","14":"taxable","15":"shipping-taxable","16":"purchasable","17":"product-type-variable","18":"wvs-archive-product-wrapper"},"acf":[],"brands":[{"id":838,"name":"Pelle Petterson","slug":"pelle-petterson-fi"}],"_links":{"self":[{"href":"https:\/\/nautical.store\/fi\/wp-json\/wp\/v2\/product\/24701","targetHints":{"allow":["GET"]}}],"collection":[{"href":"https:\/\/nautical.store\/fi\/wp-json\/wp\/v2\/product"}],"about":[{"href":"https:\/\/nautical.store\/fi\/wp-json\/wp\/v2\/types\/product"}],"wp:featuredmedia":[{"embeddable":true,"href":"https:\/\/nautical.store\/fi\/wp-json\/wp\/v2\/media\/13806"}],"wp:attachment":[{"href":"https:\/\/nautical.store\/fi\/wp-json\/wp\/v2\/media?parent=24701"}],"wp:term":[{"taxonomy":"pwb-brand","embeddable":true,"href":"https:\/\/nautical.store\/fi\/wp-json\/wp\/v2\/pwb-brand?post=24701"},{"taxonomy":"product_brand","embeddable":true,"href":"https:\/\/nautical.store\/fi\/wp-json\/wp\/v2\/product_brand?post=24701"},{"taxonomy":"product_cat","embeddable":true,"href":"https:\/\/nautical.store\/fi\/wp-json\/wp\/v2\/product_cat?post=24701"},{"taxonomy":"product_tag","embeddable":true,"href":"https:\/\/nautical.store\/fi\/wp-json\/wp\/v2\/product_tag?post=24701"},{"taxonomy":"woo-feed-brand","embeddable":true,"href":"https:\/\/nautical.store\/fi\/wp-json\/wp\/v2\/woo-feed-brand?post=24701"}],"curies":[{"name":"wp","href":"https:\/\/api.w.org\/{rel}","templated":true}]}}