{"id":24737,"date":"2022-01-01T14:29:24","date_gmt":"2022-01-01T12:29:24","guid":{"rendered":"https:\/\/www.nautical.store\/toode\/w-sirocco-liivi\/"},"modified":"2025-05-11T22:57:42","modified_gmt":"2025-05-11T19:57:42","slug":"n-sirocco-liivi","status":"publish","type":"product","link":"https:\/\/nautical.store\/fi\/tuote\/n-sirocco-liivi\/","title":{"rendered":"N Sirocco Liivi"},"content":{"rendered":"<p>Tuulenpit\u00e4v\u00e4st\u00e4 kankaasta valmistettu naisten liivi.<\/p>\n<ul>\n<li>Liiviss\u00e4 on kevyt, hengitt\u00e4v\u00e4 ja eritt\u00e4in l\u00e4mmin Thinsulate-toppaus<\/li>\n<li>Liiviss\u00e4 on kaksi vetoketjullista etutaskua ja sis\u00e4taskua<\/li>\n<li>Koristeltu kumisella P-logolla vasemmassa rinnassa<\/li>\n<li>Koko L sel\u00e4n pituus 67 cm<\/li>\n<\/ul>\n","protected":false},"excerpt":{"rendered":"<p>Tuulenpit\u00e4v\u00e4 tikattu liivi<\/p>\n","protected":false},"featured_media":13782,"template":"","meta":{"_acf_changed":false},"pwb-brand":[838],"product_brand":[],"product_cat":[877,1260,2183,617],"product_tag":[],"woo-feed-brand":[],"class_list":{"0":"post-24737","1":"product","2":"type-product","3":"status-publish","4":"has-post-thumbnail","6":"pwb-brand-pelle-petterson-fi","7":"product_cat-edullinen-hinta-naiset","8":"product_cat-naisten-golfvaatteet","9":"product_cat-outlet-fi","10":"product_cat-paallysvaatteet","12":"first","13":"outofstock","14":"taxable","15":"shipping-taxable","16":"product-type-variable","17":"wvs-archive-product-wrapper"},"acf":[],"brands":[{"id":838,"name":"Pelle Petterson","slug":"pelle-petterson-fi"}],"_links":{"self":[{"href":"https:\/\/nautical.store\/fi\/wp-json\/wp\/v2\/product\/24737","targetHints":{"allow":["GET"]}}],"collection":[{"href":"https:\/\/nautical.store\/fi\/wp-json\/wp\/v2\/product"}],"about":[{"href":"https:\/\/nautical.store\/fi\/wp-json\/wp\/v2\/types\/product"}],"wp:featuredmedia":[{"embeddable":true,"href":"https:\/\/nautical.store\/fi\/wp-json\/wp\/v2\/media\/13782"}],"wp:attachment":[{"href":"https:\/\/nautical.store\/fi\/wp-json\/wp\/v2\/media?parent=24737"}],"wp:term":[{"taxonomy":"pwb-brand","embeddable":true,"href":"https:\/\/nautical.store\/fi\/wp-json\/wp\/v2\/pwb-brand?post=24737"},{"taxonomy":"product_brand","embeddable":true,"href":"https:\/\/nautical.store\/fi\/wp-json\/wp\/v2\/product_brand?post=24737"},{"taxonomy":"product_cat","embeddable":true,"href":"https:\/\/nautical.store\/fi\/wp-json\/wp\/v2\/product_cat?post=24737"},{"taxonomy":"product_tag","embeddable":true,"href":"https:\/\/nautical.store\/fi\/wp-json\/wp\/v2\/product_tag?post=24737"},{"taxonomy":"woo-feed-brand","embeddable":true,"href":"https:\/\/nautical.store\/fi\/wp-json\/wp\/v2\/woo-feed-brand?post=24737"}],"curies":[{"name":"wp","href":"https:\/\/api.w.org\/{rel}","templated":true}]}}