{"id":24758,"date":"2022-02-16T15:01:49","date_gmt":"2022-02-16T13:01:49","guid":{"rendered":"https:\/\/www.nautical.store\/toode\/levo-toppatakki\/"},"modified":"2025-07-01T23:37:00","modified_gmt":"2025-07-01T20:37:00","slug":"levo-toppatakki","status":"publish","type":"product","link":"https:\/\/nautical.store\/fi\/tuote\/levo-toppatakki\/","title":{"rendered":"PelleP Levo kevyt takki"},"content":{"rendered":"<p>T\u00e4m\u00e4 tekninen v\u00e4likerros on harjattu sis\u00e4lt\u00e4, joten se tuntuu l\u00e4mpim\u00e4lt\u00e4 ja mukavalta p\u00e4\u00e4ll\u00e4. Hihat on tehty nelj\u00e4\u00e4n suuntaan joustavasta materiaalista, joka antaa liikkumisen vapautta, ja vartalo-osassa on tuulenpit\u00e4v\u00e4, tikattu nailon. Edess\u00e4 on YKK-vetoketju ja kaksi vetoketjullista taskua.<\/p>\n<p><!--StartFragment --><\/p>\n<ul>\n<li>Materiaali: 95 % polyesteri\u00e4, 5 % elastaania \u2013 nelj\u00e4\u00e4n suuntaan joustava kangas<\/li>\n<li>Siirt\u00e4\u00e4 kosteutta tehokkaasti<\/li>\n<li>Harjattu sis\u00e4pinta tuo l\u00e4mp\u00f6\u00e4 ja mukavuutta<\/li>\n<li>100 % nailonia oleva hunajakennotikkaus vartalo-osassa<\/li>\n<li>YKK:n k\u00e4\u00e4nteinen vetoketju edess\u00e4<\/li>\n<li>P-logolla varustettu vetoketjun vedin<\/li>\n<li>2 YKK-vetoketjutaskua edess\u00e4<\/li>\n<li>Lycra-sidonta hihoissa ja helmassa<\/li>\n<li>P-logomerkki, jossa kohokuvioitu kumiprintti vasemmassa hihassa<\/li>\n<li>Normaali istuvuus <!--EndFragment --><\/li>\n<\/ul>\n","protected":false},"excerpt":{"rendered":"<p>Mukava tikattu takki<\/p>\n","protected":false},"featured_media":13882,"template":"","meta":{"_acf_changed":false},"pwb-brand":[838],"product_brand":[],"product_cat":[1259,1261,702,682],"product_tag":[],"woo-feed-brand":[],"class_list":{"0":"post-24758","1":"product","2":"type-product","3":"status-publish","4":"has-post-thumbnail","6":"pwb-brand-pelle-petterson-fi","7":"product_cat-miesten-golfvaatteet","8":"product_cat-miesten-purjehdusvaatteet","9":"product_cat-paallysvaatteet-miehet","10":"product_cat-tekniset-vaatteet","12":"first","13":"instock","14":"sale","15":"taxable","16":"shipping-taxable","17":"purchasable","18":"product-type-variable","19":"wvs-archive-product-wrapper"},"acf":[],"brands":[{"id":838,"name":"Pelle Petterson","slug":"pelle-petterson-fi"}],"_links":{"self":[{"href":"https:\/\/nautical.store\/fi\/wp-json\/wp\/v2\/product\/24758","targetHints":{"allow":["GET"]}}],"collection":[{"href":"https:\/\/nautical.store\/fi\/wp-json\/wp\/v2\/product"}],"about":[{"href":"https:\/\/nautical.store\/fi\/wp-json\/wp\/v2\/types\/product"}],"wp:featuredmedia":[{"embeddable":true,"href":"https:\/\/nautical.store\/fi\/wp-json\/wp\/v2\/media\/13882"}],"wp:attachment":[{"href":"https:\/\/nautical.store\/fi\/wp-json\/wp\/v2\/media?parent=24758"}],"wp:term":[{"taxonomy":"pwb-brand","embeddable":true,"href":"https:\/\/nautical.store\/fi\/wp-json\/wp\/v2\/pwb-brand?post=24758"},{"taxonomy":"product_brand","embeddable":true,"href":"https:\/\/nautical.store\/fi\/wp-json\/wp\/v2\/product_brand?post=24758"},{"taxonomy":"product_cat","embeddable":true,"href":"https:\/\/nautical.store\/fi\/wp-json\/wp\/v2\/product_cat?post=24758"},{"taxonomy":"product_tag","embeddable":true,"href":"https:\/\/nautical.store\/fi\/wp-json\/wp\/v2\/product_tag?post=24758"},{"taxonomy":"woo-feed-brand","embeddable":true,"href":"https:\/\/nautical.store\/fi\/wp-json\/wp\/v2\/woo-feed-brand?post=24758"}],"curies":[{"name":"wp","href":"https:\/\/api.w.org\/{rel}","templated":true}]}}