{"id":24773,"date":"2022-02-16T15:16:07","date_gmt":"2022-02-16T13:16:07","guid":{"rendered":"https:\/\/www.nautical.store\/toode\/n-levo-toppatakki\/"},"modified":"2025-11-11T20:52:18","modified_gmt":"2025-11-11T18:52:18","slug":"n-levo-toppatakki","status":"publish","type":"product","link":"https:\/\/nautical.store\/fi\/tuote\/n-levo-toppatakki\/","title":{"rendered":"PelleP Naisten Tikkitakki Levo"},"content":{"rendered":"<p>Levo-tekninen naisten takki on sis\u00e4lt\u00e4 pehme\u00e4 ja harjattu, mik\u00e4 tuo l\u00e4mp\u00f6\u00e4 ja mukavuutta. Hihat on valmistettu nelj\u00e4\u00e4n suuntaan joustavasta materiaalista, joka takaa maksimaalisen liikkumisvapauden, kun taas vartalo-osa on tuulenpit\u00e4v\u00e4\u00e4, tikattua nailonia, tarjoten lis\u00e4suojaa s\u00e4\u00e4olosuhteilta. Takissa on YKK-etuvetoketju ja kaksi vetoketjullista taskua. Sopii erinomaisesti sek\u00e4 golfkent\u00e4lle ett\u00e4 vapaa-aikaan.<\/p>\n<ul>\n<li>Nelj\u00e4\u00e4n suuntaan joustava materiaali takaa mukavuuden ja liikkumisvapauden<\/li>\n<li>Kosteutta siirt\u00e4v\u00e4<\/li>\n<li>Pehme\u00e4 ja l\u00e4mmin sis\u00e4vuori<\/li>\n<li>Kaksi YKK-vetoketjullista etutaskua<\/li>\n<li>Normaali istuvuus<\/li>\n<\/ul>\n","protected":false},"excerpt":{"rendered":"<p>Mukava ja kevyt naisten tikkitakki<\/p>\n","protected":false},"featured_media":85376,"template":"","meta":{"_acf_changed":false},"pwb-brand":[838],"product_brand":[],"product_cat":[1260,1262,617,726],"product_tag":[],"woo-feed-brand":[],"class_list":{"0":"post-24773","1":"product","2":"type-product","3":"status-publish","4":"has-post-thumbnail","6":"pwb-brand-pelle-petterson-fi","7":"product_cat-naisten-golfvaatteet","8":"product_cat-naisten-purjehdusvaatteet","9":"product_cat-paallysvaatteet","10":"product_cat-tekniset-vaatteet-naiset","12":"first","13":"instock","14":"taxable","15":"shipping-taxable","16":"purchasable","17":"product-type-variable","18":"wvs-archive-product-wrapper"},"acf":[],"brands":[{"id":838,"name":"Pelle Petterson","slug":"pelle-petterson-fi"}],"_links":{"self":[{"href":"https:\/\/nautical.store\/fi\/wp-json\/wp\/v2\/product\/24773","targetHints":{"allow":["GET"]}}],"collection":[{"href":"https:\/\/nautical.store\/fi\/wp-json\/wp\/v2\/product"}],"about":[{"href":"https:\/\/nautical.store\/fi\/wp-json\/wp\/v2\/types\/product"}],"wp:featuredmedia":[{"embeddable":true,"href":"https:\/\/nautical.store\/fi\/wp-json\/wp\/v2\/media\/85376"}],"wp:attachment":[{"href":"https:\/\/nautical.store\/fi\/wp-json\/wp\/v2\/media?parent=24773"}],"wp:term":[{"taxonomy":"pwb-brand","embeddable":true,"href":"https:\/\/nautical.store\/fi\/wp-json\/wp\/v2\/pwb-brand?post=24773"},{"taxonomy":"product_brand","embeddable":true,"href":"https:\/\/nautical.store\/fi\/wp-json\/wp\/v2\/product_brand?post=24773"},{"taxonomy":"product_cat","embeddable":true,"href":"https:\/\/nautical.store\/fi\/wp-json\/wp\/v2\/product_cat?post=24773"},{"taxonomy":"product_tag","embeddable":true,"href":"https:\/\/nautical.store\/fi\/wp-json\/wp\/v2\/product_tag?post=24773"},{"taxonomy":"woo-feed-brand","embeddable":true,"href":"https:\/\/nautical.store\/fi\/wp-json\/wp\/v2\/woo-feed-brand?post=24773"}],"curies":[{"name":"wp","href":"https:\/\/api.w.org\/{rel}","templated":true}]}}