{"id":24844,"date":"2022-02-24T13:39:31","date_gmt":"2022-02-24T11:39:31","guid":{"rendered":"https:\/\/www.nautical.store\/toode\/tone-mekko\/"},"modified":"2025-10-02T21:58:51","modified_gmt":"2025-10-02T18:58:51","slug":"tone-kleit","status":"publish","type":"product","link":"https:\/\/nautical.store\/fi\/tuote\/tone-kleit\/","title":{"rendered":"Tone mekko"},"content":{"rendered":"<p><!--StartFragment --><\/p>\n<p>Pehme\u00e4 ja ilmava mekko, joka on neulottu Milano-tekniikalla. Pituudeltaan polvimittainen, mukavan v\u00e4lj\u00e4 ja sel\u00e4ss\u00e4 kaksi leikkis\u00e4\u00e4 laskosta, jotka tuovat ilmett\u00e4 ja liikkuvuutta.<\/p>\n<p>Tuotetiedot:<\/p>\n<ul>\n<li>Kaksi laskosta ja leikkaus sel\u00e4ss\u00e4<\/li>\n<li>V\u00e4lj\u00e4 ja mukava istuvuus<\/li>\n<li>100 % puuvillaa<\/li>\n<li>Valmistettu Euroopassa<\/li>\n<\/ul>\n<p>Mekon pituus selk\u00e4puolelta mitattuna:<\/p>\n<ul>\n<li>XS 93 cm<\/li>\n<li>S 94 cm<\/li>\n<li>M 94 cm<\/li>\n<li>L 98 cm<\/li>\n<li>XL 101 cm<\/li>\n<\/ul>\n<p><!--EndFragment --><\/p>\n","protected":false},"excerpt":{"rendered":"<p>Milano-tyylinen neulemekko \u2013 rento ja tyylik\u00e4s valinta arkeen<\/p>\n","protected":false},"featured_media":14125,"template":"","meta":{"_acf_changed":false},"pwb-brand":[836],"product_brand":[],"product_cat":[877,593,827],"product_tag":[],"woo-feed-brand":[],"class_list":{"0":"post-24844","1":"product","2":"type-product","3":"status-publish","4":"has-post-thumbnail","6":"pwb-brand-holebrook-fi","7":"product_cat-edullinen-hinta-naiset","8":"product_cat-mekot","9":"product_cat-naiset","11":"first","12":"instock","13":"sale","14":"taxable","15":"shipping-taxable","16":"purchasable","17":"product-type-variable","18":"wvs-archive-product-wrapper"},"acf":[],"brands":[{"id":836,"name":"Holebrook","slug":"holebrook-fi"}],"_links":{"self":[{"href":"https:\/\/nautical.store\/fi\/wp-json\/wp\/v2\/product\/24844","targetHints":{"allow":["GET"]}}],"collection":[{"href":"https:\/\/nautical.store\/fi\/wp-json\/wp\/v2\/product"}],"about":[{"href":"https:\/\/nautical.store\/fi\/wp-json\/wp\/v2\/types\/product"}],"wp:featuredmedia":[{"embeddable":true,"href":"https:\/\/nautical.store\/fi\/wp-json\/wp\/v2\/media\/14125"}],"wp:attachment":[{"href":"https:\/\/nautical.store\/fi\/wp-json\/wp\/v2\/media?parent=24844"}],"wp:term":[{"taxonomy":"pwb-brand","embeddable":true,"href":"https:\/\/nautical.store\/fi\/wp-json\/wp\/v2\/pwb-brand?post=24844"},{"taxonomy":"product_brand","embeddable":true,"href":"https:\/\/nautical.store\/fi\/wp-json\/wp\/v2\/product_brand?post=24844"},{"taxonomy":"product_cat","embeddable":true,"href":"https:\/\/nautical.store\/fi\/wp-json\/wp\/v2\/product_cat?post=24844"},{"taxonomy":"product_tag","embeddable":true,"href":"https:\/\/nautical.store\/fi\/wp-json\/wp\/v2\/product_tag?post=24844"},{"taxonomy":"woo-feed-brand","embeddable":true,"href":"https:\/\/nautical.store\/fi\/wp-json\/wp\/v2\/woo-feed-brand?post=24844"}],"curies":[{"name":"wp","href":"https:\/\/api.w.org\/{rel}","templated":true}]}}