{"id":24855,"date":"2022-02-25T15:30:44","date_gmt":"2022-02-25T13:30:44","guid":{"rendered":"https:\/\/www.nautical.store\/toode\/simone-mekko\/"},"modified":"2023-10-09T18:55:48","modified_gmt":"2023-10-09T15:55:48","slug":"simone-kleit","status":"publish","type":"product","link":"https:\/\/nautical.store\/fi\/tuote\/simone-kleit\/","title":{"rendered":"Simone mekko"},"content":{"rendered":"<p>Miellytt\u00e4v\u00e4 viskoosinen tunikamekko, sivuissa s\u00e4\u00e4dett\u00e4v\u00e4t nauhat.<\/p>\n<p>Mekon pituudet sel\u00e4st\u00e4 mitattuna:<br \/>\nXS 101 cm<br \/>\nS 103 cm<br \/>\nM 104 cm<br \/>\nL 114 cm<\/p>\n","protected":false},"excerpt":{"rendered":"<p>Miellytt\u00e4v\u00e4 viskoosinen tunikamekko, sivuissa s\u00e4\u00e4dett\u00e4v\u00e4t nauhat. Mekon pituudet sel\u00e4st\u00e4 mitattuna: XS 101 cm S 103 cm M 104 cm L 114 cm<\/p>\n","protected":false},"featured_media":14168,"template":"","meta":{"_acf_changed":false},"pwb-brand":[836],"product_brand":[],"product_cat":[877,593,827],"product_tag":[],"woo-feed-brand":[],"class_list":{"0":"post-24855","1":"product","2":"type-product","3":"status-publish","4":"has-post-thumbnail","6":"pwb-brand-holebrook-fi","7":"product_cat-edullinen-hinta-naiset","8":"product_cat-mekot","9":"product_cat-naiset","11":"first","12":"instock","13":"sale","14":"taxable","15":"shipping-taxable","16":"purchasable","17":"product-type-variable","18":"wvs-archive-product-wrapper"},"acf":[],"brands":[{"id":836,"name":"Holebrook","slug":"holebrook-fi"}],"_links":{"self":[{"href":"https:\/\/nautical.store\/fi\/wp-json\/wp\/v2\/product\/24855","targetHints":{"allow":["GET"]}}],"collection":[{"href":"https:\/\/nautical.store\/fi\/wp-json\/wp\/v2\/product"}],"about":[{"href":"https:\/\/nautical.store\/fi\/wp-json\/wp\/v2\/types\/product"}],"wp:featuredmedia":[{"embeddable":true,"href":"https:\/\/nautical.store\/fi\/wp-json\/wp\/v2\/media\/14168"}],"wp:attachment":[{"href":"https:\/\/nautical.store\/fi\/wp-json\/wp\/v2\/media?parent=24855"}],"wp:term":[{"taxonomy":"pwb-brand","embeddable":true,"href":"https:\/\/nautical.store\/fi\/wp-json\/wp\/v2\/pwb-brand?post=24855"},{"taxonomy":"product_brand","embeddable":true,"href":"https:\/\/nautical.store\/fi\/wp-json\/wp\/v2\/product_brand?post=24855"},{"taxonomy":"product_cat","embeddable":true,"href":"https:\/\/nautical.store\/fi\/wp-json\/wp\/v2\/product_cat?post=24855"},{"taxonomy":"product_tag","embeddable":true,"href":"https:\/\/nautical.store\/fi\/wp-json\/wp\/v2\/product_tag?post=24855"},{"taxonomy":"woo-feed-brand","embeddable":true,"href":"https:\/\/nautical.store\/fi\/wp-json\/wp\/v2\/woo-feed-brand?post=24855"}],"curies":[{"name":"wp","href":"https:\/\/api.w.org\/{rel}","templated":true}]}}