{"id":24870,"date":"2022-02-25T15:38:57","date_gmt":"2022-02-25T13:38:57","guid":{"rendered":"https:\/\/www.nautical.store\/toode\/simone-housut\/"},"modified":"2026-03-30T10:49:01","modified_gmt":"2026-03-30T07:49:01","slug":"simone-puksid","status":"publish","type":"product","link":"https:\/\/nautical.store\/fi\/tuote\/simone-puksid\/","title":{"rendered":"Simone Housut"},"content":{"rendered":"<p>Ohutuksesta ja hienoneuloksisesta materiaalista valmistetut housut, joissa on suora leikkaus, regular\u2011mitoitus ja joustava vy\u00f6t\u00e4r\u00f6. Lahkeet ovat hieman lyhennetyt.<\/p>\n<p>Materiaali: 98 % viskoosia, 2 % elastaania<\/p>\n<ul>\n<li>Hienoneuloksinen, ohut materiaali<\/li>\n<li>Suora lahjeleikkaus<\/li>\n<li>Joustava vy\u00f6t\u00e4r\u00f6<\/li>\n<li>Regular fit \u2011mitoitus<\/li>\n<li>Valmistettu Euroopassa<\/li>\n<\/ul>\n<p>Housujen kokonaispituus:<\/p>\n<ul>\n<li>XS 86 cm<\/li>\n<li>S 92 cm<\/li>\n<li>M 100 cm<\/li>\n<li>L 104 cm<\/li>\n<\/ul>\n","protected":false},"excerpt":{"rendered":"<p>LOPPUUNMYYNTI! VIIMEISET KOOT<\/p>\n","protected":false},"featured_media":14195,"template":"","meta":{"_acf_changed":false},"pwb-brand":[836],"product_brand":[],"product_cat":[877,640,827,2183],"product_tag":[],"woo-feed-brand":[],"class_list":{"0":"post-24870","1":"product","2":"type-product","3":"status-publish","4":"has-post-thumbnail","6":"pwb-brand-holebrook-fi","7":"product_cat-edullinen-hinta-naiset","8":"product_cat-housut-fi","9":"product_cat-naiset","10":"product_cat-outlet-fi","12":"first","13":"instock","14":"sale","15":"taxable","16":"shipping-taxable","17":"purchasable","18":"product-type-variable","19":"wvs-archive-product-wrapper"},"acf":[],"brands":[{"id":836,"name":"Holebrook","slug":"holebrook-fi"}],"_links":{"self":[{"href":"https:\/\/nautical.store\/fi\/wp-json\/wp\/v2\/product\/24870","targetHints":{"allow":["GET"]}}],"collection":[{"href":"https:\/\/nautical.store\/fi\/wp-json\/wp\/v2\/product"}],"about":[{"href":"https:\/\/nautical.store\/fi\/wp-json\/wp\/v2\/types\/product"}],"wp:featuredmedia":[{"embeddable":true,"href":"https:\/\/nautical.store\/fi\/wp-json\/wp\/v2\/media\/14195"}],"wp:attachment":[{"href":"https:\/\/nautical.store\/fi\/wp-json\/wp\/v2\/media?parent=24870"}],"wp:term":[{"taxonomy":"pwb-brand","embeddable":true,"href":"https:\/\/nautical.store\/fi\/wp-json\/wp\/v2\/pwb-brand?post=24870"},{"taxonomy":"product_brand","embeddable":true,"href":"https:\/\/nautical.store\/fi\/wp-json\/wp\/v2\/product_brand?post=24870"},{"taxonomy":"product_cat","embeddable":true,"href":"https:\/\/nautical.store\/fi\/wp-json\/wp\/v2\/product_cat?post=24870"},{"taxonomy":"product_tag","embeddable":true,"href":"https:\/\/nautical.store\/fi\/wp-json\/wp\/v2\/product_tag?post=24870"},{"taxonomy":"woo-feed-brand","embeddable":true,"href":"https:\/\/nautical.store\/fi\/wp-json\/wp\/v2\/woo-feed-brand?post=24870"}],"curies":[{"name":"wp","href":"https:\/\/api.w.org\/{rel}","templated":true}]}}