{"id":26800,"date":"2022-03-28T14:51:46","date_gmt":"2022-03-28T11:51:46","guid":{"rendered":"https:\/\/www.nautical.store\/toode\/gry-hame\/"},"modified":"2025-10-12T15:07:55","modified_gmt":"2025-10-12T12:07:55","slug":"gry-seelik","status":"publish","type":"product","link":"https:\/\/nautical.store\/fi\/tuote\/gry-seelik\/","title":{"rendered":"Gry Hame"},"content":{"rendered":"<p>Lyhyempi kaksipuoleinen neulehame, valmistettu 100 % luomupuuvillasta. Joustava vy\u00f6t\u00e4r\u00f6 tekee siit\u00e4 mukavan ja helppok\u00e4ytt\u00f6isen arjen menoihin.<br \/>\n\u2022 Joustava vy\u00f6t\u00e4r\u00f6nauha<br \/>\n\u2022 Suora malli<br \/>\n\u2022 Kaksipuoleinen neulos<br \/>\n\u2022 100 % luomupuuvillaa<br \/>\n\u2022 Valmistettu Euroopassa<\/p>\n","protected":false},"excerpt":{"rendered":"<p>Kaksipuoleinen neulehame 100 % luomupuuvillasta<\/p>\n","protected":false},"featured_media":33663,"template":"","meta":{"_acf_changed":false},"pwb-brand":[836],"product_brand":[],"product_cat":[877,639,827,601,2183],"product_tag":[],"woo-feed-brand":[],"class_list":{"0":"post-26800","1":"product","2":"type-product","3":"status-publish","4":"has-post-thumbnail","6":"pwb-brand-holebrook-fi","7":"product_cat-edullinen-hinta-naiset","8":"product_cat-hameet","9":"product_cat-naiset","10":"product_cat-neuleet","11":"product_cat-outlet-fi","13":"first","14":"instock","15":"sale","16":"taxable","17":"shipping-taxable","18":"purchasable","19":"product-type-variable","20":"wvs-archive-product-wrapper"},"acf":[],"brands":[{"id":836,"name":"Holebrook","slug":"holebrook-fi"}],"_links":{"self":[{"href":"https:\/\/nautical.store\/fi\/wp-json\/wp\/v2\/product\/26800","targetHints":{"allow":["GET"]}}],"collection":[{"href":"https:\/\/nautical.store\/fi\/wp-json\/wp\/v2\/product"}],"about":[{"href":"https:\/\/nautical.store\/fi\/wp-json\/wp\/v2\/types\/product"}],"wp:featuredmedia":[{"embeddable":true,"href":"https:\/\/nautical.store\/fi\/wp-json\/wp\/v2\/media\/33663"}],"wp:attachment":[{"href":"https:\/\/nautical.store\/fi\/wp-json\/wp\/v2\/media?parent=26800"}],"wp:term":[{"taxonomy":"pwb-brand","embeddable":true,"href":"https:\/\/nautical.store\/fi\/wp-json\/wp\/v2\/pwb-brand?post=26800"},{"taxonomy":"product_brand","embeddable":true,"href":"https:\/\/nautical.store\/fi\/wp-json\/wp\/v2\/product_brand?post=26800"},{"taxonomy":"product_cat","embeddable":true,"href":"https:\/\/nautical.store\/fi\/wp-json\/wp\/v2\/product_cat?post=26800"},{"taxonomy":"product_tag","embeddable":true,"href":"https:\/\/nautical.store\/fi\/wp-json\/wp\/v2\/product_tag?post=26800"},{"taxonomy":"woo-feed-brand","embeddable":true,"href":"https:\/\/nautical.store\/fi\/wp-json\/wp\/v2\/woo-feed-brand?post=26800"}],"curies":[{"name":"wp","href":"https:\/\/api.w.org\/{rel}","templated":true}]}}