{"id":28785,"date":"2022-05-17T10:27:01","date_gmt":"2022-05-17T07:27:01","guid":{"rendered":"https:\/\/www.nautical.store\/toode\/w-momentum-shorts\/"},"modified":"2026-03-30T09:53:02","modified_gmt":"2026-03-30T06:53:02","slug":"n-lyhyet-momentum-housut","status":"publish","type":"product","link":"https:\/\/nautical.store\/fi\/tuote\/n-lyhyet-momentum-housut\/","title":{"rendered":"PelleP Momentum Lyhyet housut"},"content":{"rendered":"<p>Momentum\u2011shortsit ovat tekniset shortsit, jotka on valmistettu nelj\u00e4\u00e4n suuntaan joustavasta materiaalista mukavan istuvuuden varmistamiseksi. Kankaan pinta hylkii vett\u00e4, hengitt\u00e4\u00e4 hyvin eik\u00e4 rypisty k\u00e4yt\u00f6ss\u00e4.<\/p>\n","protected":false},"excerpt":{"rendered":"<p>Momentum\u2011shortsit ovat tekniset shortsit, jotka on valmistettu nelj\u00e4\u00e4n suuntaan joustavasta materiaalista mukavan istuvuuden varmistamiseksi. Kankaan pinta hylkii vett\u00e4, hengitt\u00e4\u00e4 hyvin eik\u00e4 rypisty k\u00e4yt\u00f6ss\u00e4.<\/p>\n","protected":false},"featured_media":28653,"template":"","meta":{"_acf_changed":false},"pwb-brand":[838],"product_brand":[],"product_cat":[877,1180,640,827,1260,726],"product_tag":[],"woo-feed-brand":[],"class_list":{"0":"post-28785","1":"product","2":"type-product","3":"status-publish","4":"has-post-thumbnail","6":"pwb-brand-pelle-petterson-fi","7":"product_cat-edullinen-hinta-naiset","8":"product_cat-golf-fi","9":"product_cat-housut-fi","10":"product_cat-naiset","11":"product_cat-naisten-golfvaatteet","12":"product_cat-tekniset-vaatteet-naiset","14":"first","15":"instock","16":"sale","17":"taxable","18":"shipping-taxable","19":"purchasable","20":"product-type-variable","21":"wvs-archive-product-wrapper"},"acf":[],"brands":[{"id":838,"name":"Pelle Petterson","slug":"pelle-petterson-fi"}],"_links":{"self":[{"href":"https:\/\/nautical.store\/fi\/wp-json\/wp\/v2\/product\/28785","targetHints":{"allow":["GET"]}}],"collection":[{"href":"https:\/\/nautical.store\/fi\/wp-json\/wp\/v2\/product"}],"about":[{"href":"https:\/\/nautical.store\/fi\/wp-json\/wp\/v2\/types\/product"}],"wp:featuredmedia":[{"embeddable":true,"href":"https:\/\/nautical.store\/fi\/wp-json\/wp\/v2\/media\/28653"}],"wp:attachment":[{"href":"https:\/\/nautical.store\/fi\/wp-json\/wp\/v2\/media?parent=28785"}],"wp:term":[{"taxonomy":"pwb-brand","embeddable":true,"href":"https:\/\/nautical.store\/fi\/wp-json\/wp\/v2\/pwb-brand?post=28785"},{"taxonomy":"product_brand","embeddable":true,"href":"https:\/\/nautical.store\/fi\/wp-json\/wp\/v2\/product_brand?post=28785"},{"taxonomy":"product_cat","embeddable":true,"href":"https:\/\/nautical.store\/fi\/wp-json\/wp\/v2\/product_cat?post=28785"},{"taxonomy":"product_tag","embeddable":true,"href":"https:\/\/nautical.store\/fi\/wp-json\/wp\/v2\/product_tag?post=28785"},{"taxonomy":"woo-feed-brand","embeddable":true,"href":"https:\/\/nautical.store\/fi\/wp-json\/wp\/v2\/woo-feed-brand?post=28785"}],"curies":[{"name":"wp","href":"https:\/\/api.w.org\/{rel}","templated":true}]}}