{"id":28798,"date":"2022-05-17T10:07:26","date_gmt":"2022-05-17T07:07:26","guid":{"rendered":"https:\/\/www.nautical.store\/toode\/w-active-capri\/"},"modified":"2023-12-21T14:40:22","modified_gmt":"2023-12-21T12:40:22","slug":"w-active-capri-puksid","status":"publish","type":"product","link":"https:\/\/nautical.store\/fi\/tuote\/w-active-capri-puksid\/","title":{"rendered":"N Active Capri housut"},"content":{"rendered":"<p>Naisten Active Capri -housut on valmistettu nelj\u00e4\u00e4n suuntaan joustavasta kankaasta, joka takaa miellytt\u00e4v\u00e4n istuvuuden. Nopeasti kuivuva kangas on vett\u00e4hylkiv\u00e4\u00e4 ja hengitt\u00e4v\u00e4\u00e4, eik\u00e4 se rypisty.<\/p>\n","protected":false},"excerpt":{"rendered":"<p>Naisten Active Capri -housut on valmistettu nelj\u00e4\u00e4n suuntaan joustavasta kankaasta, joka takaa miellytt\u00e4v\u00e4n istuvuuden. Nopeasti kuivuva kangas on vett\u00e4hylkiv\u00e4\u00e4 ja hengitt\u00e4v\u00e4\u00e4, eik\u00e4 se rypisty.<\/p>\n","protected":false},"featured_media":28624,"template":"","meta":{"_acf_changed":false},"pwb-brand":[838],"product_brand":[],"product_cat":[640,1260,726],"product_tag":[],"woo-feed-brand":[],"class_list":{"0":"post-28798","1":"product","2":"type-product","3":"status-publish","4":"has-post-thumbnail","6":"pwb-brand-pelle-petterson-fi","7":"product_cat-housut-fi","8":"product_cat-naisten-golfvaatteet","9":"product_cat-tekniset-vaatteet-naiset","11":"first","12":"instock","13":"sale","14":"taxable","15":"shipping-taxable","16":"purchasable","17":"product-type-variable","18":"wvs-archive-product-wrapper"},"acf":[],"brands":[{"id":838,"name":"Pelle Petterson","slug":"pelle-petterson-fi"}],"_links":{"self":[{"href":"https:\/\/nautical.store\/fi\/wp-json\/wp\/v2\/product\/28798","targetHints":{"allow":["GET"]}}],"collection":[{"href":"https:\/\/nautical.store\/fi\/wp-json\/wp\/v2\/product"}],"about":[{"href":"https:\/\/nautical.store\/fi\/wp-json\/wp\/v2\/types\/product"}],"wp:featuredmedia":[{"embeddable":true,"href":"https:\/\/nautical.store\/fi\/wp-json\/wp\/v2\/media\/28624"}],"wp:attachment":[{"href":"https:\/\/nautical.store\/fi\/wp-json\/wp\/v2\/media?parent=28798"}],"wp:term":[{"taxonomy":"pwb-brand","embeddable":true,"href":"https:\/\/nautical.store\/fi\/wp-json\/wp\/v2\/pwb-brand?post=28798"},{"taxonomy":"product_brand","embeddable":true,"href":"https:\/\/nautical.store\/fi\/wp-json\/wp\/v2\/product_brand?post=28798"},{"taxonomy":"product_cat","embeddable":true,"href":"https:\/\/nautical.store\/fi\/wp-json\/wp\/v2\/product_cat?post=28798"},{"taxonomy":"product_tag","embeddable":true,"href":"https:\/\/nautical.store\/fi\/wp-json\/wp\/v2\/product_tag?post=28798"},{"taxonomy":"woo-feed-brand","embeddable":true,"href":"https:\/\/nautical.store\/fi\/wp-json\/wp\/v2\/woo-feed-brand?post=28798"}],"curies":[{"name":"wp","href":"https:\/\/api.w.org\/{rel}","templated":true}]}}