{"id":28823,"date":"2022-04-29T13:46:04","date_gmt":"2022-04-29T10:46:04","guid":{"rendered":"https:\/\/www.nautical.store\/toode\/underwear-3-pack\/"},"modified":"2026-04-16T23:28:45","modified_gmt":"2026-04-16T20:28:45","slug":"aluspesu-3-pakk","status":"publish","type":"product","link":"https:\/\/nautical.store\/fi\/tuote\/aluspesu-3-pakk\/","title":{"rendered":"PelleP Bokserit 3\u2011pack"},"content":{"rendered":"<p data-start=\"0\" data-end=\"175\">Miesten bokserit, valmistettu puuvilla\u2013elastaanisekoitteesta. Boksereissa on leve\u00e4 joustava vy\u00f6t\u00e4r\u00f6nauha, ja ne toimitetaan kolmen kappaleen pakkauksessa kolmessa eri v\u00e4riss\u00e4.<\/p>\n<p data-start=\"177\" data-end=\"219\">Materiaali: 95 % puuvillaa, 5 % elastaania<\/p>\n<p data-start=\"221\" data-end=\"300\" data-is-last-node=\"\" data-is-only-node=\"\">\u2022 3-pack<br data-start=\"229\" data-end=\"232\" \/>\u2022 Joustava vy\u00f6t\u00e4r\u00f6nauha<br data-start=\"255\" data-end=\"258\" data-is-only-node=\"\" \/>\u2022 Pelle P -logolla varustettu vy\u00f6t\u00e4r\u00f6nauha<\/p>\n","protected":false},"excerpt":{"rendered":"<p>Miesten bokserit, valmistettu puuvilla\u2013elastaanisekoitteesta. Boksereissa on leve\u00e4 joustava vy\u00f6t\u00e4r\u00f6nauha, ja ne toimitetaan kolmen kappaleen pakkauksessa kolmessa eri v\u00e4riss\u00e4. Materiaali: 95 % puuvillaa, 5 % elastaania \u2022 3-pack\u2022 Joustava vy\u00f6t\u00e4r\u00f6nauha\u2022 Pelle P -logolla varustettu vy\u00f6t\u00e4r\u00f6nauha<\/p>\n","protected":false},"featured_media":28169,"template":"","meta":{"_acf_changed":false},"pwb-brand":[838],"product_brand":[],"product_cat":[610,777],"product_tag":[],"woo-feed-brand":[],"class_list":{"0":"post-28823","1":"product","2":"type-product","3":"status-publish","4":"has-post-thumbnail","6":"pwb-brand-pelle-petterson-fi","7":"product_cat-housut","8":"product_cat-miehet","10":"first","11":"instock","12":"taxable","13":"shipping-taxable","14":"purchasable","15":"product-type-variable","16":"wvs-archive-product-wrapper"},"acf":[],"brands":[{"id":838,"name":"Pelle Petterson","slug":"pelle-petterson-fi"}],"_links":{"self":[{"href":"https:\/\/nautical.store\/fi\/wp-json\/wp\/v2\/product\/28823","targetHints":{"allow":["GET"]}}],"collection":[{"href":"https:\/\/nautical.store\/fi\/wp-json\/wp\/v2\/product"}],"about":[{"href":"https:\/\/nautical.store\/fi\/wp-json\/wp\/v2\/types\/product"}],"wp:featuredmedia":[{"embeddable":true,"href":"https:\/\/nautical.store\/fi\/wp-json\/wp\/v2\/media\/28169"}],"wp:attachment":[{"href":"https:\/\/nautical.store\/fi\/wp-json\/wp\/v2\/media?parent=28823"}],"wp:term":[{"taxonomy":"pwb-brand","embeddable":true,"href":"https:\/\/nautical.store\/fi\/wp-json\/wp\/v2\/pwb-brand?post=28823"},{"taxonomy":"product_brand","embeddable":true,"href":"https:\/\/nautical.store\/fi\/wp-json\/wp\/v2\/product_brand?post=28823"},{"taxonomy":"product_cat","embeddable":true,"href":"https:\/\/nautical.store\/fi\/wp-json\/wp\/v2\/product_cat?post=28823"},{"taxonomy":"product_tag","embeddable":true,"href":"https:\/\/nautical.store\/fi\/wp-json\/wp\/v2\/product_tag?post=28823"},{"taxonomy":"woo-feed-brand","embeddable":true,"href":"https:\/\/nautical.store\/fi\/wp-json\/wp\/v2\/woo-feed-brand?post=28823"}],"curies":[{"name":"wp","href":"https:\/\/api.w.org\/{rel}","templated":true}]}}