{"id":28844,"date":"2022-04-29T12:23:34","date_gmt":"2022-04-29T09:23:34","guid":{"rendered":"https:\/\/www.nautical.store\/toode\/w-napo-sweatpants\/"},"modified":"2025-12-01T22:25:30","modified_gmt":"2025-12-01T20:25:30","slug":"w-napo-dressipuksid","status":"publish","type":"product","link":"https:\/\/nautical.store\/fi\/tuote\/w-napo-dressipuksid\/","title":{"rendered":"PelleP Naisten Collegehousut Napo"},"content":{"rendered":"<p><!--StartFragment --><\/p>\n<p>Mukavat ja joustavat puuvillacollegehousut. Lahkeet kapenevat alasp\u00e4in, vy\u00f6t\u00e4r\u00f6 leve\u00e4 (6 cm) ja kiristysny\u00f6rill\u00e4. Vasemmassa lahkeessa PelleP\u2011logo.<\/p>\n<ul>\n<li>Koko S: lahkeen sis\u00e4pituus 86 cm<\/li>\n<li>Materiaali: 95 % puuvilla, 5 % elastaani<\/li>\n<\/ul>\n<p><!--EndFragment --><\/p>\n","protected":false},"excerpt":{"rendered":"<p>Naisten collegehousut<\/p>\n","protected":false},"featured_media":28086,"template":"","meta":{"_acf_changed":false},"pwb-brand":[838],"product_brand":[],"product_cat":[877,640,827,1260,2183],"product_tag":[],"woo-feed-brand":[],"class_list":{"0":"post-28844","1":"product","2":"type-product","3":"status-publish","4":"has-post-thumbnail","6":"pwb-brand-pelle-petterson-fi","7":"product_cat-edullinen-hinta-naiset","8":"product_cat-housut-fi","9":"product_cat-naiset","10":"product_cat-naisten-golfvaatteet","11":"product_cat-outlet-fi","13":"first","14":"instock","15":"sale","16":"taxable","17":"shipping-taxable","18":"purchasable","19":"product-type-variable","20":"wvs-archive-product-wrapper"},"acf":[],"brands":[{"id":838,"name":"Pelle Petterson","slug":"pelle-petterson-fi"}],"_links":{"self":[{"href":"https:\/\/nautical.store\/fi\/wp-json\/wp\/v2\/product\/28844","targetHints":{"allow":["GET"]}}],"collection":[{"href":"https:\/\/nautical.store\/fi\/wp-json\/wp\/v2\/product"}],"about":[{"href":"https:\/\/nautical.store\/fi\/wp-json\/wp\/v2\/types\/product"}],"wp:featuredmedia":[{"embeddable":true,"href":"https:\/\/nautical.store\/fi\/wp-json\/wp\/v2\/media\/28086"}],"wp:attachment":[{"href":"https:\/\/nautical.store\/fi\/wp-json\/wp\/v2\/media?parent=28844"}],"wp:term":[{"taxonomy":"pwb-brand","embeddable":true,"href":"https:\/\/nautical.store\/fi\/wp-json\/wp\/v2\/pwb-brand?post=28844"},{"taxonomy":"product_brand","embeddable":true,"href":"https:\/\/nautical.store\/fi\/wp-json\/wp\/v2\/product_brand?post=28844"},{"taxonomy":"product_cat","embeddable":true,"href":"https:\/\/nautical.store\/fi\/wp-json\/wp\/v2\/product_cat?post=28844"},{"taxonomy":"product_tag","embeddable":true,"href":"https:\/\/nautical.store\/fi\/wp-json\/wp\/v2\/product_tag?post=28844"},{"taxonomy":"woo-feed-brand","embeddable":true,"href":"https:\/\/nautical.store\/fi\/wp-json\/wp\/v2\/woo-feed-brand?post=28844"}],"curies":[{"name":"wp","href":"https:\/\/api.w.org\/{rel}","templated":true}]}}