{"id":28855,"date":"2022-04-29T12:06:17","date_gmt":"2022-04-29T09:06:17","guid":{"rendered":"https:\/\/www.nautical.store\/toode\/arc-ls\/"},"modified":"2023-10-20T10:07:54","modified_gmt":"2023-10-20T07:07:54","slug":"arc-ls-poolo","status":"publish","type":"product","link":"https:\/\/nautical.store\/fi\/tuote\/arc-ls-poolo\/","title":{"rendered":"Arc LS poolo"},"content":{"rendered":"<p>Miesten pitk\u00e4hihainen poolopaita. Ihanteellinen p\u00e4\u00e4llysvaate golfkent\u00e4lle tai kaupungille. Valmistettu mukavasta, joustavasta materiaalista.<\/p>\n","protected":false},"excerpt":{"rendered":"<p>Miesten pitk\u00e4hihainen poolopaita. Ihanteellinen p\u00e4\u00e4llysvaate golfkent\u00e4lle tai kaupungille. Valmistettu mukavasta, joustavasta materiaalista.<\/p>\n","protected":false},"featured_media":28067,"template":"","meta":{"_acf_changed":false},"pwb-brand":[838],"product_brand":[],"product_cat":[876,777,1259,633],"product_tag":[],"woo-feed-brand":[],"class_list":{"0":"post-28855","1":"product","2":"type-product","3":"status-publish","4":"has-post-thumbnail","6":"pwb-brand-pelle-petterson-fi","7":"product_cat-edullinen-hinta-miehet-fi","8":"product_cat-miehet","9":"product_cat-miesten-golfvaatteet","10":"product_cat-paidat-fi","12":"first","13":"instock","14":"sale","15":"taxable","16":"shipping-taxable","17":"purchasable","18":"product-type-variable","19":"wvs-archive-product-wrapper"},"acf":[],"brands":[{"id":838,"name":"Pelle Petterson","slug":"pelle-petterson-fi"}],"_links":{"self":[{"href":"https:\/\/nautical.store\/fi\/wp-json\/wp\/v2\/product\/28855","targetHints":{"allow":["GET"]}}],"collection":[{"href":"https:\/\/nautical.store\/fi\/wp-json\/wp\/v2\/product"}],"about":[{"href":"https:\/\/nautical.store\/fi\/wp-json\/wp\/v2\/types\/product"}],"wp:featuredmedia":[{"embeddable":true,"href":"https:\/\/nautical.store\/fi\/wp-json\/wp\/v2\/media\/28067"}],"wp:attachment":[{"href":"https:\/\/nautical.store\/fi\/wp-json\/wp\/v2\/media?parent=28855"}],"wp:term":[{"taxonomy":"pwb-brand","embeddable":true,"href":"https:\/\/nautical.store\/fi\/wp-json\/wp\/v2\/pwb-brand?post=28855"},{"taxonomy":"product_brand","embeddable":true,"href":"https:\/\/nautical.store\/fi\/wp-json\/wp\/v2\/product_brand?post=28855"},{"taxonomy":"product_cat","embeddable":true,"href":"https:\/\/nautical.store\/fi\/wp-json\/wp\/v2\/product_cat?post=28855"},{"taxonomy":"product_tag","embeddable":true,"href":"https:\/\/nautical.store\/fi\/wp-json\/wp\/v2\/product_tag?post=28855"},{"taxonomy":"woo-feed-brand","embeddable":true,"href":"https:\/\/nautical.store\/fi\/wp-json\/wp\/v2\/woo-feed-brand?post=28855"}],"curies":[{"name":"wp","href":"https:\/\/api.w.org\/{rel}","templated":true}]}}