{"id":28992,"date":"2022-04-11T10:31:36","date_gmt":"2022-04-11T07:31:36","guid":{"rendered":"https:\/\/www.nautical.store\/toode\/konrad-fullzip-wp\/"},"modified":"2023-10-20T13:24:57","modified_gmt":"2023-10-20T10:24:57","slug":"konrad-fullzip-tuulenpitava","status":"publish","type":"product","link":"https:\/\/nautical.store\/fi\/tuote\/konrad-fullzip-tuulenpitava\/","title":{"rendered":"Konrad Fullzip Tuulenpit\u00e4v\u00e4"},"content":{"rendered":"<p>Neulepusero, 100 % luomupuuvillaa. Hengitt\u00e4v\u00e4 tuulenpit\u00e4v\u00e4 vuori, vetoketjulliset etutaskut. Vett\u00e4 hylkiv\u00e4t somisteet olkap\u00e4ill\u00e4.<\/p>\n","protected":false},"excerpt":{"rendered":"<p>Neulepusero, 100 % luomupuuvillaa. Hengitt\u00e4v\u00e4 tuulenpit\u00e4v\u00e4 vuori, vetoketjulliset etutaskut. Vett\u00e4 hylkiv\u00e4t somisteet olkap\u00e4ill\u00e4.<\/p>\n","protected":false},"featured_media":26952,"template":"","meta":{"_acf_changed":false},"pwb-brand":[836],"product_brand":[],"product_cat":[876,1267,706],"product_tag":[],"woo-feed-brand":[],"class_list":{"0":"post-28992","1":"product","2":"type-product","3":"status-publish","4":"has-post-thumbnail","6":"pwb-brand-holebrook-fi","7":"product_cat-edullinen-hinta-miehet-fi","8":"product_cat-tuulenkestava-miestentakki","9":"product_cat-tuulenpitavat-miehet","11":"first","12":"instock","13":"sale","14":"taxable","15":"shipping-taxable","16":"purchasable","17":"product-type-variable","18":"wvs-archive-product-wrapper"},"acf":[],"brands":[{"id":836,"name":"Holebrook","slug":"holebrook-fi"}],"_links":{"self":[{"href":"https:\/\/nautical.store\/fi\/wp-json\/wp\/v2\/product\/28992","targetHints":{"allow":["GET"]}}],"collection":[{"href":"https:\/\/nautical.store\/fi\/wp-json\/wp\/v2\/product"}],"about":[{"href":"https:\/\/nautical.store\/fi\/wp-json\/wp\/v2\/types\/product"}],"wp:featuredmedia":[{"embeddable":true,"href":"https:\/\/nautical.store\/fi\/wp-json\/wp\/v2\/media\/26952"}],"wp:attachment":[{"href":"https:\/\/nautical.store\/fi\/wp-json\/wp\/v2\/media?parent=28992"}],"wp:term":[{"taxonomy":"pwb-brand","embeddable":true,"href":"https:\/\/nautical.store\/fi\/wp-json\/wp\/v2\/pwb-brand?post=28992"},{"taxonomy":"product_brand","embeddable":true,"href":"https:\/\/nautical.store\/fi\/wp-json\/wp\/v2\/product_brand?post=28992"},{"taxonomy":"product_cat","embeddable":true,"href":"https:\/\/nautical.store\/fi\/wp-json\/wp\/v2\/product_cat?post=28992"},{"taxonomy":"product_tag","embeddable":true,"href":"https:\/\/nautical.store\/fi\/wp-json\/wp\/v2\/product_tag?post=28992"},{"taxonomy":"woo-feed-brand","embeddable":true,"href":"https:\/\/nautical.store\/fi\/wp-json\/wp\/v2\/woo-feed-brand?post=28992"}],"curies":[{"name":"wp","href":"https:\/\/api.w.org\/{rel}","templated":true}]}}