{"id":28998,"date":"2022-04-01T12:39:17","date_gmt":"2022-04-01T09:39:17","guid":{"rendered":"https:\/\/www.nautical.store\/toode\/wp-dufflebag-40l\/"},"modified":"2026-04-03T15:01:42","modified_gmt":"2026-04-03T12:01:42","slug":"wp-kott-40l","status":"publish","type":"product","link":"https:\/\/nautical.store\/fi\/tuote\/wp-kott-40l\/","title":{"rendered":"PelleP Duffeli 40L"},"content":{"rendered":"<p>Vedenpit\u00e4v\u00e4 40 litran duffelilaukku, jossa on tukevat kantokahvat ja ilmanpoistoventtiili (air decompression vent).<\/p>\n<ul>\n<li>Materiaali: 100 % nailon<\/li>\n<li>Kest\u00e4v\u00e4 ja vedenpit\u00e4v\u00e4 materiaali<\/li>\n<li>Kantokahvat<\/li>\n<li>Ilmanpoistoventtiili<\/li>\n<li>Pelle P \u2011painatus<\/li>\n<li>Koko: 59 \u00d7 30 \u00d7 32 cm<\/li>\n<\/ul>\n","protected":false},"excerpt":{"rendered":"<p>Vedenpit\u00e4v\u00e4 Laukku 40L<\/p>\n","protected":false},"featured_media":26484,"template":"","meta":{"_acf_changed":false},"pwb-brand":[838],"product_brand":[],"product_cat":[926,628,629],"product_tag":[],"woo-feed-brand":[],"class_list":{"0":"post-28998","1":"product","2":"type-product","3":"status-publish","4":"has-post-thumbnail","6":"pwb-brand-pelle-petterson-fi","7":"product_cat-asusteet-fi","8":"product_cat-asusteet","9":"product_cat-asusteet-naiset","11":"first","12":"instock","13":"taxable","14":"shipping-taxable","15":"purchasable","16":"product-type-variable","17":"wvs-archive-product-wrapper"},"acf":[],"brands":[{"id":838,"name":"Pelle Petterson","slug":"pelle-petterson-fi"}],"_links":{"self":[{"href":"https:\/\/nautical.store\/fi\/wp-json\/wp\/v2\/product\/28998","targetHints":{"allow":["GET"]}}],"collection":[{"href":"https:\/\/nautical.store\/fi\/wp-json\/wp\/v2\/product"}],"about":[{"href":"https:\/\/nautical.store\/fi\/wp-json\/wp\/v2\/types\/product"}],"wp:featuredmedia":[{"embeddable":true,"href":"https:\/\/nautical.store\/fi\/wp-json\/wp\/v2\/media\/26484"}],"wp:attachment":[{"href":"https:\/\/nautical.store\/fi\/wp-json\/wp\/v2\/media?parent=28998"}],"wp:term":[{"taxonomy":"pwb-brand","embeddable":true,"href":"https:\/\/nautical.store\/fi\/wp-json\/wp\/v2\/pwb-brand?post=28998"},{"taxonomy":"product_brand","embeddable":true,"href":"https:\/\/nautical.store\/fi\/wp-json\/wp\/v2\/product_brand?post=28998"},{"taxonomy":"product_cat","embeddable":true,"href":"https:\/\/nautical.store\/fi\/wp-json\/wp\/v2\/product_cat?post=28998"},{"taxonomy":"product_tag","embeddable":true,"href":"https:\/\/nautical.store\/fi\/wp-json\/wp\/v2\/product_tag?post=28998"},{"taxonomy":"woo-feed-brand","embeddable":true,"href":"https:\/\/nautical.store\/fi\/wp-json\/wp\/v2\/woo-feed-brand?post=28998"}],"curies":[{"name":"wp","href":"https:\/\/api.w.org\/{rel}","templated":true}]}}