{"id":29001,"date":"2022-03-29T11:28:21","date_gmt":"2022-03-29T08:28:21","guid":{"rendered":"https:\/\/www.nautical.store\/toode\/sigvard-fullzip-wp\/"},"modified":"2023-10-20T14:05:23","modified_gmt":"2023-10-20T11:05:23","slug":"sigvard-tuulenpitava","status":"publish","type":"product","link":"https:\/\/nautical.store\/fi\/tuote\/sigvard-tuulenpitava\/","title":{"rendered":"Sigvard Tuulenpit\u00e4v\u00e4"},"content":{"rendered":"<p>Tuulenpit\u00e4v\u00e4ksi vuoritettu neuletakki. Takin tikatussa osassa on LavaLan-villat\u00e4yte.<\/p>\n<div class=\"CMS-Component CMS-ArticleField CMS-ArticleField-art_desc2 StreamlineCmsSection-node StreamlineCmsSection-node\" data-style-attr=\"Wrapper\" data-id=\"16128782108894950\">\n<div class=\"Preset-Primary-Text Preset-Primary-Font-Family Preset-Primary-Color SimpleStyles-16128782108894950-Field\" data-style-attr=\"Field\"><\/div>\n<\/div>\n<div class=\"CMS-Component CMS-TabsContainer StreamlineCmsSection-node\" data-id=\"1612897498676703\">\n<div class=\"Tabs SimpleStyles-1612897498676703-Wrapper\" data-style-attr=\"Wrapper\">\n<div class=\"Tabs-content\" data-style-attr=\"Content_Wrapper\">\n<div class=\"Tab Tab--active\" data-style-attr=\"Tab\" data-tab-index=\"1009945973-0\">\n<div class=\"CMS-Component CMS-Tab StreamlineCmsSection-node\" data-id=\"1612897518684360\">\n<div class=\"CMS-Component CMS-Component-Container Preset-Container-Max-Width Preset-Container-Margin SimpleStyles-16128981305579544-Container StreamlineCmsSection-node\" data-id=\"16128981305579544\">\n<div class=\"CMS-Component CMS-ArticleField CMS-ArticleField-propertykey_value StreamlineCmsSection-node StreamlineCmsSection-node\" data-style-attr=\"Wrapper\" data-id=\"16128990741154380\">\n<div class=\"Preset-Primary-Text Preset-Primary-Font-Family Preset-Primary-Color SimpleStyles-16128990741154380-Field SC-position-relative\" data-style-attr=\"Field\"><\/div>\n<\/div>\n<\/div>\n<\/div>\n<\/div>\n<\/div>\n<\/div>\n<\/div>\n","protected":false},"excerpt":{"rendered":"<p>Tuulenpit\u00e4v\u00e4ksi vuoritettu neuletakki. Takin tikatussa osassa on LavaLan-villat\u00e4yte.<\/p>\n","protected":false},"featured_media":25642,"template":"","meta":{"_acf_changed":false},"pwb-brand":[836],"product_brand":[],"product_cat":[876,777,1267,706],"product_tag":[],"woo-feed-brand":[],"class_list":{"0":"post-29001","1":"product","2":"type-product","3":"status-publish","4":"has-post-thumbnail","6":"pwb-brand-holebrook-fi","7":"product_cat-edullinen-hinta-miehet-fi","8":"product_cat-miehet","9":"product_cat-tuulenkestava-miestentakki","10":"product_cat-tuulenpitavat-miehet","12":"first","13":"instock","14":"sale","15":"taxable","16":"shipping-taxable","17":"purchasable","18":"product-type-variable","19":"wvs-archive-product-wrapper"},"acf":[],"brands":[{"id":836,"name":"Holebrook","slug":"holebrook-fi"}],"_links":{"self":[{"href":"https:\/\/nautical.store\/fi\/wp-json\/wp\/v2\/product\/29001","targetHints":{"allow":["GET"]}}],"collection":[{"href":"https:\/\/nautical.store\/fi\/wp-json\/wp\/v2\/product"}],"about":[{"href":"https:\/\/nautical.store\/fi\/wp-json\/wp\/v2\/types\/product"}],"wp:featuredmedia":[{"embeddable":true,"href":"https:\/\/nautical.store\/fi\/wp-json\/wp\/v2\/media\/25642"}],"wp:attachment":[{"href":"https:\/\/nautical.store\/fi\/wp-json\/wp\/v2\/media?parent=29001"}],"wp:term":[{"taxonomy":"pwb-brand","embeddable":true,"href":"https:\/\/nautical.store\/fi\/wp-json\/wp\/v2\/pwb-brand?post=29001"},{"taxonomy":"product_brand","embeddable":true,"href":"https:\/\/nautical.store\/fi\/wp-json\/wp\/v2\/product_brand?post=29001"},{"taxonomy":"product_cat","embeddable":true,"href":"https:\/\/nautical.store\/fi\/wp-json\/wp\/v2\/product_cat?post=29001"},{"taxonomy":"product_tag","embeddable":true,"href":"https:\/\/nautical.store\/fi\/wp-json\/wp\/v2\/product_tag?post=29001"},{"taxonomy":"woo-feed-brand","embeddable":true,"href":"https:\/\/nautical.store\/fi\/wp-json\/wp\/v2\/woo-feed-brand?post=29001"}],"curies":[{"name":"wp","href":"https:\/\/api.w.org\/{rel}","templated":true}]}}