{"id":29047,"date":"2022-03-22T09:58:54","date_gmt":"2022-03-22T07:58:54","guid":{"rendered":"https:\/\/www.nautical.store\/toode\/rakel-vest-windproof\/"},"modified":"2025-08-25T10:47:44","modified_gmt":"2025-08-25T07:47:44","slug":"rakel-vest-windproof","status":"publish","type":"product","link":"https:\/\/nautical.store\/fi\/tuote\/rakel-vest-windproof\/","title":{"rendered":"Rakel-tuulenpit\u00e4v\u00e4 liivi"},"content":{"rendered":"<p><!--StartFragment --><\/p>\n<p>Monimateriaalinen neulottu tuulenpit\u00e4v\u00e4 liivi pehme\u00e4st\u00e4 villasekoitteesta (80 % villaa \/ 20 % polyamidia).<\/p>\n<p>Kaksisuuntainen YKK-k\u00e4\u00e4nnett\u00e4v\u00e4 vetoketju edess\u00e4.<br \/>\nSivutaskut piilotetuilla vetoketjuilla.<br \/>\nTepattu Piumi-kangas LavaLan-villat\u00e4ytteell\u00e4 tuo lis\u00e4l\u00e4mp\u00f6\u00e4.<br \/>\nJoustavat reunat pit\u00e4v\u00e4t liivin paikoillaan aktiivisessa menossa.<br \/>\nNormaali mitoitus ja joustava tuulenpit\u00e4v\u00e4 vuori (96 % polyesteri\u00e4 \/ 4 % elastaania). <!--EndFragment --><\/p>\n","protected":false},"excerpt":{"rendered":"<p>Monimateriaalinen neulottu tuulenpit\u00e4v\u00e4 liivi<\/p>\n","protected":false},"featured_media":25358,"template":"","meta":{"_acf_changed":false},"pwb-brand":[836],"product_brand":[],"product_cat":[877,1260,1263,2183,710],"product_tag":[],"woo-feed-brand":[],"class_list":{"0":"post-29047","1":"product","2":"type-product","3":"status-publish","4":"has-post-thumbnail","6":"pwb-brand-holebrook-fi","7":"product_cat-edullinen-hinta-naiset","8":"product_cat-naisten-golfvaatteet","9":"product_cat-naisten-tuulenkestava-takki","10":"product_cat-outlet-fi","11":"product_cat-tuulenpitavat-naiset","13":"first","14":"instock","15":"sale","16":"taxable","17":"shipping-taxable","18":"purchasable","19":"product-type-variable","20":"wvs-archive-product-wrapper"},"acf":[],"brands":[{"id":836,"name":"Holebrook","slug":"holebrook-fi"}],"_links":{"self":[{"href":"https:\/\/nautical.store\/fi\/wp-json\/wp\/v2\/product\/29047","targetHints":{"allow":["GET"]}}],"collection":[{"href":"https:\/\/nautical.store\/fi\/wp-json\/wp\/v2\/product"}],"about":[{"href":"https:\/\/nautical.store\/fi\/wp-json\/wp\/v2\/types\/product"}],"wp:featuredmedia":[{"embeddable":true,"href":"https:\/\/nautical.store\/fi\/wp-json\/wp\/v2\/media\/25358"}],"wp:attachment":[{"href":"https:\/\/nautical.store\/fi\/wp-json\/wp\/v2\/media?parent=29047"}],"wp:term":[{"taxonomy":"pwb-brand","embeddable":true,"href":"https:\/\/nautical.store\/fi\/wp-json\/wp\/v2\/pwb-brand?post=29047"},{"taxonomy":"product_brand","embeddable":true,"href":"https:\/\/nautical.store\/fi\/wp-json\/wp\/v2\/product_brand?post=29047"},{"taxonomy":"product_cat","embeddable":true,"href":"https:\/\/nautical.store\/fi\/wp-json\/wp\/v2\/product_cat?post=29047"},{"taxonomy":"product_tag","embeddable":true,"href":"https:\/\/nautical.store\/fi\/wp-json\/wp\/v2\/product_tag?post=29047"},{"taxonomy":"woo-feed-brand","embeddable":true,"href":"https:\/\/nautical.store\/fi\/wp-json\/wp\/v2\/woo-feed-brand?post=29047"}],"curies":[{"name":"wp","href":"https:\/\/api.w.org\/{rel}","templated":true}]}}