{"id":29060,"date":"2022-03-21T17:28:36","date_gmt":"2022-03-21T15:28:36","guid":{"rendered":"https:\/\/www.nautical.store\/toode\/judit-hood-windproof\/"},"modified":"2025-08-25T10:06:20","modified_gmt":"2025-08-25T07:06:20","slug":"judith-huppu-tuulenpitava","status":"publish","type":"product","link":"https:\/\/nautical.store\/fi\/tuote\/judith-huppu-tuulenpitava\/","title":{"rendered":"Judith-tuulenpit\u00e4v\u00e4 huppu"},"content":{"rendered":"<p><!--StartFragment --><\/p>\n<p>Tasoneulottu tuulenpit\u00e4v\u00e4 villasekoitehuppari. Joustavat reunat ja peukalonrei\u00e4t.<br \/>\nRento mitoitus.<\/p>\n<p>Materiaali: 80 % villaa \/ 20 % polyamidia<!--EndFragment --><\/p>\n","protected":false},"excerpt":{"rendered":"<p>Vuorillinen villapaita hupulla<\/p>\n","protected":false},"featured_media":25302,"template":"","meta":{"_acf_changed":false},"pwb-brand":[836],"product_brand":[],"product_cat":[877,1263,2183,710],"product_tag":[],"woo-feed-brand":[],"class_list":{"0":"post-29060","1":"product","2":"type-product","3":"status-publish","4":"has-post-thumbnail","6":"pwb-brand-holebrook-fi","7":"product_cat-edullinen-hinta-naiset","8":"product_cat-naisten-tuulenkestava-takki","9":"product_cat-outlet-fi","10":"product_cat-tuulenpitavat-naiset","12":"first","13":"instock","14":"sale","15":"taxable","16":"shipping-taxable","17":"purchasable","18":"product-type-variable","19":"wvs-archive-product-wrapper"},"acf":[],"brands":[{"id":836,"name":"Holebrook","slug":"holebrook-fi"}],"_links":{"self":[{"href":"https:\/\/nautical.store\/fi\/wp-json\/wp\/v2\/product\/29060","targetHints":{"allow":["GET"]}}],"collection":[{"href":"https:\/\/nautical.store\/fi\/wp-json\/wp\/v2\/product"}],"about":[{"href":"https:\/\/nautical.store\/fi\/wp-json\/wp\/v2\/types\/product"}],"wp:featuredmedia":[{"embeddable":true,"href":"https:\/\/nautical.store\/fi\/wp-json\/wp\/v2\/media\/25302"}],"wp:attachment":[{"href":"https:\/\/nautical.store\/fi\/wp-json\/wp\/v2\/media?parent=29060"}],"wp:term":[{"taxonomy":"pwb-brand","embeddable":true,"href":"https:\/\/nautical.store\/fi\/wp-json\/wp\/v2\/pwb-brand?post=29060"},{"taxonomy":"product_brand","embeddable":true,"href":"https:\/\/nautical.store\/fi\/wp-json\/wp\/v2\/product_brand?post=29060"},{"taxonomy":"product_cat","embeddable":true,"href":"https:\/\/nautical.store\/fi\/wp-json\/wp\/v2\/product_cat?post=29060"},{"taxonomy":"product_tag","embeddable":true,"href":"https:\/\/nautical.store\/fi\/wp-json\/wp\/v2\/product_tag?post=29060"},{"taxonomy":"woo-feed-brand","embeddable":true,"href":"https:\/\/nautical.store\/fi\/wp-json\/wp\/v2\/woo-feed-brand?post=29060"}],"curies":[{"name":"wp","href":"https:\/\/api.w.org\/{rel}","templated":true}]}}