{"id":29069,"date":"2022-03-21T16:58:31","date_gmt":"2022-03-21T14:58:31","guid":{"rendered":"https:\/\/www.nautical.store\/toode\/p-hoodie\/"},"modified":"2025-07-15T21:39:12","modified_gmt":"2025-07-15T18:39:12","slug":"p-huppari","status":"publish","type":"product","link":"https:\/\/nautical.store\/fi\/tuote\/p-huppari\/","title":{"rendered":"PelleP Huppari \u2013 P-Hoodie"},"content":{"rendered":"<p>Mukava ja pehme\u00e4 miesten huppari, joka sopii t\u00e4ydellisesti arkeen ja vapaa-aikaan. Edess\u00e4 kaksi k\u00e4yt\u00e4nn\u00f6llist\u00e4 taskua ja kiinte\u00e4 huppu, jonka s\u00e4\u00e4t\u00f6naruilla saat istuvuuden juuri kohdilleen.<br \/>\nMateriaalina miellytt\u00e4v\u00e4 puuvillaseos (80 % puuvillaa, 20 % polyesteri\u00e4), joka tuntuu pehme\u00e4lt\u00e4 ja kest\u00e4\u00e4 k\u00e4ytt\u00f6\u00e4.<br \/>\nYksityiskohdat:<\/p>\n<ul>\n<li>\u00a0Vetoketjullinen tasku vasemmassa hihassa<\/li>\n<li>Kiinte\u00e4 huppu s\u00e4\u00e4dett\u00e4vill\u00e4 naruilla<\/li>\n<li>2 etutaskua<\/li>\n<li>P-logon brodeeraus rinnassa<\/li>\n<li>\u00a0P-logomerkki vasemmassa hihassa<\/li>\n<li>\u00a0P-logon brodeeraus hupussa<\/li>\n<\/ul>\n","protected":false},"excerpt":{"rendered":"<p>Pehme ja mukava collegepaita.<\/p>\n","protected":false},"featured_media":25927,"template":"","meta":{"_acf_changed":false},"pwb-brand":[838],"product_brand":[],"product_cat":[716,777],"product_tag":[],"woo-feed-brand":[],"class_list":{"0":"post-29069","1":"product","2":"type-product","3":"status-publish","4":"has-post-thumbnail","6":"pwb-brand-pelle-petterson-fi","7":"product_cat-hupparit-ja-fleecet-miehet","8":"product_cat-miehet","10":"first","11":"instock","12":"taxable","13":"shipping-taxable","14":"purchasable","15":"product-type-variable","16":"wvs-archive-product-wrapper"},"acf":[],"brands":[{"id":838,"name":"Pelle Petterson","slug":"pelle-petterson-fi"}],"_links":{"self":[{"href":"https:\/\/nautical.store\/fi\/wp-json\/wp\/v2\/product\/29069","targetHints":{"allow":["GET"]}}],"collection":[{"href":"https:\/\/nautical.store\/fi\/wp-json\/wp\/v2\/product"}],"about":[{"href":"https:\/\/nautical.store\/fi\/wp-json\/wp\/v2\/types\/product"}],"wp:featuredmedia":[{"embeddable":true,"href":"https:\/\/nautical.store\/fi\/wp-json\/wp\/v2\/media\/25927"}],"wp:attachment":[{"href":"https:\/\/nautical.store\/fi\/wp-json\/wp\/v2\/media?parent=29069"}],"wp:term":[{"taxonomy":"pwb-brand","embeddable":true,"href":"https:\/\/nautical.store\/fi\/wp-json\/wp\/v2\/pwb-brand?post=29069"},{"taxonomy":"product_brand","embeddable":true,"href":"https:\/\/nautical.store\/fi\/wp-json\/wp\/v2\/product_brand?post=29069"},{"taxonomy":"product_cat","embeddable":true,"href":"https:\/\/nautical.store\/fi\/wp-json\/wp\/v2\/product_cat?post=29069"},{"taxonomy":"product_tag","embeddable":true,"href":"https:\/\/nautical.store\/fi\/wp-json\/wp\/v2\/product_tag?post=29069"},{"taxonomy":"woo-feed-brand","embeddable":true,"href":"https:\/\/nautical.store\/fi\/wp-json\/wp\/v2\/woo-feed-brand?post=29069"}],"curies":[{"name":"wp","href":"https:\/\/api.w.org\/{rel}","templated":true}]}}