{"id":29221,"date":"2022-05-26T11:17:37","date_gmt":"2022-05-26T08:17:37","guid":{"rendered":"https:\/\/www.nautical.store\/toode\/jr-swim-shorts\/"},"modified":"2026-03-12T09:58:30","modified_gmt":"2026-03-12T07:58:30","slug":"jr-uimahousut","status":"publish","type":"product","link":"https:\/\/nautical.store\/fi\/tuote\/jr-uimahousut\/","title":{"rendered":"Pelle P Lasten Uimashortsit"},"content":{"rendered":"<p><!--StartFragment --><\/p>\n<p>Materiaali: 100 % polyesteri\u00e4<\/p>\n<ul>\n<li>Nopea\u00adsti kuivuva kangas pehme\u00e4ll\u00e4 pinnalla<\/li>\n<li>Joustava vy\u00f6t\u00e4r\u00f6 s\u00e4\u00e4dett\u00e4v\u00e4ll\u00e4 ny\u00f6rill\u00e4<\/li>\n<li>Kaksi sivutaskua verkkovuorella<\/li>\n<li>True Experience \u2011logopainatus sivuilla<\/li>\n<li>Kontrastiyksityiskohdat<\/li>\n<li>Verkkovuori<\/li>\n<\/ul>\n<p><!--EndFragment --><\/p>\n","protected":false},"excerpt":{"rendered":"<p>Lasten uimashortsit taskuilla<\/p>\n","protected":false},"featured_media":29189,"template":"","meta":{"_acf_changed":false},"pwb-brand":[838],"product_brand":[],"product_cat":[826],"product_tag":[],"woo-feed-brand":[],"class_list":{"0":"post-29221","1":"product","2":"type-product","3":"status-publish","4":"has-post-thumbnail","6":"pwb-brand-pelle-petterson-fi","7":"product_cat-lapset","9":"first","10":"instock","11":"taxable","12":"shipping-taxable","13":"purchasable","14":"product-type-variable","15":"wvs-archive-product-wrapper"},"acf":[],"brands":[{"id":838,"name":"Pelle Petterson","slug":"pelle-petterson-fi"}],"_links":{"self":[{"href":"https:\/\/nautical.store\/fi\/wp-json\/wp\/v2\/product\/29221","targetHints":{"allow":["GET"]}}],"collection":[{"href":"https:\/\/nautical.store\/fi\/wp-json\/wp\/v2\/product"}],"about":[{"href":"https:\/\/nautical.store\/fi\/wp-json\/wp\/v2\/types\/product"}],"wp:featuredmedia":[{"embeddable":true,"href":"https:\/\/nautical.store\/fi\/wp-json\/wp\/v2\/media\/29189"}],"wp:attachment":[{"href":"https:\/\/nautical.store\/fi\/wp-json\/wp\/v2\/media?parent=29221"}],"wp:term":[{"taxonomy":"pwb-brand","embeddable":true,"href":"https:\/\/nautical.store\/fi\/wp-json\/wp\/v2\/pwb-brand?post=29221"},{"taxonomy":"product_brand","embeddable":true,"href":"https:\/\/nautical.store\/fi\/wp-json\/wp\/v2\/product_brand?post=29221"},{"taxonomy":"product_cat","embeddable":true,"href":"https:\/\/nautical.store\/fi\/wp-json\/wp\/v2\/product_cat?post=29221"},{"taxonomy":"product_tag","embeddable":true,"href":"https:\/\/nautical.store\/fi\/wp-json\/wp\/v2\/product_tag?post=29221"},{"taxonomy":"woo-feed-brand","embeddable":true,"href":"https:\/\/nautical.store\/fi\/wp-json\/wp\/v2\/woo-feed-brand?post=29221"}],"curies":[{"name":"wp","href":"https:\/\/api.w.org\/{rel}","templated":true}]}}