{"id":29593,"date":"2022-06-02T11:08:22","date_gmt":"2022-06-02T08:08:22","guid":{"rendered":"https:\/\/www.nautical.store\/toode\/defender-iii-race-jacket\/"},"modified":"2023-12-21T14:30:35","modified_gmt":"2023-12-21T12:30:35","slug":"defender-iii-race-purjehdustakki","status":"publish","type":"product","link":"https:\/\/nautical.store\/fi\/tuote\/defender-iii-race-purjehdustakki\/","title":{"rendered":"Defender III Race Purjehdustakki"},"content":{"rendered":"<p>Defender III -malliston takki on nelikerroksista Hi:res\u00ae 2&#215;2 SW4L -kangasta. T\u00e4ysin venyv\u00e4 ja tuulen- sek\u00e4  vedenpit\u00e4v\u00e4 kangas, joka on my\u00f6s erinomaisen hengitt\u00e4v\u00e4. Kaikki saumat on vahvistettu. Defender III Race -takissa on muotoillut hihat sek\u00e4 sivukappalleet t\u00e4ydellisen liikkuvuuden varmistamiseksi. Takki on t\u00e4ysin tuulen- ja vedenkest\u00e4v\u00e4, ja takissa on my\u00f6s YKK AquaGuard -vetoketjut. Hengitt\u00e4vyydest\u00e4 ei ole kuitenkaan tingitty. Hupun kiinnike on vahvistettu, ja huppu voidaan piilottaa kaulukseen. Kauluksessa on laminoitua fleecekangasta. Hihojen sis\u00e4hihansuut ovat joustavaa PU-kangasta, joka pit\u00e4\u00e4 veden ja tuulen takin ulkopuolella, sek\u00e4 my\u00f6s tarranauhat. Materiaali: 94 % nailon, 6 % spandex. Nelikerroksinen kangas DWR20\/70. W\/P 30 000, MVP 15 000 g\/m2\/24hrs.<\/p>\n","protected":false},"excerpt":{"rendered":"<p>Defender III -malliston takki on nelikerroksista Hi:res\u00ae 2&#215;2 SW4L -kangasta. T\u00e4ysin venyv\u00e4 ja tuulen- sek\u00e4 vedenpit\u00e4v\u00e4 kangas, joka on my\u00f6s erinomaisen hengitt\u00e4v\u00e4. Kaikki saumat on vahvistettu. Defender III Race -takissa on muotoillut hihat sek\u00e4 sivukappalleet t\u00e4ydellisen liikkuvuuden varmistamiseksi. Takki on t\u00e4ysin tuulen- ja vedenkest\u00e4v\u00e4, ja takissa on my\u00f6s YKK AquaGuard -vetoketjut. Hengitt\u00e4vyydest\u00e4 ei ole kuitenkaan [&hellip;]<\/p>\n","protected":false},"featured_media":29569,"template":"","meta":{"_acf_changed":false},"pwb-brand":[838],"product_brand":[],"product_cat":[1261,702,682],"product_tag":[],"woo-feed-brand":[],"class_list":{"0":"post-29593","1":"product","2":"type-product","3":"status-publish","4":"has-post-thumbnail","6":"pwb-brand-pelle-petterson-fi","7":"product_cat-miesten-purjehdusvaatteet","8":"product_cat-paallysvaatteet-miehet","9":"product_cat-tekniset-vaatteet","11":"first","12":"outofstock","13":"taxable","14":"shipping-taxable","15":"product-type-variable","16":"wvs-archive-product-wrapper"},"acf":[],"brands":[{"id":838,"name":"Pelle Petterson","slug":"pelle-petterson-fi"}],"_links":{"self":[{"href":"https:\/\/nautical.store\/fi\/wp-json\/wp\/v2\/product\/29593","targetHints":{"allow":["GET"]}}],"collection":[{"href":"https:\/\/nautical.store\/fi\/wp-json\/wp\/v2\/product"}],"about":[{"href":"https:\/\/nautical.store\/fi\/wp-json\/wp\/v2\/types\/product"}],"wp:featuredmedia":[{"embeddable":true,"href":"https:\/\/nautical.store\/fi\/wp-json\/wp\/v2\/media\/29569"}],"wp:attachment":[{"href":"https:\/\/nautical.store\/fi\/wp-json\/wp\/v2\/media?parent=29593"}],"wp:term":[{"taxonomy":"pwb-brand","embeddable":true,"href":"https:\/\/nautical.store\/fi\/wp-json\/wp\/v2\/pwb-brand?post=29593"},{"taxonomy":"product_brand","embeddable":true,"href":"https:\/\/nautical.store\/fi\/wp-json\/wp\/v2\/product_brand?post=29593"},{"taxonomy":"product_cat","embeddable":true,"href":"https:\/\/nautical.store\/fi\/wp-json\/wp\/v2\/product_cat?post=29593"},{"taxonomy":"product_tag","embeddable":true,"href":"https:\/\/nautical.store\/fi\/wp-json\/wp\/v2\/product_tag?post=29593"},{"taxonomy":"woo-feed-brand","embeddable":true,"href":"https:\/\/nautical.store\/fi\/wp-json\/wp\/v2\/woo-feed-brand?post=29593"}],"curies":[{"name":"wp","href":"https:\/\/api.w.org\/{rel}","templated":true}]}}