{"id":30080,"date":"2022-06-08T15:01:55","date_gmt":"2022-06-08T12:01:55","guid":{"rendered":"https:\/\/www.nautical.store\/toode\/fast-dry-shorts\/"},"modified":"2025-10-22T16:57:31","modified_gmt":"2025-10-22T13:57:31","slug":"fast-dry-shortsit","status":"publish","type":"product","link":"https:\/\/nautical.store\/fi\/tuote\/fast-dry-shortsit\/","title":{"rendered":"PelleP Fast Dry -miesten shortsit"},"content":{"rendered":"<p><!--StartFragment --><\/p>\n<p>Fast Dry -housut on valmistettu vedenpit\u00e4v\u00e4st\u00e4 ja nopeasti kuivuvasta Ripstop-materiaalista, jossa on SPF 40 -aurinkosuoja. Housuissa on useita k\u00e4yt\u00e4nn\u00f6llisi\u00e4 taskuja, normaali mitoitus ja mukana tulee PelleP-vy\u00f6.<\/p>\n<p><strong>Materiaalit ja ominaisuudet:<\/strong><\/p>\n<ul>\n<li>Materiaali: 100 % polyamidi<\/li>\n<li>Nopeasti kuivuva Ripstop-p\u00e4\u00e4kangas<\/li>\n<li>Taskut verkkovuorilla<\/li>\n<li>Kaksi tavallista etutaskua<\/li>\n<li>Kaksi vetoketjullista reisitaskua<\/li>\n<li>Kaksi vetoketjullista takataskua<\/li>\n<li>Vetoketjukiinnitys edess\u00e4<\/li>\n<li>Neppari, jossa Pelle P -logo<\/li>\n<li>Kontrastiv\u00e4rinen siksak-tikkaus sivusaumoissa<\/li>\n<li>Pelle P -logokirjonta vasemmassa lahkeessa ja takavy\u00f6lenkiss\u00e4<\/li>\n<li>&#8221;Navigare necesse est&#8221; -painatus vy\u00f6t\u00e4r\u00f6n sis\u00e4puolella<\/li>\n<li>Normaali mitoitus<\/li>\n<li>Mukana PelleP-vy\u00f6<\/li>\n<\/ul>\n<p><!--EndFragment --><\/p>\n","protected":false},"excerpt":{"rendered":"<p>Nopeasti kuivuvat tekniset shortsit<\/p>\n","protected":false},"featured_media":44751,"template":"","meta":{"_acf_changed":false},"pwb-brand":[838],"product_brand":[],"product_cat":[610,777,1261],"product_tag":[],"woo-feed-brand":[],"class_list":{"0":"post-30080","1":"product","2":"type-product","3":"status-publish","4":"has-post-thumbnail","6":"pwb-brand-pelle-petterson-fi","7":"product_cat-housut","8":"product_cat-miehet","9":"product_cat-miesten-purjehdusvaatteet","11":"first","12":"instock","13":"taxable","14":"shipping-taxable","15":"purchasable","16":"product-type-variable","17":"wvs-archive-product-wrapper"},"acf":[],"brands":[{"id":838,"name":"Pelle Petterson","slug":"pelle-petterson-fi"}],"_links":{"self":[{"href":"https:\/\/nautical.store\/fi\/wp-json\/wp\/v2\/product\/30080","targetHints":{"allow":["GET"]}}],"collection":[{"href":"https:\/\/nautical.store\/fi\/wp-json\/wp\/v2\/product"}],"about":[{"href":"https:\/\/nautical.store\/fi\/wp-json\/wp\/v2\/types\/product"}],"wp:featuredmedia":[{"embeddable":true,"href":"https:\/\/nautical.store\/fi\/wp-json\/wp\/v2\/media\/44751"}],"wp:attachment":[{"href":"https:\/\/nautical.store\/fi\/wp-json\/wp\/v2\/media?parent=30080"}],"wp:term":[{"taxonomy":"pwb-brand","embeddable":true,"href":"https:\/\/nautical.store\/fi\/wp-json\/wp\/v2\/pwb-brand?post=30080"},{"taxonomy":"product_brand","embeddable":true,"href":"https:\/\/nautical.store\/fi\/wp-json\/wp\/v2\/product_brand?post=30080"},{"taxonomy":"product_cat","embeddable":true,"href":"https:\/\/nautical.store\/fi\/wp-json\/wp\/v2\/product_cat?post=30080"},{"taxonomy":"product_tag","embeddable":true,"href":"https:\/\/nautical.store\/fi\/wp-json\/wp\/v2\/product_tag?post=30080"},{"taxonomy":"woo-feed-brand","embeddable":true,"href":"https:\/\/nautical.store\/fi\/wp-json\/wp\/v2\/woo-feed-brand?post=30080"}],"curies":[{"name":"wp","href":"https:\/\/api.w.org\/{rel}","templated":true}]}}