{"id":30145,"date":"2022-06-09T11:31:28","date_gmt":"2022-06-09T08:31:28","guid":{"rendered":"https:\/\/www.nautical.store\/toode\/w-plannard-zip\/"},"modified":"2025-12-03T17:05:25","modified_gmt":"2025-12-03T15:05:25","slug":"n-collegepaita-plannard-zip","status":"publish","type":"product","link":"https:\/\/nautical.store\/fi\/tuote\/n-collegepaita-plannard-zip\/","title":{"rendered":"PelleP Naisten Plannard fleece"},"content":{"rendered":"<p><!--StartFragment --><\/p>\n<p>Naisten vy\u00f6t\u00e4r\u00f6\u00f6n muotoiltu fleece on valmistettu PLANNARD GRID\u00ae nelisuuntaisesta joustokankaasta, joka mukautuu kehon liikkeisiin. Sile\u00e4 ulkopinta ja verkkokuvioinen sis\u00e4pinta takaavat kosteuden hallinnan ja hengitt\u00e4vyyden. T\u00e4yspitk\u00e4 vetoketju, kaksi vetoketjullista etutaskua sek\u00e4 heijastavat yksityiskohdat lis\u00e4\u00e4v\u00e4t tuotteen k\u00e4yt\u00e4nn\u00f6llisyytt\u00e4 ja n\u00e4kyvyytt\u00e4.<\/p>\n<ul>\n<li>Materiaali: 100% polyesteri<\/li>\n<li>PLANNARD GRID\u00ae 4\u2011way stretch kangas<\/li>\n<li>Sile\u00e4 ulkopinta, verkkorakenne sis\u00e4ll\u00e4, kontrastiyksityiskohdat<\/li>\n<li>Vy\u00f6t\u00e4r\u00f6\u00f6n muotoiltu malli<\/li>\n<li>T\u00e4yspitk\u00e4 k\u00e4\u00e4nnetty spiraalivetoketju edess\u00e4<\/li>\n<li>2 etutaskua piilotetulla vetoketjulla<\/li>\n<li>P\u2011logo kumimerkki vasemmassa hihassa<\/li>\n<li>Pelle P heijastava printti vasemmalla rinnassa<\/li>\n<li>P\u2011logo heijastava printti sel\u00e4ss\u00e4<\/li>\n<\/ul>\n<p><!--EndFragment --><\/p>\n","protected":false},"excerpt":{"rendered":"<p>Naisten fleece<\/p>\n","protected":false},"featured_media":89784,"template":"","meta":{"_acf_changed":false},"pwb-brand":[838],"product_brand":[],"product_cat":[688,1260,1262,726],"product_tag":[],"woo-feed-brand":[],"class_list":{"0":"post-30145","1":"product","2":"type-product","3":"status-publish","4":"has-post-thumbnail","6":"pwb-brand-pelle-petterson-fi","7":"product_cat-hupparit-ja-fleecet","8":"product_cat-naisten-golfvaatteet","9":"product_cat-naisten-purjehdusvaatteet","10":"product_cat-tekniset-vaatteet-naiset","12":"first","13":"instock","14":"taxable","15":"shipping-taxable","16":"purchasable","17":"product-type-variable","18":"wvs-archive-product-wrapper"},"acf":[],"brands":[{"id":838,"name":"Pelle Petterson","slug":"pelle-petterson-fi"}],"_links":{"self":[{"href":"https:\/\/nautical.store\/fi\/wp-json\/wp\/v2\/product\/30145","targetHints":{"allow":["GET"]}}],"collection":[{"href":"https:\/\/nautical.store\/fi\/wp-json\/wp\/v2\/product"}],"about":[{"href":"https:\/\/nautical.store\/fi\/wp-json\/wp\/v2\/types\/product"}],"wp:featuredmedia":[{"embeddable":true,"href":"https:\/\/nautical.store\/fi\/wp-json\/wp\/v2\/media\/89784"}],"wp:attachment":[{"href":"https:\/\/nautical.store\/fi\/wp-json\/wp\/v2\/media?parent=30145"}],"wp:term":[{"taxonomy":"pwb-brand","embeddable":true,"href":"https:\/\/nautical.store\/fi\/wp-json\/wp\/v2\/pwb-brand?post=30145"},{"taxonomy":"product_brand","embeddable":true,"href":"https:\/\/nautical.store\/fi\/wp-json\/wp\/v2\/product_brand?post=30145"},{"taxonomy":"product_cat","embeddable":true,"href":"https:\/\/nautical.store\/fi\/wp-json\/wp\/v2\/product_cat?post=30145"},{"taxonomy":"product_tag","embeddable":true,"href":"https:\/\/nautical.store\/fi\/wp-json\/wp\/v2\/product_tag?post=30145"},{"taxonomy":"woo-feed-brand","embeddable":true,"href":"https:\/\/nautical.store\/fi\/wp-json\/wp\/v2\/woo-feed-brand?post=30145"}],"curies":[{"name":"wp","href":"https:\/\/api.w.org\/{rel}","templated":true}]}}