{"id":30197,"date":"2022-06-09T12:51:38","date_gmt":"2022-06-09T09:51:38","guid":{"rendered":"https:\/\/www.nautical.store\/?post_type=product&#038;p=30197"},"modified":"2023-10-20T09:59:23","modified_gmt":"2023-10-20T06:59:23","slug":"collegepaita-plannard-zip","status":"publish","type":"product","link":"https:\/\/nautical.store\/fi\/tuote\/collegepaita-plannard-zip\/","title":{"rendered":"Collegepaita Plannard Zip"},"content":{"rendered":"<p>Mukava collegepaita, joka pit\u00e4\u00e4 kehosi kuivana ja l\u00e4mpim\u00e4n\u00e4. Erityinen stretch-materiaali ei est\u00e4 liikkumista.<\/p>\n<ul>\n<li>PLANNARD GRID\u00ae nelisuuntainen stretch-kangas.<\/li>\n<li>Kosteutta siirt\u00e4v\u00e4<\/li>\n<li>Tiukka istuvuus<\/li>\n<li>Kaksi vetoketjullista etutaskua<\/li>\n<\/ul>\n","protected":false},"excerpt":{"rendered":"<p>Mukava p\u00e4\u00e4ll\u00e4.<\/p>\n","protected":false},"featured_media":30159,"template":"","meta":{"_acf_changed":false},"pwb-brand":[838],"product_brand":[],"product_cat":[716,777,1259,1261,682],"product_tag":[],"woo-feed-brand":[],"class_list":{"0":"post-30197","1":"product","2":"type-product","3":"status-publish","4":"has-post-thumbnail","6":"pwb-brand-pelle-petterson-fi","7":"product_cat-hupparit-ja-fleecet-miehet","8":"product_cat-miehet","9":"product_cat-miesten-golfvaatteet","10":"product_cat-miesten-purjehdusvaatteet","11":"product_cat-tekniset-vaatteet","13":"first","14":"instock","15":"taxable","16":"shipping-taxable","17":"purchasable","18":"product-type-variable","19":"wvs-archive-product-wrapper"},"acf":[],"brands":[{"id":838,"name":"Pelle Petterson","slug":"pelle-petterson-fi"}],"_links":{"self":[{"href":"https:\/\/nautical.store\/fi\/wp-json\/wp\/v2\/product\/30197","targetHints":{"allow":["GET"]}}],"collection":[{"href":"https:\/\/nautical.store\/fi\/wp-json\/wp\/v2\/product"}],"about":[{"href":"https:\/\/nautical.store\/fi\/wp-json\/wp\/v2\/types\/product"}],"wp:featuredmedia":[{"embeddable":true,"href":"https:\/\/nautical.store\/fi\/wp-json\/wp\/v2\/media\/30159"}],"wp:attachment":[{"href":"https:\/\/nautical.store\/fi\/wp-json\/wp\/v2\/media?parent=30197"}],"wp:term":[{"taxonomy":"pwb-brand","embeddable":true,"href":"https:\/\/nautical.store\/fi\/wp-json\/wp\/v2\/pwb-brand?post=30197"},{"taxonomy":"product_brand","embeddable":true,"href":"https:\/\/nautical.store\/fi\/wp-json\/wp\/v2\/product_brand?post=30197"},{"taxonomy":"product_cat","embeddable":true,"href":"https:\/\/nautical.store\/fi\/wp-json\/wp\/v2\/product_cat?post=30197"},{"taxonomy":"product_tag","embeddable":true,"href":"https:\/\/nautical.store\/fi\/wp-json\/wp\/v2\/product_tag?post=30197"},{"taxonomy":"woo-feed-brand","embeddable":true,"href":"https:\/\/nautical.store\/fi\/wp-json\/wp\/v2\/woo-feed-brand?post=30197"}],"curies":[{"name":"wp","href":"https:\/\/api.w.org\/{rel}","templated":true}]}}